{"id":876,"date":"2013-03-14T13:49:52","date_gmt":"2013-03-14T12:49:52","guid":{"rendered":"http:\/\/tobiseskader.se\/?page_id=876"},"modified":"2017-02-05T19:20:53","modified_gmt":"2017-02-05T18:20:53","slug":"inte-bara-segling","status":"publish","type":"page","link":"https:\/\/tobiseskader.se\/?page_id=876","title":{"rendered":"2013 Myr\u00e4ngsg\u00e5rden bilder"},"content":{"rendered":"<h1 style=\"text-align: center;\">2013 Vinterhelg p\u00e5 Myr\u00e4ngsg\u00e5rden i Mora<\/h1>\n<p><!--\n[album: http:\/\/tobiseskader.se\/wp-content\/plugins\/dm-albums\/dm-albums.php?currdir=\/wp-content\/uploads\/dm-albums\/Myrngsgrden\/]\n--><br \/>\nngg_shortcode_0_placeholder<\/p>\n","protected":false},"excerpt":{"rendered":"<p>2013 Vinterhelg p\u00e5 Myr\u00e4ngsg\u00e5rden i Mora<\/p>\n","protected":false},"author":3,"featured_media":0,"parent":892,"menu_order":10,"comment_status":"closed","ping_status":"closed","template":"","meta":{"ngg_post_thumbnail":0,"footnotes":""},"class_list":["post-876","page","type-page","status-publish","hentry"],"_links":{"self":[{"href":"https:\/\/tobiseskader.se\/index.php?rest_route=\/wp\/v2\/pages\/876","targetHints":{"allow":["GET"]}}],"collection":[{"href":"https:\/\/tobiseskader.se\/index.php?rest_route=\/wp\/v2\/pages"}],"about":[{"href":"https:\/\/tobiseskader.se\/index.php?rest_route=\/wp\/v2\/types\/page"}],"author":[{"embeddable":true,"href":"https:\/\/tobiseskader.se\/index.php?rest_route=\/wp\/v2\/users\/3"}],"replies":[{"embeddable":true,"href":"https:\/\/tobiseskader.se\/index.php?rest_route=%2Fwp%2Fv2%2Fcomments&post=876"}],"version-history":[{"count":12,"href":"https:\/\/tobiseskader.se\/index.php?rest_route=\/wp\/v2\/pages\/876\/revisions"}],"predecessor-version":[{"id":3176,"href":"https:\/\/tobiseskader.se\/index.php?rest_route=\/wp\/v2\/pages\/876\/revisions\/3176"}],"up":[{"embeddable":true,"href":"https:\/\/tobiseskader.se\/index.php?rest_route=\/wp\/v2\/pages\/892"}],"wp:attachment":[{"href":"https:\/\/tobiseskader.se\/index.php?rest_route=%2Fwp%2Fv2%2Fmedia&parent=876"}],"curies":[{"name":"wp","href":"https:\/\/api.w.org\/{rel}","templated":true}]}}