{"id":799,"date":"2013-02-14T15:22:09","date_gmt":"2013-02-14T14:22:09","guid":{"rendered":"http:\/\/tobiseskader.se\/?page_id=799"},"modified":"2023-02-07T12:41:59","modified_gmt":"2023-02-07T11:41:59","slug":"tips-for-hyrbat","status":"publish","type":"page","link":"https:\/\/tobiseskader.se\/?page_id=799","title":{"rendered":"Tips f\u00f6r hyrb\u00e5t"},"content":{"rendered":"<h1>TIPS F\u00d6R HYRB\u00c5T<\/h1>\n<p>Fj\u00e4rrflykter genomf\u00f6rs genom att hyra b\u00e5tar p\u00e5 annan ort. Det \u00e4r n\u00e4stan alltid n\u00e5gra problem med hyrb\u00e5tar. Nedan \u00e4r n\u00e5gra tips som kan underl\u00e4tta vid b\u00e5thyrning. Kommentera g\u00e4rna med mer tips!<\/p>\n<h2>Utrustning att ta med:<\/h2>\n<ul>\n<li><strong>Ink\u00f6pslista<\/strong> &#8211; Ha en f\u00e4rdig lista med vara och m\u00e4ngd. Det \u00e4r l\u00e4tt att k\u00f6pa f\u00f6r mycket.<\/li>\n<li><strong>Svensk flagga<\/strong> &#8211; En liten svensk flagg som visar &#8221;svenskar ombord&#8221;.<\/li>\n<li><strong>T<\/strong><strong>ejp<\/strong> &#8211; Bred v\u00e4vtejp och smalare vit tejp.<\/li>\n<li><strong>M\u00e4tinstrument<\/strong> &#8211; Vid elproblem \u00e4r ett m\u00e4tinstrument bra, helst en &#8221;t\u00e5ngamperemeter&#8221;.<\/li>\n<li><strong>Sm\u00e5tampar<\/strong> &#8211; En rulle med tunn tamp eller lite flagglina kan vara bra.<\/li>\n<li><strong>Nyckelfl\u00f6te<\/strong> &#8211; Det vore olyckligt om man tappade b\u00e5tnyckel eller l\u00e5snyckel&nbsp;till jolle\/utombordare.<\/li>\n<li><strong>Bes\u00e4ttningslistor<\/strong> &#8211; Vid in- och utklarering&nbsp;underl\u00e4tta f\u00e4rdiga bes\u00e4ttningslistor. Ibland kr\u00e4vs hela 4 exemplar.<\/li>\n<li><strong>Tv\u00e5taktsolja<\/strong> &#8211; En liten flaska tv\u00e5taktsolja till utombordare brukar vara allt som g\u00e5r \u00e5t under en hyrperiod.<\/li>\n<li><strong>Ficklampor<\/strong> &#8211; Ficklampa, pannlampor och ankarljus underl\u00e4ttar vid m\u00f6rker (som kommer tidigt).<\/li>\n<li><strong>VHF<\/strong> &#8211; En handh\u00e5llen VHF \u00e4r bra att kommunicera med b\u00e5ten med. Det \u00e4r inte alltid mobiltelefoner fungerar.<\/li>\n<li><strong>H\u00e4ngl\u00e5s<\/strong> &#8211; Bra f\u00f6r att l\u00e5sa jolle och utombordare med l\u00e5ng l\u00e5svajer.<\/li>\n<li><strong>Manualer<\/strong> &#8211; till navigationsinstrument m.m, p\u00e5 PDF-format. Finns att ladda ned fr\u00e5n tillverkarens hemsida.<\/li>\n<li><strong>Sops\u00e4ckar<\/strong> &#8211; Stora sops\u00e4ckar underl\u00e4ttar hantering av sopor ombord om t\u00f6mmningsst\u00e4llen \u00e4r f\u00e5.<\/li>\n<li><strong>Ellagning<\/strong> &#8211; M\u00e4tinstrument, lite kabel och kopplingsdon underl\u00e4ttar&nbsp;n\u00e4r det blir elektiska problem.<\/li>\n<li><strong>M\u00e4rkpenna<\/strong> &#8211; M\u00e4rktejp och m\u00e4rkpenna \u00e4r bra f\u00f6r att m\u00e4rka dricksflaskor, muggar\/koppar, avlastare m.m.<\/li>\n<li><strong>Lagning<\/strong> &#8211; Liten tub snabblim eller epoxi. Sm\u00e5 skruvmejslar.<\/li>\n<li><strong>Medicin<\/strong> &#8211; Sj\u00f6sjukepl\u00e5ster och tuggummi. Vanliga v\u00e4rktabletter. Myggmedel och &#8221;After bite&#8221;.<\/li>\n<li><strong>K\u00f6ksutrustning<\/strong> &#8211; Osthyvel, k\u00f6kshandukar, wettexdukar, diskborste, disksvamp, salt, peppar, kryddor, v\u00e4rmeljus, korkskruv, termometern (till kylen), plastp\u00e5sar (matp\u00e5sar, toap\u00e5sar och sops\u00e4ckar), konserv\u00f6ppnare, grytlappar, f\u00f6rkl\u00e4de, p\u00e5skl\u00e4mmor, kl\u00e4dnypor.<\/li>\n<\/ul>\n<h2>Ink\u00f6pslista:<\/h2>\n<p>En basbunkring f\u00f6r frukost och lunch n\u00e5gra dagar.<\/p>\n<ul>\n<li>Toapapper, Hush\u00e5llspapper, Diskmedel, Wettextrasor.<\/li>\n<li>20 liter vatten (kolsyrat + naturellt).<\/li>\n<li>2 flaskor r\u00f6tt vin + 6 flaskor vitt vin.<\/li>\n<li>Ett flak \u00f6l (ej Heineken eller Amstel).<\/li>\n<li>Olja och vin\u00e4ger. Salt och eventuella kryddor.<\/li>\n<li>Sm\u00f6r, br\u00f6d och ost, samt n\u00e5got mer p\u00e5l\u00e4gg.<\/li>\n<li>Youghurt och m\u00fcsli\/flingor\/crunch.<\/li>\n<li>Gin och tonic, Campari och juice, Rom och cola.<\/li>\n<li>\u00c4gg, oliver, fetaost, sallad, tonfisk (till sallad).<\/li>\n<li>Kaffe och mj\u00f6lk.<\/li>\n<li>Pasta, bacon och l\u00f6k (till en middag).<\/li>\n<\/ul>\n<h2>Kontroller f\u00f6re avf\u00e4rd:<\/h2>\n<p>Inspektera b\u00e5ten noga. \u00c4r n\u00e5got fel eller skadat, p\u00e5peka det eller dokumentera med foto. Viktigt att kolla \u00e4r:<\/p>\n<ul>\n<li>Var kopplar man om mellan vattentankarna? Hur mycket rymmer de? Var fyller man p\u00e5 (&#8221;water&#8221;)?<\/li>\n<li>Var sitter s\u00e4kringen till ankarspelet och var finns automats\u00e4kringar?<\/li>\n<li>Var byter man gasflaska? Finns reserv och \u00e4r den full? Kolla att spisens alla l\u00e5gor fungerar.<\/li>\n<li>Pumpa toaletterna f\u00f6r att kolla att de fungerar. Kolla att septitankar verkligen \u00e4r tomma. Kolla att septitankens bottenventiler \u00e4r \u00f6ppna. Kasta inget papper (eller enbart f\u00f6rsta) i toaletterna (se tips nedan).<\/li>\n<li>Kolla ocks\u00e5 gummijollen, att det finns \u00e5ror och att \u00e5rorna passar p\u00e5 \u00e5rtullarna. Kolla utombordarmotorn att den startar. Att det finns luftpump, bensindunk, eventuell tratt och tv\u00e5taktsolja \u00e4r bra.<\/li>\n<li>Kolla att ankarspelet fungerar genom att k\u00f6ra ut n\u00e5gra meter k\u00e4tting och sen k\u00f6ra upp ankaret igen (med motorn ig\u00e5ng). Kolla hur k\u00e4ttingen lagras i k\u00e4ttingboxen, s\u00e5 k\u00e4ttingberg undviks.<\/li>\n<li>Kolla att det finns winchhandtag. Hur segel hissas\/rullas, hur revning g\u00f6rs. Om m\u00f6jligt, hissa\/rulla ut seglen.<\/li>\n<li>Kolla att plotter och instrument fungerar, samt att tillf\u00f6rlitlig GPS-signal finns. Kolla inst\u00e4llningar och \u00e4ndra dessa om du vet hur det skall vara (kanske t.o.m. egen lathund med inst\u00e4llningar).<\/li>\n<li>Kolla att det finns tillr\u00e4ckligt med glas, tallrikar och bestick (kan bara kompletteras i hamnen).<\/li>\n<li>Kolla s\u00e4kerhetsutrustning s\u00e5som kikare (kontrolltitta i kikaren), flytv\u00e4star, s\u00e4kerhetsselar, n\u00f6draketer, f\u00f6rbandsl\u00e5da, l\u00e4nspumpar, t\u00e4tpluggar, m.m.<\/li>\n<li>Kolla reservdelar s\u00e5som verktygsl\u00e5da, drivremmar, impeller, saxsprintar, schackel, m.m.<\/li>\n<li>Se till att det finns tillr\u00e4ckligt antal lakan och handdukar till alla ombord. Ett ombyte per vecka \u00e4r brukligt.<\/li>\n<li>Ta reda p\u00e5 vilket telefonnummer\/epost f\u00f6r att kontakta uthyraren. Meddela direkt saker som uthyraren m\u00e5ste f\u00f6rbereda inf\u00f6r n\u00e4sta uthyrning, eller vid problem som kan\/b\u00f6r \u00e5tg\u00e4rdas under hyrperioden.<\/li>\n<li>Kolla att lanternorna fungerar, inkl. motorlanterna, ankarlanterna och f\u00f6rd\u00e4cksbelysning.<\/li>\n<\/ul>\n<h2>Vid toalettproblem:<\/h2>\n<p>N\u00e4r man f\u00e5r stopp i en toalett (mellan septitank och utlopp) s\u00e5 kan detta vanligtvis fixas genom att g\u00f6ra f\u00f6ljande:<\/p>\n<ol>\n<li>Tejpa f\u00f6r luftintaget p\u00e5 skrovsidan som \u00e4r ansluten till septitanken.<\/li>\n<li>Ta jollens luftpump, vira plastp\u00e5se runt munstycket och anslut till septitankens d\u00e4cksgenomf\u00f6ring (&#8221;waste&#8221;).<\/li>\n<li>Pumpa ned luft i septitanken. Se om det bubblar under vattnet d\u00e4r utloppet finns. Om det bubblar \u00e4r det nog fixat, annars n\u00e4sta punkt. Detta b\u00f6r \u00e4ven g\u00f6ras som kontroll f\u00f6re \u00e5terl\u00e4mnande.<\/li>\n<li>Om det inte bubblar kan man st\u00e4nga bottenventilen, pumpa upp ett tryck i septitanken, och d\u00e4refter \u00f6ppna bottenventilen.<\/li>\n<li>Om det \u00e4nd\u00e5 inte bubblar kan man fr\u00e5n utsidan rensa utloppet med en st\u00e5ltr\u00e5d. Snorkelutrustning och gummijolle att h\u00e5lla sej i (som h\u00e5lls ut fr\u00e5n skrovet) \u00e4r bra. Lugn, man hinner simma undan n\u00e4r proppen lossnar.<\/li>\n<\/ol>\n","protected":false},"excerpt":{"rendered":"<p>TIPS F\u00d6R HYRB\u00c5T Fj\u00e4rrflykter genomf\u00f6rs genom att hyra b\u00e5tar p\u00e5 annan ort. Det \u00e4r n\u00e4stan alltid n\u00e5gra problem med hyrb\u00e5tar. Nedan \u00e4r n\u00e5gra tips som kan underl\u00e4tta vid b\u00e5thyrning. Kommentera g\u00e4rna med mer tips! Utrustning att ta med: Ink\u00f6pslista &#8211; &hellip; <a href=\"https:\/\/tobiseskader.se\/?page_id=799\">Forts\u00e4tt l\u00e4sa <span class=\"meta-nav\">&rarr;<\/span><\/a><\/p>\n","protected":false},"author":2,"featured_media":0,"parent":15,"menu_order":5,"comment_status":"open","ping_status":"closed","template":"","meta":{"ngg_post_thumbnail":0,"footnotes":""},"class_list":["post-799","page","type-page","status-publish","hentry"],"_links":{"self":[{"href":"https:\/\/tobiseskader.se\/index.php?rest_route=\/wp\/v2\/pages\/799","targetHints":{"allow":["GET"]}}],"collection":[{"href":"https:\/\/tobiseskader.se\/index.php?rest_route=\/wp\/v2\/pages"}],"about":[{"href":"https:\/\/tobiseskader.se\/index.php?rest_route=\/wp\/v2\/types\/page"}],"author":[{"embeddable":true,"href":"https:\/\/tobiseskader.se\/index.php?rest_route=\/wp\/v2\/users\/2"}],"replies":[{"embeddable":true,"href":"https:\/\/tobiseskader.se\/index.php?rest_route=%2Fwp%2Fv2%2Fcomments&post=799"}],"version-history":[{"count":50,"href":"https:\/\/tobiseskader.se\/index.php?rest_route=\/wp\/v2\/pages\/799\/revisions"}],"predecessor-version":[{"id":4544,"href":"https:\/\/tobiseskader.se\/index.php?rest_route=\/wp\/v2\/pages\/799\/revisions\/4544"}],"up":[{"embeddable":true,"href":"https:\/\/tobiseskader.se\/index.php?rest_route=\/wp\/v2\/pages\/15"}],"wp:attachment":[{"href":"https:\/\/tobiseskader.se\/index.php?rest_route=%2Fwp%2Fv2%2Fmedia&parent=799"}],"curies":[{"name":"wp","href":"https:\/\/api.w.org\/{rel}","templated":true}]}}