{"id":4356,"date":"2020-08-18T13:59:36","date_gmt":"2020-08-18T12:59:36","guid":{"rendered":"http:\/\/tobiseskader.se\/?page_id=4356"},"modified":"2025-08-12T08:25:20","modified_gmt":"2025-08-12T07:25:20","slug":"vindprognos","status":"publish","type":"page","link":"https:\/\/tobiseskader.se\/?page_id=4356","title":{"rendered":"Tobis Navigator"},"content":{"rendered":"<p>Vindkartorna fr\u00e5n SMHI:s var \u00e5r 2018 inte bra. De \u00e4r l\u00e5ngsamma, har d\u00e5lig uppl\u00f6sning och det \u00e4r sv\u00e5rt att \u00e4ndra position. D\u00e4rf\u00f6r har vi gjort en egen s\u00e5kallad &#8221;webbapp&#8221; f\u00f6r att visa vindata fr\u00e5n <em>SMHI<\/em> och kartor fr\u00e5n <em>Eniro<\/em>. Det g\u00e5r att anv\u00e4nda en vanlig webbl\u00e4sare i en mobiltelefon, l\u00e4splatta eller dator. Anv\u00e4nd denna l\u00e4nkadress!<\/p>\n<p style=\"text-align: center;\"><a href=\"https:\/\/tobiseskader.se\/webapp\/\" target=\"_blank\" rel=\"noopener noreferrer\">https:\/\/tobiseskader.se\/webapp\/<\/a><\/p>\n<p>F\u00f6r att g\u00f6ra webbsidan mer lik en app kan man skapa ett bokm\u00e4rke p\u00e5 hemsk\u00e4rmen. Om man anv\u00e4nder en l\u00e4splatta med inbyggd GPS s\u00e5 f\u00e5r man cyklisk uppdatering som visar egen position, kurs och fart (som en navigator\/plotter). En f\u00f6ruts\u00e4ttning \u00e4r d\u00e5 att positionsangivelsen \u00e4r tillr\u00e4ckligt noggrann.<\/p>\n<p>Under 2024 uppdaterades denna webapp med b\u00e4ttre sj\u00f6kort fr\u00e5n <em>Navionics<\/em> och landkartor fr\u00e5n <em>Open Street Map<\/em>. Funktionen blev i f\u00f6rsta hand som en navigator eller plotter, med positionsangivelse och fartvektor. Vindprognosen f\u00e5r man ta fram med en s\u00e4rskild knapptryckning. Det finns \u00e4ven liter andra funktioner som t.ex. en m\u00e4tvektor, ruttplanering och en s\u00e4rskild styrinformation till hj\u00e4lp f\u00f6r en rorsman. Se vidare under menyfloken &#8221;Manual&#8221; i webbappen.<\/p>\n<p><a href=\"http:\/\/media.tobiseskader.se\/2025\/08\/IMG_7933.png\"><img loading=\"lazy\" decoding=\"async\" class=\"size-large wp-image-4617 aligncenter\" src=\"http:\/\/media.tobiseskader.se\/2025\/08\/IMG_7933-462x1000.png\" alt=\"\" width=\"462\" height=\"1000\" srcset=\"https:\/\/media.tobiseskader.se\/2025\/08\/IMG_7933-462x1000.png 462w, https:\/\/media.tobiseskader.se\/2025\/08\/IMG_7933-139x300.png 139w, https:\/\/media.tobiseskader.se\/2025\/08\/IMG_7933.png 591w\" sizes=\"auto, (max-width: 462px) 100vw, 462px\" \/><\/a><\/p>\n<p>&nbsp;<\/p>\n<p><a href=\"http:\/\/media.tobiseskader.se\/2025\/08\/IMG_7934.png\"><img loading=\"lazy\" decoding=\"async\" class=\"aligncenter size-large wp-image-4618\" src=\"http:\/\/media.tobiseskader.se\/2025\/08\/IMG_7934-462x1000.png\" alt=\"\" width=\"462\" height=\"1000\" srcset=\"https:\/\/media.tobiseskader.se\/2025\/08\/IMG_7934-462x1000.png 462w, https:\/\/media.tobiseskader.se\/2025\/08\/IMG_7934-139x300.png 139w, https:\/\/media.tobiseskader.se\/2025\/08\/IMG_7934.png 591w\" sizes=\"auto, (max-width: 462px) 100vw, 462px\" \/><\/a><\/p>\n<p>&nbsp;<\/p>\n<p><a href=\"http:\/\/media.tobiseskader.se\/2025\/08\/IMG_7935.png\"><img loading=\"lazy\" decoding=\"async\" class=\"aligncenter size-large wp-image-4619\" src=\"http:\/\/media.tobiseskader.se\/2025\/08\/IMG_7935-462x1000.png\" alt=\"\" width=\"462\" height=\"1000\" srcset=\"https:\/\/media.tobiseskader.se\/2025\/08\/IMG_7935-462x1000.png 462w, https:\/\/media.tobiseskader.se\/2025\/08\/IMG_7935-139x300.png 139w, https:\/\/media.tobiseskader.se\/2025\/08\/IMG_7935.png 591w\" sizes=\"auto, (max-width: 462px) 100vw, 462px\" \/><\/a><\/p>\n","protected":false},"excerpt":{"rendered":"<p>Vindkartorna fr\u00e5n SMHI:s var \u00e5r 2018 inte bra. De \u00e4r l\u00e5ngsamma, har d\u00e5lig uppl\u00f6sning och det \u00e4r sv\u00e5rt att \u00e4ndra position. D\u00e4rf\u00f6r har vi gjort en egen s\u00e5kallad &#8221;webbapp&#8221; f\u00f6r att visa vindata fr\u00e5n SMHI och kartor fr\u00e5n Eniro. Det &hellip; <a href=\"https:\/\/tobiseskader.se\/?page_id=4356\">Forts\u00e4tt l\u00e4sa <span class=\"meta-nav\">&rarr;<\/span><\/a><\/p>\n","protected":false},"author":2,"featured_media":0,"parent":0,"menu_order":9,"comment_status":"open","ping_status":"closed","template":"","meta":{"ngg_post_thumbnail":0,"footnotes":""},"class_list":["post-4356","page","type-page","status-publish","hentry"],"_links":{"self":[{"href":"https:\/\/tobiseskader.se\/index.php?rest_route=\/wp\/v2\/pages\/4356","targetHints":{"allow":["GET"]}}],"collection":[{"href":"https:\/\/tobiseskader.se\/index.php?rest_route=\/wp\/v2\/pages"}],"about":[{"href":"https:\/\/tobiseskader.se\/index.php?rest_route=\/wp\/v2\/types\/page"}],"author":[{"embeddable":true,"href":"https:\/\/tobiseskader.se\/index.php?rest_route=\/wp\/v2\/users\/2"}],"replies":[{"embeddable":true,"href":"https:\/\/tobiseskader.se\/index.php?rest_route=%2Fwp%2Fv2%2Fcomments&post=4356"}],"version-history":[{"count":26,"href":"https:\/\/tobiseskader.se\/index.php?rest_route=\/wp\/v2\/pages\/4356\/revisions"}],"predecessor-version":[{"id":4622,"href":"https:\/\/tobiseskader.se\/index.php?rest_route=\/wp\/v2\/pages\/4356\/revisions\/4622"}],"wp:attachment":[{"href":"https:\/\/tobiseskader.se\/index.php?rest_route=%2Fwp%2Fv2%2Fmedia&parent=4356"}],"curies":[{"name":"wp","href":"https:\/\/api.w.org\/{rel}","templated":true}]}}