{"id":3551,"date":"2017-09-04T12:54:58","date_gmt":"2017-09-04T11:54:58","guid":{"rendered":"http:\/\/tobiseskader.se\/?page_id=3551"},"modified":"2017-10-25T16:10:55","modified_gmt":"2017-10-25T15:10:55","slug":"2017-ostkustens-parlor","status":"publish","type":"page","link":"https:\/\/tobiseskader.se\/?page_id=3551","title":{"rendered":"2017 Ostkustens p\u00e4rlor"},"content":{"rendered":"<h1>Tobis flykt 2017 till sk\u00e4rg\u00e5rdens p\u00e4rlor<\/h2>\n<p>Till \u00e5rets flykt hade 7 b\u00e5tbes\u00e4ttningar anm\u00e4lt sig. S\u00e5 Kalypso, Dardanella, DiAmo, Fragaria, Mahjong, Merica och Quale skulle st\u00e4va s\u00f6der ut med Figeholm som slutm\u00e5l. Eskadern startade p\u00e5 <strong>Ingmars\u00f6<\/strong> med middag p\u00e5 Ingmars\u00f6 Krog den 3:e juli. Mahjong skulle ansluta p\u00e5 v\u00e4gen. Tyv\u00e4rr tvingades Mahjong avst\u00e5 fr\u00e5n eskadern p.gr.a. motorproblem. Det fick vi besked om, innan vi hann till Rings\u00f6, d\u00e4r de skull m\u00f6ta upp.<\/p>\n<p>Merica anl\u00e4nde till Ingmars\u00f6 lagom till kv\u00e4llsdrinken kl 18:00, som sista b\u00e5t den 3 juli. DiAmo hade extra bes\u00e4ttning i form av Bj\u00f6rns dotter Jenny och barnen. Eckarts och Liselottes dotter Rafaela och hennes barn hade ocks\u00e5 tagit sig till Ingmars\u00f6. Bord var dukade f\u00f6r oss alla p\u00e5 Ingmars\u00f6 krog f\u00f6r en startmiddag. Till krogen tog vi oss till fots eller med g\u00e4sthamnens bl\u00e5 roddb\u00e5tar, som st\u00e4lls till f\u00f6rfogande f\u00f6r hamng\u00e4sterna. Maten f\u00f6r alla vuxna var f\u00f6rbest\u00e4lld enligt \u00f6nskem\u00e5l fr\u00e5n krogpersonalen. Barnen hade fyra olika r\u00e4tter att v\u00e4lja p\u00e5. Krogen och maten fick gott betyg av flyktmedlemmarna. Men som s\u00e5 ofta p\u00e5 finkrogar kunde maten ha varit lite rikligare tilltagen. G\u00e4sthamnen p\u00e5 Ingmars\u00f6s var trevlig och v\u00e4lsk\u00f6tt och med tv\u00e5 v\u00e4lst\u00e4dade toaletter och ett duschrum. G\u00e4sthamnen \u00e4r i privat \u00e4go. \u00c4garinnan var en v\u00e4nlig och trevlig person. F\u00f6r Merica var det f\u00f6rst g\u00e5ngen vi bes\u00f6kte \u00f6n, och vi blev glatt \u00f6verraskade av hur v\u00e4lordnat det var. Den enda besvikelsen var att toat\u00f6mningsstationen var ur drift f\u00f6r tillf\u00e4llet. Vid ett senare bes\u00f6k i g\u00e4stahamnen erfor jag, att den privata g\u00e4stahamnen skall st\u00e4ngas och ers\u00e4ttas med en ny hamn driven av samf\u00e4lligheten p\u00e5 \u00f6n. Den kommer att placeras l\u00e4ngre v\u00e4ster ut, vilket resulterar i att den fin kv\u00e4llssolen blir lidande.<\/p>\n<p>Dagen d\u00e4rp\u00e5, den 4 juli, enades vi om att g\u00e5 till <strong>Becksk\u00e4r<\/strong> i St Nassa, d\u00e5 vinden skulle ligga p\u00e5 NV och bli upp mot 10 m\/s. DiAmo avseglade tidigare \u00e4n oss \u00f6vriga, som ordnade med ett bes\u00f6k p\u00e5 bygdemus\u00e9et. Det gav en intressant inblick i \u00f6ns tidigare liv. Ingmars\u00f6 var i \u00e4ldre tider tv\u00e5 \u00f6ar. Under l\u00e5ng tid var det en b\u00e4ttre samh\u00f6righet mellan folket p\u00e5 varje enskild del-\u00f6 \u00e4n med hela \u00f6ns befolkning. Bland de m\u00e5nga historier vi kunde ta del av s\u00e5 var nog den om h\u00e4sten som gick genom isen med ett timmerlass, och som lyckades g\u00e5 p\u00e5 botten och bryta igenom isen vid stranden och dra upp timmerlasset p\u00e5 land igen, den mest fantastiska. H\u00e4sten \u00f6verlevde och fortsatte sitt arbete p\u00e5 \u00f6n i m\u00e5nga \u00e5r. F\u00f6r mig var det ocks\u00e5 skojigt att se kort p\u00e5 L\u00e5ng-John, en ingmars\u00f6bo som verkade som fyrvaktm\u00e4stare p\u00e5 Svenska H\u00f6garna. Efter en mycket besv\u00e4rlig stormnatt p\u00e5 \u00d6stersj\u00f6n hamnade jag tillsammans med en av mina kusiner p\u00e5 Svenska H\u00f6garna. L\u00e5ng-John bj\u00f6d d\u00e5 upp oss i fyrtornet och visade fyrmaskineriet och sj\u00e4lvklart den fina utsikten. N\u00e4r vi anl\u00e4nde till Becksk\u00e4r var det ganska m\u00e5nga b\u00e5tar d\u00e4r. Fragaria och Merica fick plats bredvid DiAmo. Kv\u00e4llsdrinken intogs d\u00e4rf\u00f6r d\u00e4r. Dardanella hade avvikit fr\u00e5n eskadern f\u00f6r att ordna ett problem med sina nya batterier. Dardanella ansl\u00f6t senare vid N\u00e5ttar\u00f6.<\/p>\n<p>Natthamn den 5 juli blev <strong>St Melsk\u00e4r<\/strong>. Fragaria och Quale hade aldrig bes\u00f6kt L Nassa. S\u00e5 Merica seglade med dem dit f\u00f6r ett kort bes\u00f6k med lunchuppeh\u00e5ll. Vi lade till l\u00e4ngs tr\u00e4bryggan i Sprickupp med Merica innerst och de andra utanp\u00e5, d\u00e5 hamnen var tom p\u00e5 b\u00e5tar. B\u00e5de Fragaria och Quales bes\u00e4ttningar tyckte att L Nassa var en fantastisk plats dit man vill komma \u00e5ter. Vi tog oss sedan ner genom de grundfyllda vattnen norr om Sandham och kom till St Melsk\u00e4r d\u00e4r kv\u00e4llsdrink intogs i Mericas sittbrunn. Vi firade f\u00f6rst\u00e5s ocks\u00e5 Henks f\u00f6delsedag samtidigt. Henk och Tineke hade f\u00f6rberett s\u00e5 mycket med bakverk att allt inte gick \u00e5t. St Melsk\u00e4r blev f\u00f6r l\u00e5ngtobis en besvikelse. P\u00e5 den plats, som Kalypso lagts sig p\u00e5 svaj, och d\u00e4r DiAmo landf\u00f6rt\u00f6jt, var \u00f6n og\u00e4stv\u00e4nlig. Mitt minne fr\u00e5n tidigare bes\u00f6k p\u00e5 \u00f6n av sl\u00e4ta klipph\u00e4llar var inte detta. DiAmos bes\u00e4ttning, som hunnit se lite mer av \u00f6n, tr\u00f6stade mig med att l\u00e4ngre s\u00f6derut p\u00e5 \u00f6n s\u00e5 fanns dessa h\u00e4llar.<\/p>\n<p>Den 6 juli styrde vi kosan mot <strong>Huvudsk\u00e4r<\/strong>. DiAmo och Kalypso var f\u00f6rst\u00e5s som vanligt snabbast. Kalypso l\u00e5g \u00e5ter p\u00e5 svaj nord om huvud\u00f6n, och DiAmo l\u00e5g p\u00e5 s\u00f6dra delen av Saltkobben. Vinden l\u00e5g p\u00e5 SSV och var frisk och drog runt huvud\u00f6n. S\u00e5 vi eftersl\u00e4ntare lade oss ocks\u00e5 p\u00e5 Saltkobben. N\u00e4r Fragaria skulle l\u00e4gga till p\u00e5 DiAmos styrbordsida tog inte ankaret och Fragaria drev ner bredsides mot klippan. Bj\u00f6rn var som vanligt r\u00e5dig och sprang upp och h\u00f6ll ifr\u00e5n Fragaria. Han hade god hj\u00e4lp av dotter Jenny. Med gemensamma krafter lyckades vi v\u00e4nda Fragarias st\u00e4v mot vinden. Jenny rodde ut med Fragarias ankare. Efter att Fragaria tjudrats i DiAmo samt Quale tagit sig in p\u00e5 Mericas babordsida l\u00e5g vi alla f\u00f6rt\u00f6jada. Ankarbotten var dock inte den b\u00e4sta. Vi fick d\u00e5 och d\u00e5 ta hem p\u00e5 Mericas ankare, n\u00e4r vi slog i klippan. Som tur var mojnade vinden och Merica och DiAmos bes\u00e4ttningar tog tillf\u00e4lleti akt att ro \u00f6ver till huvud\u00f6n och g\u00e5 p\u00e5 promenad p\u00e5 de fantastiska vattenslipade klipporna mot syd och sydost. Kv\u00e4llsdrinken intogs i Mericas sittbrunn. Kalypso, som tagit sig in med jolle kunde d\u00e4rf\u00f6r bist\u00e5 Quales bes\u00e4ttning att ta sig \u00f6ver till Merica d\u00e5 klippan de l\u00e5g vid inte medgav att ta landv\u00e4gen, och de l\u00e5g f\u00f6r l\u00e5ngt ifr\u00e5n Merica f\u00f6r att kunna g\u00e5 direkt \u00f6ver.<\/p>\n<p>N\u00e4sta dag, den 7 juli, var <strong>N\u00e5ttar\u00f6<\/strong> m\u00e5let. Kalypso informerade oss om, att det enda st\u00e4llet de kunde landf\u00f6rt\u00f6ja p\u00e5 var den norra delen av den v\u00e4stra bryggan. S\u00e5 det blev m\u00e5let f\u00f6r dagen. Kalypso, Daimo och Fragaria gick den kortaste v\u00e4gen utomsk\u00e4rs vilket betydde motorg\u00e5ng. Merica t\u00f6mmer f\u00f6rst sin toa vid toat\u00f6mningsstationen som fungerar utm\u00e4rkt och seglaar sedan via Mysingen till N\u00e5ttar\u00f6, och Quale f\u00f6ljde Merica. Vinden vred gynnsamt, s\u00e5 vi beh\u00f6vde bara ett slag p\u00e5 Mysingen mot slutet av seglatsen. Sj\u00e4lvfallet kom vi som seglade sist in i hamn, men vi fick b\u00e5da plats vid avtalad brygga. N\u00e5gra av oss passade p\u00e5 att g\u00e5 till aff\u00e4ren och handla. Dardanella anl\u00e4nde i god tid f\u00f6re kv\u00e4llsdrinken men lade sig p\u00e5 svaj. Kv\u00e4llsdrinken intogs i Kalypso, som tagit fram ett brett utbud av olika drycker. Kv\u00e4llen slutade med grillning p\u00e5 en av de m\u00e5nga grillplatserna.<\/p>\n<p>Den 8 juli avverkades den l\u00e4ngsta etappen till <strong>Rings\u00f6<\/strong>, knappt 30 nm, mot de f\u00f6reg\u00e5ende dagarnas 15-20 nm. Merica gick som enda b\u00e5t in till Nyn\u00e4shamn f\u00f6r att g\u00f6ra ink\u00f6p. Bl.a. s\u00e5 avs\u00e5g vi att k\u00f6pa en adapterkabel f\u00f6r att ladda v\u00e5ra mobiler med. Den gick s\u00f6nder tidigt under eskadern, s\u00e5 vi fick hyra in v\u00e5ra telefoner hos det andra b\u00e5tarna f\u00f6r laddning. Vi h\u00e4ngde p\u00e5 l\u00e5set kl 10:00 n\u00e4r b\u00e5tbutiken i Nyn\u00e4shamn \u00f6ppnade. N\u00e5gon kabel hade de inte. De visst inte ens vad vi pratade om trots, att de skyltade, att de hade allt i form av b\u00e5ttilbeh\u00f6r! Efter att ha handlat mat tr\u00e4ffade vi Anders och Helena Levander, som l\u00e5g med sin b\u00e5t vid NSS g\u00e4stbrygga. Vi fick en liten pratstund, och jag tog upp fr\u00e5gan, om de skulle forts\u00e4tta att vara tobismedlemmar. Svaret var att de inte best\u00e4mt sig men skulle fundera p\u00e5, hur de ska g\u00f6ra, d\u00e5 de har v\u00e4ldigt lite tid att segla. Vi avg\u00e5r fr\u00e5n NSS klubbhamn vid 14-tiden och best\u00e4mmer oss f\u00f6r att g\u00e5 Dragets Kanal. Det var flera \u00e5r sedan vi gick d\u00e4r. Kanalen var mycket smalare, \u00e4n vi mindes. Vi avger siganl f\u00f6r att vara s\u00e4kra p\u00e5 att inte m\u00f6ta n\u00e5gon. Vi kunde passera lugnt utan m\u00f6te. Vi hade bara g\u00e5tt en kort bit, n\u00e4r dimman kom rullande. N\u00e4r vi kom ut p\u00e5 \u00f6ppnare vatten f\u00f6r att g\u00e5 in i leden, s\u00e5 \u00e4r sikten s\u00e5 d\u00e5lig att vi bara ser den n\u00e4rmaste omgivningen. D\u00e5 v\u00e5r plotter lade av en av de f\u00f6rsta dagarna, n\u00e4r vi mot v\u00e5ra vanor anv\u00e4nde den, s\u00e5 har vi ingen hj\u00e4lp att f\u00e5 av den. Men Ulrika har sin l\u00e4splatt med d\u00e4r vi lade in Navionics program f\u00f6rra \u00e5ret inf\u00f6r seglingen till Lettland. Den \u00e4r nu till god hj\u00e4lp. N\u00e4r vi tagit oss ut p\u00e5 \u00f6ppet vatten utanf\u00f6r \u00d6ja s\u00e5 \u00f6kar sikten succesivt. Tyv\u00e4rr \u00e4r det inte seglingsbar vind. N\u00e4r vi n\u00e5r Rings\u00f6, \u00e4r det sol och bl\u00e5 himmel. Vi l\u00e4gger oss hos de landf\u00f6rt\u00f6jda Tobisb\u00e5tarana en hel timme f\u00f6re kv\u00e4llens drink. Bj\u00f6rn har p\u00e5 v\u00e4gen h\u00e4mtat Jennys man Thomas i Studsvik, s\u00e5 att han kan g\u00f6ra ett kort bes\u00f6k. Vid drinken ber\u00e4ttar Ulf och Elisabet, som ligger p\u00e5 svaj, att de sett en Hallberg Rassy-b\u00e5t g\u00e5 p\u00e5 grund i en av de ledanvisningar som finns i en av hamnb\u00f6ckerna, som Hydrographica varit med och tagit fram.<\/p>\n<p>Den 9 juli sticker DiAmo och Kalypso som vanligt f\u00f6rst. Bj\u00f6rn l\u00e4mnar av Thomas, Jenny och barnen i Studsvik. Vi andra g\u00e5r p\u00e5 hjortvandring, d\u00e5 flera eskaderdeltagare inte sett Rings\u00f6s hjortar. Vi har inte g\u00e5tt l\u00e4nge, f\u00f6rr\u00e4n vi ser en mindre hjord, som snabbt f\u00f6rsvinner ur sikte. N\u00e4r vi kommit fram till den lilla byn p\u00e5 \u00f6n, ser vi p\u00e5 f\u00e4ltet nedanf\u00f6r ladan, en st\u00f6rre ansamling av ett 40-tal djur. Jag, som initierade promenaden, drar en l\u00e4ttnadens suck, att vi alla fick se hjortarna. N\u00e4r vi avg\u00e5r mot <strong>Ytter\u00f6<\/strong> \u00e4r vinden emot oss. F\u00f6rst n\u00e4r vi l\u00e4mnar b\u00e5tsportleden vid St L\u00f6kolmen f\u00f6re Oxel\u00f6sund, s\u00e5 kan vi str\u00e4cka ner i leden. N\u00e5gra slag blir dock n\u00f6dv\u00e4ndiga p\u00e5 Flisdjupet innan vi tar oss in i Lind\u00f6jask\u00e4rg\u00e5den utanf\u00f6r Br\u00e5viken. De som avgick f\u00f6rst hittade bra l\u00e4 p\u00e5 Ytter\u00f6. Alla b\u00e5tar lyckas landf\u00f6rt\u00f6ja h\u00e4r, s\u00e5 det blir drink p\u00e5 berget. Dardanella deltog dock inte, d\u00e5 de valde att segla lite l\u00e4ngre och ligga f\u00f6r natten p\u00e5 St Kuggen nedf\u00f6r Ark\u00f6sund, som de tidigare har nyttjat som natthamn.<\/p>\n<p>Dagen d\u00e4rp\u00e5, den 10 juli, \u00e4r det v\u00e4stlig vind, som skall vrida mot syd. S\u00e5 alla 5 b\u00e5tar avg\u00e5r relativt tidigt fr\u00e5n Ytter\u00f6 f\u00f6r att f\u00e5 f\u00f6rdel av den v\u00e4stliga vinden. Vi hinner dock inte ut till leden, innan vinden vrider p\u00e5 syd. F\u00f6rst n\u00e4r vi passerat Ark\u00f6, kan vi str\u00e4cka ner i leden. Vid Lammsk\u00e4r, d\u00e4r leden g\u00e5r mer i sydlig riktning, \u00e4r det slut p\u00e5 n\u00f6jet. Det blir motorg\u00e5ng till <strong>Harstena<\/strong>. Dardanella g\u00e5r med god motorfart om Merica i leden. Alla 6 b\u00e5tar f\u00f6renas nu i Flisfj\u00e4rden, d\u00e4r vi alla ligger p\u00e5 svaj. Jag ringer runt till alla b\u00e5tar och h\u00f6r, om de vill g\u00e5 promenad p\u00e5 Harstena. Alla \u00e4r intresserade, s\u00e5 vi tr\u00e4ffas i land kl 16:00. Vi tar riktning mot bageriet, passerar p\u00e5 v\u00e4gen den gamla byskolan. Bageriet har ocks\u00e5 kaf\u00e9verksamhet. N\u00e5gra bes\u00e4ttningar blir sittande d\u00e4r. Sj\u00e4lva g\u00e5r vi till Tures udde tillsammans med n\u00e5gar andra tobisar. D\u00e4r tr\u00e4ffar vi Tures son, som tillsammans med sin syster nu \u00e4ger fastigheten. Sonen ber\u00e4ttar att Ture dog \u00e5r 2000. Ture hade 10 syskon. Sl\u00e4kten hette Magnusson, och den \u00e4r fortfarande stor p\u00e5 Harstena. Idag finns 13-14 fastboende kvar p\u00e5 \u00f6n. Tv\u00e5 av dem f\u00f6rs\u00f6rjer sig p\u00e5 att boka in fartyg f\u00f6r reparationer p\u00e5 olika varv i v\u00e4rlden. Det klarar man med dagens teknik och internent. En kusin Magnusson till Tures son tr\u00e4ffade vi i Tobis 2006, n\u00e4r vi bes\u00f6kte H\u00e4radssk\u00e4r och var uppe i fyren, som han sk\u00f6tte. Ture var en speciell person. Han misstyckte inte om fritidsb\u00e5tar lade till vid hans bryggor utan v\u00e4lkomnade dem. Andra i sl\u00e4kten var inte lika glad att f\u00e5 fritidsb\u00e5tar vid sina bryggor. N\u00e4r jag som barn bes\u00f6kte Tures udde med mina f\u00f6r\u00e4ldrar, s\u00e5 hade Ture en tam s\u00e4l vid namn Pelle. Sonen ber\u00e4ttade att han lekte med s\u00e4len som barn, och den fick mat vid bryggan. Senaste g\u00e5ngen Ulrika och jag bes\u00f6kte Tures udde var 1992. Det var ett minnesrikt bes\u00f6k. Det kan ocks\u00e5 Anna Rindstr\u00f6m, som var med d\u00e5, vittna om. En stor tr\u00e4b\u00e5t kom d\u00e5 in efter oss, en 120 m2 sk\u00e4rg\u00e5rdskryssare, om jag minns r\u00e4tt. Vi spr\u00e5kades vid med paret ombord och Hasse v\u00e5r kompis, med Anna som gast, stod f\u00f6r musiken. Det resulterade i att vi blev nerbjudna p\u00e5 kv\u00e4llsfika i sk\u00e4rg\u00e5rdskryssaren. N\u00e4r vi kom ombord var det dukat med antika kristallglas, fina kaffekoppar och silverskedar nere i ruffen. B\u00e5ten var extremt v\u00e4lh\u00e5llen. Det var rena mus\u00e9et. Skepparen visade sig ha ett b\u00e5tvarv i stockholmstrakten, s\u00e5 han var proffs. S\u00e5 h\u00e4r fint har vi inte hemma, sade hans hustru. Promenaden denna dag fortsatte f\u00f6rbi restaurangen. Vi kontrollerade inte, om de fortfarande serverar ejder som ett alternativ till andra matr\u00e4tter. Efter den uppfriskande promenaden var det dags att ro till Dardanella, d\u00e4r det serverades kv\u00e4llsdrink. Det var total enighet om att forts\u00e4tta till <strong>Gryts Varv<\/strong> dagen d\u00e4rp\u00e5. Festtobis Elisabet f\u00f6rhandbokar bord p\u00e5 restaurangen. F\u00f6rhandsboka bryggplatser g\u00e5r dock inte.<\/p>\n<p>Den 11 juli avseglar vi och har god fart i halvvinden. Merica g\u00e5r till Fyrudden f\u00f6r att om m\u00f6jligt k\u00f6pa den sladd f\u00f6r laddning av mobiltelefonerna, som vi inte kunde k\u00f6pa i Nyn\u00e4shamn. Fyrudden har ju en mycket v\u00e4lsorterad skeppshandel i lokalen under mataff\u00e4ren, d\u00e4r vi tidigare k\u00f6pt en dylik. Men d\u00e4r fick vi l\u00e5ng n\u00e4sa. Aff\u00e4ren och skeppshandeln bytte \u00e4gare i april i \u00e5r. Den nye \u00e4garen ans\u00e5g inte att skeppshandeln var l\u00f6nsam nog. S\u00e5 ist\u00e4llet har det startats ett kaf\u00e9 i skeppshandelns lokaler. Vi fick tr\u00f6sta oss med varsin glass. Mataff\u00e4rens utbud fann vi ocks\u00e5 s\u00e4mre \u00e4n tidigare. Alla andra b\u00e5tar gick direkt till Gryts Varv, \u00e4ven Quale som vi hade uppfattat skulle segla efter oss och handla i Fyrudden. S\u00e5 sm\u00e5nningom fick vi besked, att de anl\u00e4nt till Gryts Varv. Det blev n\u00e4stan k\u00f6 i duschrummen f\u00f6r att ta en varmdusch f\u00f6re middagen och drink p\u00e5 Merica. Flera av Tobisb\u00e5tarna hade f\u00f6r avsikt att tanka vatten vid Gryts Varv men blev lite tveksamma, d\u00e5 de fick reda p\u00e5 att dricksvattnet var avsaltat sj\u00f6vatten. Till middagen hade vi chansen att provsmaka vattnet, och det fanns en liten bismak av salt. En liten besvikelse var det ocks\u00e5, att det inte gick att k\u00f6pa f\u00e4rskt br\u00f6d h\u00e4r. Det skulle ocks\u00e5 finns m\u00f6jlighet att t\u00f6mma toalettavfall vid varvet. Trots myckert letande lyckades vi inte hitta toat\u00f6mningsstationen. Alla lovord om \u201dGryts Varv\u201d, som m\u00e5nga av oss h\u00f6rt, fick sin nog en liten t\u00f6rn. Men maten p\u00e5 restaurangen var det inget fel p\u00e5, tv\u00e4rt om. Middagen p\u00e5 Gryts Varv blev en f\u00f6rtida avslutningemiddag, d\u00e5 det visade sig sv\u00e5rt att ordna middag i Figeholm, som var slutm\u00e5let f\u00f6r flykten. Prognosen f\u00f6r morgondagen var frisk byig V till NV vind. S\u00e5 morgondagens natthamn skulle bli <strong>Torr\u00f6<\/strong> N om St Ask\u00f6.<\/p>\n<p>12 juli. Prognosen fr\u00e5n ig\u00e5r st\u00e4mmde v\u00e4l. Byar p\u00e5 upp till 13 m\/s rapporterades fr\u00e5n DiAamo under dagen. Alla b\u00e5tar utom Merica gick den yttre leden. Merica valde att g\u00e5 den tr\u00e5nga men bed\u00e5rande leden innaf\u00f6r Ols\u00f6n f\u00f6r motor. Segel sattes vid St \u00c5l\u00f6. N\u00e4r byarna kom, var det besv\u00e4rande att ha fullt st\u00e4ll satt. Men varje g\u00e5ng vi funderade p\u00e5 att rulla in lite p\u00e5 f\u00f6rseglet, s\u00e5 avtog vinden. Vid Torr\u00f6 lade sig alla Tobisar p\u00e5 svaj utom Merica, som lade sig som ensam b\u00e5t vid en fin klippa. Vi fick bes\u00f6k av Bj\u00f6rn, Vilda och Trolla. DiAmo rapporterade d\u00e5lig h\u00e5llbotten och Fragaria, som kom sist in hade problem att f\u00e5 f\u00e4ste f\u00f6r ankaret. Och klippan vid Merica blev snart fylld av 6-7 ok\u00e4nda b\u00e5tar. N\u00e4r alla kommit till ro blev det kv\u00e4llsdrink p\u00e5 Quale. Efter ett antal korta seglingsetapper enades vi om att segla lite l\u00e4ngre \u00e4n planerat under morgondagen. S\u00e5 alternativen utaf\u00f6r V\u00e4stervik slopades. Vinden under morgondagen skulle bli nordlig med h\u00e5rda vindbyar. En av de f\u00e5 hamnarna med l\u00e4 f\u00f6r N var St Berksk\u00e4r. S\u00e5 beslutet blir att g\u00e5 dit.<\/p>\n<p>13 juli. Dagen bjuder p\u00e5 \u00e4n h\u00e5rdare byar \u00e4n ig\u00e5r. Kalypso har tittat noggrannare p\u00e5 Berksk\u00e4r och kommit fram till att det ser f\u00f6r tr\u00e5ngt ut f\u00f6r dem att ligga d\u00e4r. Efter rundringning till alla b\u00e5tar \u00e4r beslutet att ist\u00e4llet g\u00e5 till <strong>Vippholmarna<\/strong>. De h\u00e5rdare byarna inneb\u00e4r att Merica rullar in n\u00e5gra varv p\u00e5 f\u00f6rseglet, men det blir \u00e4nd\u00e5 inte riktigt njutbart med de mycket varierande vindstyrkorna. N\u00e4r vi kommer ut p\u00e5 \u00f6ppnare vatten ner mot V\u00e4stervik, s\u00e5 tittar Ulrika efter Quale, som legat bakom oss. S\u00e5 s\u00e4ger hon: &#8221;Men var \u00e4r jollen. Den \u00e4r borta!!&#8221;.  Vi v\u00e4nder. En tysk b\u00e5t som legat bakom oss s\u00e4ger \u201dBavaria 38\u201d. D\u00e5 tror vi, att Quale sett n\u00e4r vi tappat jollen, och att de tagit hand om den. Men, n\u00e4r vi m\u00f6ter Quale, s\u00e5 har de ej sett jollen. Vi g\u00e5r ytterligare en bit norr upp i leden men inser snart, att det \u00e4r meningsl\u00f6st. Bedr\u00f6vade v\u00e4nder vi s\u00f6der ut.<\/p>\n<p>Vid Ekn\u00f6 blir vi omseglade av Dardanella. N\u00e4r vi anl\u00e4nder ligger Dardanella, DiAmo och Kalypso p\u00e5 svaj. DiAmo ser just en SXK-boj som blir ledig, och byter till den. Vi l\u00e4gger oss med landf\u00f6rt\u00f6jning mot en klippa d\u00e4r flera b\u00e5tar redan ligger. Fragaria kommer in och l\u00e4gger sig bredvid oss. Ingen Quale anl\u00e4nder. Det visar sig, att Quale g\u00e5tt till V\u00e4stervik, d\u00e5 de inte ville g\u00e5 in till Vippholmarna utan ledsagning. Det f\u00f6rsta vi g\u00f6r n\u00e4r vi f\u00f6rt\u00f6jt, \u00e4r att ringa till Svenska Sj\u00f6 och ber\u00e4tta att vi f\u00f6rlorat jollen. Sedan ringer vi till Sj\u00f6r\u00e4ddnings\u00e4llskapet, d\u00e4r vi \u00e4r medlemmar, och ber dem informera om n\u00e5gon r\u00e5kad se v\u00e5r jolle eller har b\u00e4rgat den. Eckart och Liselotte uppmanar mig ocks\u00e5 att ringa polisen, och de bist\u00e5r med telfonummer. Under kv\u00e4llsdrinken p\u00e5 Fragaria framkommer det, att bes\u00f6ka Bj\u00f6rn Karlsson i Figeholm imorgon \u00e4r inte l\u00f6nt. Han \u00e4r utomlands. S\u00e5 vi beslutar att eskadern nu \u00e4r slut. Kalypso, Dardanella och DiAmo avser att g\u00e5 till Oskarshamn. Fragaria och Merica siktar p\u00e5 att g\u00e5 tillbaka till Torr\u00f6 och tr\u00e4ffa Quale, som vill g\u00e5 norr \u00f6ver fr\u00e5n V\u00e4stervik till en hamn de k\u00e4nner till. Den lilla mini-eskadern norr\u00f6ver forts\u00e4tter dagen d\u00e4rp\u00e5 till <strong>L\u00e5nga Missj\u00f6<\/strong> och d\u00e4refter skiljs vi. Fragaria och Quale g\u00e5r till Trosa och Merica till Nyn\u00e4shamn som mellanhamn p\u00e5 v\u00e4gen hem.<\/p>\n<h2>Epilog<\/h2>\n<p>Hur gick det egentligen med jollen?. N\u00e4r vi st\u00e4var norr ut mot Torr\u00f6 och hunnit till Ekn\u00f6 ganska exakt kl 10:00 s\u00e5 blir vi uppringda. Det \u00e4r Sj\u00f6r\u00e4ddnings\u00e4llskapet, som ringer och s\u00e4ger att v\u00e5r jolle troligen har siktats. S\u00e5 kopplar de fram kaptenen p\u00e5 en av Gotlandf\u00e4rjorna. Han s\u00e5g jollen vid positionenN N 57&deg; 43,0 och E 17&deg; 12,2 E utanf\u00f6r Kungsgrundet och s\u00e4ger att han inte hade m\u00f6jlighet att b\u00e4rga jollen, s\u00e5 jag f\u00e5r g\u00f6ra vad jag vill med informationen. H\u00f6gst f\u00f6rst\u00e5eligt. Jag blir \u00e5terkopplad till Sj\u00f6r\u00e4ddningen och fr\u00e5gar, om de har m\u00f6jlighet att g\u00e5 ut. De skall \u00e5terkomma vid middagstid. Han s\u00e4ger ocks\u00e5 att det det \u00e4r sv\u00e5rt att hitta en b\u00e5t utan h\u00f6g position som p\u00e5 en Gotlandsf\u00e4rja. Vi informerar honom om att vi i allafall g\u00e5r ut och f\u00f6rs\u00f6ker hitta jollen. Vi titta i sj\u00f6kortet och ser att positionen ligger en bra bit utanf\u00f6r vad kortet t\u00e4cker. D\u00e5 v\u00e5r plotter lagt av tidigare under eskader, s\u00e5 l\u00e4gger vi med hj\u00e4lp av \u201dpenna och papper\u201d en f\u00f6rl\u00e4ngning av kortet. Vi ritar ut en position, som ligger 21 nm utanf\u00f6r kusten i riktning 60&deg; N. P\u00e5 morgonen bl\u00e5ste det ostlig vind och nu sydost. S\u00e5 vi g\u00e5r en kompasskurs n\u00e5got norr om den kurs vi fick fram. Sj\u00f6r\u00e4ddningen har uppenbarligen fullt jobb, s\u00e5 de ringer inte som utlovat. Kl. 14:00, n\u00e4r vi bara ser hav omkring oss, s\u00e5 ringer jag upp och fr\u00e5gar om de kommer ut och letar. Svaret \u00e4r nej. De har massor av annat med st\u00f6rre prioritet \u00e4n en jolle! Vi ser nu bar havet. D\u00e5 erindrar jag mig pl\u00f6tligt att jag har ju en GPS i reserv i b\u00e5ten, som man i alla fall kan l\u00e4gga in positioner i. Men hur g\u00f6r man det? Fram med instruktionsboken och efter flera f\u00f6rs\u00f6k lyckas jag. Den visar att den position som jag lade ut f\u00f6r hand st\u00e4mmer riktig bra. Det skiljer n\u00e5gon grad. S\u00e5 vi st\u00e4var p\u00e5 i den kurs vi valt och lagt in p\u00e5 autopiloten. Det dr\u00f6jer inte s\u00e5 l\u00e5ng stund d\u00e4refter, innan vi ser n\u00e5got vitt vid horsonten norr \u00f6ver. Kan det var en jolle? Vi l\u00e4gger om kurser och blir, ju n\u00e4rmare vi kommer, \u00f6vertygas vi om att det \u00e4r en b\u00e5t. S\u00e5 gungar b\u00e5ten till, och vi ser en brun sarg och bruna s\u00e4ten. DET \u00c4R V\u00c5R JOLLE. Kl 15:00 s\u00e5 h\u00e4nger jollen i aktern p\u00e5 Merica. Vi l\u00e4gger kursen mot kusten och kommer in i leden norr om St. Tr\u00e4dsk\u00e4r och omkring kl 18 s\u00e5 n\u00e5r vi Torr\u00f6 d\u00e4r Fragaria, Quale och en drink v\u00e4ntar.<\/p>\n<p>   \/sammast\u00e4llt av Hans-Roland Lindgren, L\u00e5ngtobis 2017<\/p>\n","protected":false},"excerpt":{"rendered":"<p>Tobis flykt 2017 till sk\u00e4rg\u00e5rdens p\u00e4rlor Till \u00e5rets flykt hade 7 b\u00e5tbes\u00e4ttningar anm\u00e4lt sig. S\u00e5 Kalypso, Dardanella, DiAmo, Fragaria, Mahjong, Merica och Quale skulle st\u00e4va s\u00f6der ut med Figeholm som slutm\u00e5l. Eskadern startade p\u00e5 Ingmars\u00f6 med middag p\u00e5 Ingmars\u00f6 Krog &hellip; <a href=\"https:\/\/tobiseskader.se\/?page_id=3551\">Forts\u00e4tt l\u00e4sa <span class=\"meta-nav\">&rarr;<\/span><\/a><\/p>\n","protected":false},"author":28,"featured_media":0,"parent":17,"menu_order":0,"comment_status":"closed","ping_status":"closed","template":"","meta":{"ngg_post_thumbnail":0,"footnotes":""},"class_list":["post-3551","page","type-page","status-publish","hentry"],"_links":{"self":[{"href":"https:\/\/tobiseskader.se\/index.php?rest_route=\/wp\/v2\/pages\/3551","targetHints":{"allow":["GET"]}}],"collection":[{"href":"https:\/\/tobiseskader.se\/index.php?rest_route=\/wp\/v2\/pages"}],"about":[{"href":"https:\/\/tobiseskader.se\/index.php?rest_route=\/wp\/v2\/types\/page"}],"author":[{"embeddable":true,"href":"https:\/\/tobiseskader.se\/index.php?rest_route=\/wp\/v2\/users\/28"}],"replies":[{"embeddable":true,"href":"https:\/\/tobiseskader.se\/index.php?rest_route=%2Fwp%2Fv2%2Fcomments&post=3551"}],"version-history":[{"count":8,"href":"https:\/\/tobiseskader.se\/index.php?rest_route=\/wp\/v2\/pages\/3551\/revisions"}],"predecessor-version":[{"id":3587,"href":"https:\/\/tobiseskader.se\/index.php?rest_route=\/wp\/v2\/pages\/3551\/revisions\/3587"}],"up":[{"embeddable":true,"href":"https:\/\/tobiseskader.se\/index.php?rest_route=\/wp\/v2\/pages\/17"}],"wp:attachment":[{"href":"https:\/\/tobiseskader.se\/index.php?rest_route=%2Fwp%2Fv2%2Fmedia&parent=3551"}],"curies":[{"name":"wp","href":"https:\/\/api.w.org\/{rel}","templated":true}]}}