{"id":3159,"date":"2017-02-05T18:50:18","date_gmt":"2017-02-05T17:50:18","guid":{"rendered":"http:\/\/tobiseskader.se\/?page_id=3159"},"modified":"2025-06-30T21:56:05","modified_gmt":"2025-06-30T20:56:05","slug":"2017-estland-lettland","status":"publish","type":"page","link":"https:\/\/tobiseskader.se\/?page_id=3159","title":{"rendered":"2016 Lettland-Estland"},"content":{"rendered":"<p>En beskrivning av sommareskadern 2017 finns som ett s\u00e5kallat &#8221;inl\u00e4gg&#8221; (post), till skillnad fr\u00e5n tidigare eskaderskildringar som gjorts som en &#8221;sida&#8221; (page). F\u00f6r att komma till ber\u00e4ttelsen s\u00e5 klicka <a href=\"http:\/\/tobiseskader.se\/?p=1941\">h\u00e4r<\/a>!<\/p>\n<p><a href=\"https:\/\/media.tobiseskader.se\/2016\/10\/Tobisrutt_Fotor-1-2.jpg\"><img loading=\"lazy\" decoding=\"async\" src=\"https:\/\/media.tobiseskader.se\/2016\/10\/Tobisrutt_Fotor-1-2-1024x682.jpg\" alt=\"\" width=\"584\" height=\"389\" class=\"alignleft size-large wp-image-2082\" srcset=\"https:\/\/media.tobiseskader.se\/2016\/10\/Tobisrutt_Fotor-1-2-1024x682.jpg 1024w, https:\/\/media.tobiseskader.se\/2016\/10\/Tobisrutt_Fotor-1-2-300x200.jpg 300w, https:\/\/media.tobiseskader.se\/2016\/10\/Tobisrutt_Fotor-1-2-768x512.jpg 768w, https:\/\/media.tobiseskader.se\/2016\/10\/Tobisrutt_Fotor-1-2-450x300.jpg 450w, https:\/\/media.tobiseskader.se\/2016\/10\/Tobisrutt_Fotor-1-2.jpg 2000w\" sizes=\"auto, (max-width: 584px) 100vw, 584px\" \/><\/a><\/p>\n","protected":false},"excerpt":{"rendered":"<p>En beskrivning av sommareskadern 2017 finns som ett s\u00e5kallat &#8221;inl\u00e4gg&#8221; (post), till skillnad fr\u00e5n tidigare eskaderskildringar som gjorts som en &#8221;sida&#8221; (page). F\u00f6r att komma till ber\u00e4ttelsen s\u00e5 klicka h\u00e4r!<\/p>\n","protected":false},"author":2,"featured_media":0,"parent":17,"menu_order":14,"comment_status":"closed","ping_status":"closed","template":"","meta":{"ngg_post_thumbnail":0,"footnotes":""},"class_list":["post-3159","page","type-page","status-publish","hentry"],"_links":{"self":[{"href":"https:\/\/tobiseskader.se\/index.php?rest_route=\/wp\/v2\/pages\/3159","targetHints":{"allow":["GET"]}}],"collection":[{"href":"https:\/\/tobiseskader.se\/index.php?rest_route=\/wp\/v2\/pages"}],"about":[{"href":"https:\/\/tobiseskader.se\/index.php?rest_route=\/wp\/v2\/types\/page"}],"author":[{"embeddable":true,"href":"https:\/\/tobiseskader.se\/index.php?rest_route=\/wp\/v2\/users\/2"}],"replies":[{"embeddable":true,"href":"https:\/\/tobiseskader.se\/index.php?rest_route=%2Fwp%2Fv2%2Fcomments&post=3159"}],"version-history":[{"count":8,"href":"https:\/\/tobiseskader.se\/index.php?rest_route=\/wp\/v2\/pages\/3159\/revisions"}],"predecessor-version":[{"id":4611,"href":"https:\/\/tobiseskader.se\/index.php?rest_route=\/wp\/v2\/pages\/3159\/revisions\/4611"}],"up":[{"embeddable":true,"href":"https:\/\/tobiseskader.se\/index.php?rest_route=\/wp\/v2\/pages\/17"}],"wp:attachment":[{"href":"https:\/\/tobiseskader.se\/index.php?rest_route=%2Fwp%2Fv2%2Fmedia&parent=3159"}],"curies":[{"name":"wp","href":"https:\/\/api.w.org\/{rel}","templated":true}]}}