{"id":2138,"date":"2016-11-23T12:47:51","date_gmt":"2016-11-23T11:47:51","guid":{"rendered":"http:\/\/tobiseskader.se\/?page_id=2138"},"modified":"2019-03-15T23:40:11","modified_gmt":"2019-03-15T22:40:11","slug":"bildgalleri-test","status":"publish","type":"page","link":"https:\/\/tobiseskader.se\/?page_id=2138","title":{"rendered":"Bildgalleri Test"},"content":{"rendered":"<p>Det \u00e4r problem med att bildvisningar med gamla pluginnen &#8221;DM Albums&#8221; inte fungerar l\u00e4ngre. P\u00e5 denna sida g\u00f6rs f\u00f6rs\u00f6k att fixa till detta genom att byta till nya pluginnen &#8221;NextGen&#8221; eller inbyggda funktionen &#8221;Gallery&#8221;.<\/p>\n<h2>Exempel med inbyggda funktionen &#8221;Gallery&#8221;<\/h2>\n<p>Denna bildvisning \u00e4r inbyggd och anv\u00e4nder en tag. Man kan v\u00e4lja antal kolumner, storlek och visningstyp. Bilderna tas fr\u00e5n det inbyggda mediebiblioteket. Ett problem \u00e4r dock att bildern pekas ut med ett intern id, i form av en siffra, ist\u00e4llet f\u00f6r absoluta webbadresser. Det finns inget k\u00e4nt s\u00e4tt att f\u00e5 reda p\u00e5 kopplingen mellan detta idnummer och filnamnet i mediabiblioteket. Man kan prova att l\u00e4gga in alla bilderna i ett enda galleri, och sedan redigera in kopior p\u00e5 r\u00e4tt plats p\u00e5 sidan.<\/p>\n\n\t\t<style type=\"text\/css\">\n\t\t\t#gallery-1 {\n\t\t\t\tmargin: auto;\n\t\t\t}\n\t\t\t#gallery-1 .gallery-item {\n\t\t\t\tfloat: left;\n\t\t\t\tmargin-top: 10px;\n\t\t\t\ttext-align: center;\n\t\t\t\twidth: 50%;\n\t\t\t}\n\t\t\t#gallery-1 img {\n\t\t\t\tborder: 2px solid #cfcfcf;\n\t\t\t}\n\t\t\t#gallery-1 .gallery-caption {\n\t\t\t\tmargin-left: 0;\n\t\t\t}\n\t\t\t\/* see gallery_shortcode() in wp-includes\/media.php *\/\n\t\t<\/style>\n\t\t<div id='gallery-1' class='gallery galleryid-2138 gallery-columns-2 gallery-size-large'><dl class='gallery-item'>\n\t\t\t<dt class='gallery-icon landscape'>\n\t\t\t\t<a href='https:\/\/media.tobiseskader.se\/2016\/08\/IMG_6840-1.jpg'><img loading=\"lazy\" decoding=\"async\" width=\"584\" height=\"389\" src=\"https:\/\/media.tobiseskader.se\/2016\/08\/IMG_6840-1-1024x682.jpg\" class=\"attachment-large size-large\" alt=\"\" srcset=\"https:\/\/media.tobiseskader.se\/2016\/08\/IMG_6840-1-1024x682.jpg 1024w, https:\/\/media.tobiseskader.se\/2016\/08\/IMG_6840-1-300x200.jpg 300w, https:\/\/media.tobiseskader.se\/2016\/08\/IMG_6840-1-768x512.jpg 768w, https:\/\/media.tobiseskader.se\/2016\/08\/IMG_6840-1-450x300.jpg 450w, https:\/\/media.tobiseskader.se\/2016\/08\/IMG_6840-1.jpg 2000w\" sizes=\"auto, (max-width: 584px) 100vw, 584px\" \/><\/a>\n\t\t\t<\/dt><\/dl><dl class='gallery-item'>\n\t\t\t<dt class='gallery-icon landscape'>\n\t\t\t\t<a href='https:\/\/media.tobiseskader.se\/2016\/10\/Tobisrutt_Fotor-1-2.jpg'><img loading=\"lazy\" decoding=\"async\" width=\"584\" height=\"389\" src=\"https:\/\/media.tobiseskader.se\/2016\/10\/Tobisrutt_Fotor-1-2-1024x682.jpg\" class=\"attachment-large size-large\" alt=\"\" srcset=\"https:\/\/media.tobiseskader.se\/2016\/10\/Tobisrutt_Fotor-1-2-1024x682.jpg 1024w, https:\/\/media.tobiseskader.se\/2016\/10\/Tobisrutt_Fotor-1-2-300x200.jpg 300w, https:\/\/media.tobiseskader.se\/2016\/10\/Tobisrutt_Fotor-1-2-768x512.jpg 768w, https:\/\/media.tobiseskader.se\/2016\/10\/Tobisrutt_Fotor-1-2-450x300.jpg 450w, https:\/\/media.tobiseskader.se\/2016\/10\/Tobisrutt_Fotor-1-2.jpg 2000w\" sizes=\"auto, (max-width: 584px) 100vw, 584px\" \/><\/a>\n\t\t\t<\/dt><\/dl><br style=\"clear: both\" \/>\n\t\t<\/div>\n\n<p>Bild med standard &#8221;Gallery&#8221;, 1 kolumn, medium<br \/>\n\n\t\t<style type=\"text\/css\">\n\t\t\t#gallery-2 {\n\t\t\t\tmargin: auto;\n\t\t\t}\n\t\t\t#gallery-2 .gallery-item {\n\t\t\t\tfloat: left;\n\t\t\t\tmargin-top: 10px;\n\t\t\t\ttext-align: center;\n\t\t\t\twidth: 33%;\n\t\t\t}\n\t\t\t#gallery-2 img {\n\t\t\t\tborder: 2px solid #cfcfcf;\n\t\t\t}\n\t\t\t#gallery-2 .gallery-caption {\n\t\t\t\tmargin-left: 0;\n\t\t\t}\n\t\t\t\/* see gallery_shortcode() in wp-includes\/media.php *\/\n\t\t<\/style>\n\t\t<div id='gallery-2' class='gallery galleryid-2138 gallery-columns-3 gallery-size-medium'><dl class='gallery-item'>\n\t\t\t<dt class='gallery-icon landscape'>\n\t\t\t\t<a href='https:\/\/media.tobiseskader.se\/2016\/08\/IMG_6840-1.jpg'><img loading=\"lazy\" decoding=\"async\" width=\"300\" height=\"200\" src=\"https:\/\/media.tobiseskader.se\/2016\/08\/IMG_6840-1-300x200.jpg\" class=\"attachment-medium size-medium\" alt=\"\" srcset=\"https:\/\/media.tobiseskader.se\/2016\/08\/IMG_6840-1-300x200.jpg 300w, https:\/\/media.tobiseskader.se\/2016\/08\/IMG_6840-1-768x512.jpg 768w, https:\/\/media.tobiseskader.se\/2016\/08\/IMG_6840-1-1024x682.jpg 1024w, https:\/\/media.tobiseskader.se\/2016\/08\/IMG_6840-1-450x300.jpg 450w, https:\/\/media.tobiseskader.se\/2016\/08\/IMG_6840-1.jpg 2000w\" sizes=\"auto, (max-width: 300px) 100vw, 300px\" \/><\/a>\n\t\t\t<\/dt><\/dl><dl class='gallery-item'>\n\t\t\t<dt class='gallery-icon landscape'>\n\t\t\t\t<a href='https:\/\/media.tobiseskader.se\/2016\/10\/Tobisrutt_Fotor-1-2.jpg'><img loading=\"lazy\" decoding=\"async\" width=\"300\" height=\"200\" src=\"https:\/\/media.tobiseskader.se\/2016\/10\/Tobisrutt_Fotor-1-2-300x200.jpg\" class=\"attachment-medium size-medium\" alt=\"\" srcset=\"https:\/\/media.tobiseskader.se\/2016\/10\/Tobisrutt_Fotor-1-2-300x200.jpg 300w, https:\/\/media.tobiseskader.se\/2016\/10\/Tobisrutt_Fotor-1-2-768x512.jpg 768w, https:\/\/media.tobiseskader.se\/2016\/10\/Tobisrutt_Fotor-1-2-1024x682.jpg 1024w, https:\/\/media.tobiseskader.se\/2016\/10\/Tobisrutt_Fotor-1-2-450x300.jpg 450w, https:\/\/media.tobiseskader.se\/2016\/10\/Tobisrutt_Fotor-1-2.jpg 2000w\" sizes=\"auto, (max-width: 300px) 100vw, 300px\" \/><\/a>\n\t\t\t<\/dt><\/dl>\n\t\t\t<br style='clear: both' \/>\n\t\t<\/div>\n<\/p>\n<p>Bilder med standard &#8221;Gallery&#8221;, 2 kolumner, 1 rad, large.<br \/>\n\n\t\t<style type=\"text\/css\">\n\t\t\t#gallery-3 {\n\t\t\t\tmargin: auto;\n\t\t\t}\n\t\t\t#gallery-3 .gallery-item {\n\t\t\t\tfloat: left;\n\t\t\t\tmargin-top: 10px;\n\t\t\t\ttext-align: center;\n\t\t\t\twidth: 50%;\n\t\t\t}\n\t\t\t#gallery-3 img {\n\t\t\t\tborder: 2px solid #cfcfcf;\n\t\t\t}\n\t\t\t#gallery-3 .gallery-caption {\n\t\t\t\tmargin-left: 0;\n\t\t\t}\n\t\t\t\/* see gallery_shortcode() in wp-includes\/media.php *\/\n\t\t<\/style>\n\t\t<div id='gallery-3' class='gallery galleryid-2138 gallery-columns-2 gallery-size-large'><dl class='gallery-item'>\n\t\t\t<dt class='gallery-icon landscape'>\n\t\t\t\t<a href='https:\/\/media.tobiseskader.se\/2016\/10\/Tobisrutt_Fotor-1-2.jpg'><img loading=\"lazy\" decoding=\"async\" width=\"584\" height=\"389\" src=\"https:\/\/media.tobiseskader.se\/2016\/10\/Tobisrutt_Fotor-1-2-1024x682.jpg\" class=\"attachment-large size-large\" alt=\"\" srcset=\"https:\/\/media.tobiseskader.se\/2016\/10\/Tobisrutt_Fotor-1-2-1024x682.jpg 1024w, https:\/\/media.tobiseskader.se\/2016\/10\/Tobisrutt_Fotor-1-2-300x200.jpg 300w, https:\/\/media.tobiseskader.se\/2016\/10\/Tobisrutt_Fotor-1-2-768x512.jpg 768w, https:\/\/media.tobiseskader.se\/2016\/10\/Tobisrutt_Fotor-1-2-450x300.jpg 450w, https:\/\/media.tobiseskader.se\/2016\/10\/Tobisrutt_Fotor-1-2.jpg 2000w\" sizes=\"auto, (max-width: 584px) 100vw, 584px\" \/><\/a>\n\t\t\t<\/dt><\/dl><dl class='gallery-item'>\n\t\t\t<dt class='gallery-icon landscape'>\n\t\t\t\t<a href='https:\/\/media.tobiseskader.se\/2016\/08\/IMG_7081-1.jpg'><img loading=\"lazy\" decoding=\"async\" width=\"584\" height=\"389\" src=\"https:\/\/media.tobiseskader.se\/2016\/08\/IMG_7081-1-1024x682.jpg\" class=\"attachment-large size-large\" alt=\"\" srcset=\"https:\/\/media.tobiseskader.se\/2016\/08\/IMG_7081-1-1024x682.jpg 1024w, https:\/\/media.tobiseskader.se\/2016\/08\/IMG_7081-1-300x200.jpg 300w, https:\/\/media.tobiseskader.se\/2016\/08\/IMG_7081-1-768x512.jpg 768w, https:\/\/media.tobiseskader.se\/2016\/08\/IMG_7081-1-450x300.jpg 450w, https:\/\/media.tobiseskader.se\/2016\/08\/IMG_7081-1.jpg 2000w\" sizes=\"auto, (max-width: 584px) 100vw, 584px\" \/><\/a>\n\t\t\t<\/dt><\/dl><br style=\"clear: both\" \/>\n\t\t<\/div>\n<\/p>\n<p>Bilder med standard &#8221;Gallery&#8221;, 2 kolumner, 3 rad, large<\/p>\n\n\t\t<style type=\"text\/css\">\n\t\t\t#gallery-4 {\n\t\t\t\tmargin: auto;\n\t\t\t}\n\t\t\t#gallery-4 .gallery-item {\n\t\t\t\tfloat: left;\n\t\t\t\tmargin-top: 10px;\n\t\t\t\ttext-align: center;\n\t\t\t\twidth: 50%;\n\t\t\t}\n\t\t\t#gallery-4 img {\n\t\t\t\tborder: 2px solid #cfcfcf;\n\t\t\t}\n\t\t\t#gallery-4 .gallery-caption {\n\t\t\t\tmargin-left: 0;\n\t\t\t}\n\t\t\t\/* see gallery_shortcode() in wp-includes\/media.php *\/\n\t\t<\/style>\n\t\t<div id='gallery-4' class='gallery galleryid-2138 gallery-columns-2 gallery-size-large'><dl class='gallery-item'>\n\t\t\t<dt class='gallery-icon landscape'>\n\t\t\t\t<a href='https:\/\/media.tobiseskader.se\/2016\/08\/IMG_6856-1.jpg'><img loading=\"lazy\" decoding=\"async\" width=\"584\" height=\"389\" src=\"https:\/\/media.tobiseskader.se\/2016\/08\/IMG_6856-1-1024x682.jpg\" class=\"attachment-large size-large\" alt=\"\" srcset=\"https:\/\/media.tobiseskader.se\/2016\/08\/IMG_6856-1-1024x682.jpg 1024w, https:\/\/media.tobiseskader.se\/2016\/08\/IMG_6856-1-300x200.jpg 300w, https:\/\/media.tobiseskader.se\/2016\/08\/IMG_6856-1-768x512.jpg 768w, https:\/\/media.tobiseskader.se\/2016\/08\/IMG_6856-1-450x300.jpg 450w, https:\/\/media.tobiseskader.se\/2016\/08\/IMG_6856-1.jpg 2000w\" sizes=\"auto, (max-width: 584px) 100vw, 584px\" \/><\/a>\n\t\t\t<\/dt><\/dl><dl class='gallery-item'>\n\t\t\t<dt class='gallery-icon landscape'>\n\t\t\t\t<a href='https:\/\/media.tobiseskader.se\/2016\/08\/IMG_6897-1.jpg'><img loading=\"lazy\" decoding=\"async\" width=\"584\" height=\"389\" src=\"https:\/\/media.tobiseskader.se\/2016\/08\/IMG_6897-1-1024x682.jpg\" class=\"attachment-large size-large\" alt=\"\" srcset=\"https:\/\/media.tobiseskader.se\/2016\/08\/IMG_6897-1-1024x682.jpg 1024w, https:\/\/media.tobiseskader.se\/2016\/08\/IMG_6897-1-300x200.jpg 300w, https:\/\/media.tobiseskader.se\/2016\/08\/IMG_6897-1-768x512.jpg 768w, https:\/\/media.tobiseskader.se\/2016\/08\/IMG_6897-1-450x300.jpg 450w, https:\/\/media.tobiseskader.se\/2016\/08\/IMG_6897-1.jpg 2000w\" sizes=\"auto, (max-width: 584px) 100vw, 584px\" \/><\/a>\n\t\t\t<\/dt><\/dl><br style=\"clear: both\" \/><dl class='gallery-item'>\n\t\t\t<dt class='gallery-icon landscape'>\n\t\t\t\t<a href='https:\/\/media.tobiseskader.se\/2016\/08\/IMG_6868-1.jpg'><img loading=\"lazy\" decoding=\"async\" width=\"584\" height=\"389\" src=\"https:\/\/media.tobiseskader.se\/2016\/08\/IMG_6868-1-1024x682.jpg\" class=\"attachment-large size-large\" alt=\"\" srcset=\"https:\/\/media.tobiseskader.se\/2016\/08\/IMG_6868-1-1024x682.jpg 1024w, https:\/\/media.tobiseskader.se\/2016\/08\/IMG_6868-1-300x200.jpg 300w, https:\/\/media.tobiseskader.se\/2016\/08\/IMG_6868-1-768x512.jpg 768w, https:\/\/media.tobiseskader.se\/2016\/08\/IMG_6868-1-450x300.jpg 450w, https:\/\/media.tobiseskader.se\/2016\/08\/IMG_6868-1.jpg 2000w\" sizes=\"auto, (max-width: 584px) 100vw, 584px\" \/><\/a>\n\t\t\t<\/dt><\/dl><dl class='gallery-item'>\n\t\t\t<dt class='gallery-icon landscape'>\n\t\t\t\t<a href='https:\/\/media.tobiseskader.se\/2016\/08\/IMG_6889-1.jpg'><img loading=\"lazy\" decoding=\"async\" width=\"584\" height=\"389\" src=\"https:\/\/media.tobiseskader.se\/2016\/08\/IMG_6889-1-1024x682.jpg\" class=\"attachment-large size-large\" alt=\"\" srcset=\"https:\/\/media.tobiseskader.se\/2016\/08\/IMG_6889-1-1024x682.jpg 1024w, https:\/\/media.tobiseskader.se\/2016\/08\/IMG_6889-1-300x200.jpg 300w, https:\/\/media.tobiseskader.se\/2016\/08\/IMG_6889-1-768x512.jpg 768w, https:\/\/media.tobiseskader.se\/2016\/08\/IMG_6889-1-450x300.jpg 450w, https:\/\/media.tobiseskader.se\/2016\/08\/IMG_6889-1.jpg 2000w\" sizes=\"auto, (max-width: 584px) 100vw, 584px\" \/><\/a>\n\t\t\t<\/dt><\/dl><br style=\"clear: both\" \/><dl class='gallery-item'>\n\t\t\t<dt class='gallery-icon landscape'>\n\t\t\t\t<a href='https:\/\/media.tobiseskader.se\/2016\/08\/IMG_6831-1.jpg'><img loading=\"lazy\" decoding=\"async\" width=\"584\" height=\"389\" src=\"https:\/\/media.tobiseskader.se\/2016\/08\/IMG_6831-1-1024x682.jpg\" class=\"attachment-large size-large\" alt=\"\" srcset=\"https:\/\/media.tobiseskader.se\/2016\/08\/IMG_6831-1-1024x682.jpg 1024w, https:\/\/media.tobiseskader.se\/2016\/08\/IMG_6831-1-300x200.jpg 300w, https:\/\/media.tobiseskader.se\/2016\/08\/IMG_6831-1-768x512.jpg 768w, https:\/\/media.tobiseskader.se\/2016\/08\/IMG_6831-1-450x300.jpg 450w, https:\/\/media.tobiseskader.se\/2016\/08\/IMG_6831-1.jpg 2000w\" sizes=\"auto, (max-width: 584px) 100vw, 584px\" \/><\/a>\n\t\t\t<\/dt><\/dl><dl class='gallery-item'>\n\t\t\t<dt class='gallery-icon landscape'>\n\t\t\t\t<a href='https:\/\/media.tobiseskader.se\/2016\/08\/IMG_6499-1.jpg'><img loading=\"lazy\" decoding=\"async\" width=\"584\" height=\"389\" src=\"https:\/\/media.tobiseskader.se\/2016\/08\/IMG_6499-1-1024x682.jpg\" class=\"attachment-large size-large\" alt=\"\" srcset=\"https:\/\/media.tobiseskader.se\/2016\/08\/IMG_6499-1-1024x682.jpg 1024w, https:\/\/media.tobiseskader.se\/2016\/08\/IMG_6499-1-300x200.jpg 300w, https:\/\/media.tobiseskader.se\/2016\/08\/IMG_6499-1-768x512.jpg 768w, https:\/\/media.tobiseskader.se\/2016\/08\/IMG_6499-1-450x300.jpg 450w, https:\/\/media.tobiseskader.se\/2016\/08\/IMG_6499-1.jpg 2000w\" sizes=\"auto, (max-width: 584px) 100vw, 584px\" \/><\/a>\n\t\t\t<\/dt><\/dl><br style=\"clear: both\" \/>\n\t\t<\/div>\n\n<p>Referens till bilder med slumpvis visningsordning.<\/p>\n\n\t\t<style type=\"text\/css\">\n\t\t\t#gallery-5 {\n\t\t\t\tmargin: auto;\n\t\t\t}\n\t\t\t#gallery-5 .gallery-item {\n\t\t\t\tfloat: left;\n\t\t\t\tmargin-top: 10px;\n\t\t\t\ttext-align: center;\n\t\t\t\twidth: 50%;\n\t\t\t}\n\t\t\t#gallery-5 img {\n\t\t\t\tborder: 2px solid #cfcfcf;\n\t\t\t}\n\t\t\t#gallery-5 .gallery-caption {\n\t\t\t\tmargin-left: 0;\n\t\t\t}\n\t\t\t\/* see gallery_shortcode() in wp-includes\/media.php *\/\n\t\t<\/style>\n\t\t<div id='gallery-5' class='gallery galleryid-2138 gallery-columns-2 gallery-size-large'><dl class='gallery-item'>\n\t\t\t<dt class='gallery-icon landscape'>\n\t\t\t\t<a href='https:\/\/tobiseskader.se\/?attachment_id=1991'><img loading=\"lazy\" decoding=\"async\" width=\"584\" height=\"421\" src=\"https:\/\/media.tobiseskader.se\/2016\/08\/IMG_6245-1-1024x739.jpg\" class=\"attachment-large size-large\" alt=\"\" srcset=\"https:\/\/media.tobiseskader.se\/2016\/08\/IMG_6245-1-1024x739.jpg 1024w, https:\/\/media.tobiseskader.se\/2016\/08\/IMG_6245-1-300x217.jpg 300w, https:\/\/media.tobiseskader.se\/2016\/08\/IMG_6245-1-768x554.jpg 768w, https:\/\/media.tobiseskader.se\/2016\/08\/IMG_6245-1-416x300.jpg 416w, https:\/\/media.tobiseskader.se\/2016\/08\/IMG_6245-1.jpg 2000w\" sizes=\"auto, (max-width: 584px) 100vw, 584px\" \/><\/a>\n\t\t\t<\/dt><\/dl><dl class='gallery-item'>\n\t\t\t<dt class='gallery-icon landscape'>\n\t\t\t\t<a href='https:\/\/tobiseskader.se\/?attachment_id=2019'><img loading=\"lazy\" decoding=\"async\" width=\"584\" height=\"389\" src=\"https:\/\/media.tobiseskader.se\/2016\/08\/IMG_6709-1-1024x682.jpg\" class=\"attachment-large size-large\" alt=\"\" srcset=\"https:\/\/media.tobiseskader.se\/2016\/08\/IMG_6709-1-1024x682.jpg 1024w, https:\/\/media.tobiseskader.se\/2016\/08\/IMG_6709-1-300x200.jpg 300w, https:\/\/media.tobiseskader.se\/2016\/08\/IMG_6709-1-768x512.jpg 768w, https:\/\/media.tobiseskader.se\/2016\/08\/IMG_6709-1-450x300.jpg 450w, https:\/\/media.tobiseskader.se\/2016\/08\/IMG_6709-1.jpg 2000w\" sizes=\"auto, (max-width: 584px) 100vw, 584px\" \/><\/a>\n\t\t\t<\/dt><\/dl><br style=\"clear: both\" \/>\n\t\t<\/div>\n\n<h2>Exempel med enskild bild via global l\u00e4nk<\/h2>\n<p><a href=\"http:\/\/media.tobiseskader.se\/2016\/08\/IMG_6689-1.jpg\"><img loading=\"lazy\" decoding=\"async\" class=\"aligncenter size-large wp-image-2017\" src=\"http:\/\/media.tobiseskader.se\/2016\/08\/IMG_6689-1-1024x682.jpg\" alt=\"\" width=\"584\" height=\"389\" srcset=\"https:\/\/media.tobiseskader.se\/2016\/08\/IMG_6689-1-1024x682.jpg 1024w, https:\/\/media.tobiseskader.se\/2016\/08\/IMG_6689-1-300x200.jpg 300w, https:\/\/media.tobiseskader.se\/2016\/08\/IMG_6689-1-768x512.jpg 768w, https:\/\/media.tobiseskader.se\/2016\/08\/IMG_6689-1-450x300.jpg 450w, https:\/\/media.tobiseskader.se\/2016\/08\/IMG_6689-1.jpg 2000w\" sizes=\"auto, (max-width: 584px) 100vw, 584px\" \/><\/a><\/p>\n<h2>Exempel med tillagda pluginen &#8221;NextGen&#8221;<\/h2>\n<p>Nedan \u00e4r en bildvisning:.<\/p>\nngg_shortcode_0_placeholder\n","protected":false},"excerpt":{"rendered":"<p>Det \u00e4r problem med att bildvisningar med gamla pluginnen &#8221;DM Albums&#8221; inte fungerar l\u00e4ngre. P\u00e5 denna sida g\u00f6rs f\u00f6rs\u00f6k att fixa till detta genom att byta till nya pluginnen &#8221;NextGen&#8221; eller inbyggda funktionen &#8221;Gallery&#8221;. Exempel med inbyggda funktionen &#8221;Gallery&#8221; Denna &hellip; <a href=\"https:\/\/tobiseskader.se\/?page_id=2138\">Forts\u00e4tt l\u00e4sa <span class=\"meta-nav\">&rarr;<\/span><\/a><\/p>\n","protected":false},"author":2,"featured_media":2061,"parent":15,"menu_order":10,"comment_status":"closed","ping_status":"closed","template":"","meta":{"ngg_post_thumbnail":0,"footnotes":""},"class_list":["post-2138","page","type-page","status-publish","has-post-thumbnail","hentry"],"_links":{"self":[{"href":"https:\/\/tobiseskader.se\/index.php?rest_route=\/wp\/v2\/pages\/2138","targetHints":{"allow":["GET"]}}],"collection":[{"href":"https:\/\/tobiseskader.se\/index.php?rest_route=\/wp\/v2\/pages"}],"about":[{"href":"https:\/\/tobiseskader.se\/index.php?rest_route=\/wp\/v2\/types\/page"}],"author":[{"embeddable":true,"href":"https:\/\/tobiseskader.se\/index.php?rest_route=\/wp\/v2\/users\/2"}],"replies":[{"embeddable":true,"href":"https:\/\/tobiseskader.se\/index.php?rest_route=%2Fwp%2Fv2%2Fcomments&post=2138"}],"version-history":[{"count":17,"href":"https:\/\/tobiseskader.se\/index.php?rest_route=\/wp\/v2\/pages\/2138\/revisions"}],"predecessor-version":[{"id":2406,"href":"https:\/\/tobiseskader.se\/index.php?rest_route=\/wp\/v2\/pages\/2138\/revisions\/2406"}],"up":[{"embeddable":true,"href":"https:\/\/tobiseskader.se\/index.php?rest_route=\/wp\/v2\/pages\/15"}],"wp:featuredmedia":[{"embeddable":true,"href":"https:\/\/tobiseskader.se\/index.php?rest_route=\/wp\/v2\/media\/2061"}],"wp:attachment":[{"href":"https:\/\/tobiseskader.se\/index.php?rest_route=%2Fwp%2Fv2%2Fmedia&parent=2138"}],"curies":[{"name":"wp","href":"https:\/\/api.w.org\/{rel}","templated":true}]}}