{"id":1890,"date":"2015-11-16T16:39:55","date_gmt":"2015-11-16T15:39:55","guid":{"rendered":"http:\/\/tobiseskader.se\/?page_id=1890"},"modified":"2017-08-16T18:35:55","modified_gmt":"2017-08-16T17:35:55","slug":"2015-genom-ryssland-till-nordnorge-och-svalbard-2","status":"publish","type":"page","link":"https:\/\/tobiseskader.se\/?page_id=1890","title":{"rendered":"2015 Ryssland &#038; Svalbard"},"content":{"rendered":"<p>En ber\u00e4ttelse i text och bild om en SXK-eskader fr\u00e5n S:t Petersburg, genom ryska kanaler, till Nordnorge och Svalbard, av Jan-Gunnar Persson. Texten kan l\u00e4sas i ett <a href=\"http:\/\/media.tobiseskader.se\/2015\/11\/Ryssland-Svalbard-Kanalen-2015-3.pdf\" target=\"_blank\">separat PDF-dokument<\/a>. Bilderna visas i nedanst\u00e5ende galleri.<br \/>\nngg_shortcode_0_placeholder<\/p>\n","protected":false},"excerpt":{"rendered":"<p>En ber\u00e4ttelse i text och bild om en SXK-eskader fr\u00e5n S:t Petersburg, genom ryska kanaler, till Nordnorge och Svalbard, av Jan-Gunnar Persson. Texten kan l\u00e4sas i ett separat PDF-dokument. Bilderna visas i nedanst\u00e5ende galleri.<\/p>\n","protected":false},"author":3,"featured_media":0,"parent":333,"menu_order":9,"comment_status":"closed","ping_status":"closed","template":"","meta":{"ngg_post_thumbnail":0,"footnotes":""},"class_list":["post-1890","page","type-page","status-publish","hentry"],"_links":{"self":[{"href":"https:\/\/tobiseskader.se\/index.php?rest_route=\/wp\/v2\/pages\/1890","targetHints":{"allow":["GET"]}}],"collection":[{"href":"https:\/\/tobiseskader.se\/index.php?rest_route=\/wp\/v2\/pages"}],"about":[{"href":"https:\/\/tobiseskader.se\/index.php?rest_route=\/wp\/v2\/types\/page"}],"author":[{"embeddable":true,"href":"https:\/\/tobiseskader.se\/index.php?rest_route=\/wp\/v2\/users\/3"}],"replies":[{"embeddable":true,"href":"https:\/\/tobiseskader.se\/index.php?rest_route=%2Fwp%2Fv2%2Fcomments&post=1890"}],"version-history":[{"count":10,"href":"https:\/\/tobiseskader.se\/index.php?rest_route=\/wp\/v2\/pages\/1890\/revisions"}],"predecessor-version":[{"id":1906,"href":"https:\/\/tobiseskader.se\/index.php?rest_route=\/wp\/v2\/pages\/1890\/revisions\/1906"}],"up":[{"embeddable":true,"href":"https:\/\/tobiseskader.se\/index.php?rest_route=\/wp\/v2\/pages\/333"}],"wp:attachment":[{"href":"https:\/\/tobiseskader.se\/index.php?rest_route=%2Fwp%2Fv2%2Fmedia&parent=1890"}],"curies":[{"name":"wp","href":"https:\/\/api.w.org\/{rel}","templated":true}]}}