{"id":971,"date":"2013-10-29T12:20:52","date_gmt":"2013-10-29T11:20:52","guid":{"rendered":"http:\/\/tobiseskader.se\/?page_id=971"},"modified":"2017-02-05T19:09:20","modified_gmt":"2017-02-05T18:09:20","slug":"2007-tyskland","status":"publish","type":"page","link":"http:\/\/tobiseskader.se\/?page_id=971","title":{"rendered":"2007 Tyskland text"},"content":{"rendered":"<h1>GLIMTAR FR\u00c5N TOBISFLYKT TILL TYSKLAND 2007<\/h1>\n<p>Bes\u00e4ttningarna i 11 Tobisb\u00e5tar samlades i <strong>Skillinge<\/strong>, Sk\u00e5ne, den <strong>5 juli<\/strong>. Inger och Pelle Und\u00e9n bj\u00f6d p\u00e5 v\u00e4lkomstfest i sitt flotta residens p\u00e5 Norrek\u00e5s strax utanf\u00f6r Skillinge. Hela dagen hade det regnat ymnigt men lagom till kv\u00e4llen upph\u00f6rde det och vi kunde vandra i solsken till Und\u00e9ns. Det blev en glad afton till ackompanjemang av gladjazz och f\u00f6ljande dans framp\u00e5 sm\u00e5timmarna. Deltagande b\u00e5tar var:<\/p>\n<ul>\n<li><strong>DiAmo<\/strong> Wasa 36, Bj\u00f6rn, Jenny o Malin Kjellberg, Tomas o Tobias<\/li>\n<li><strong>Espri<\/strong> Smaragd, Calle o Gunilla Wennerholm<\/li>\n<li><strong>Fragaria<\/strong> Bavaria 30, Eckart Voss o Liselotte Bj\u00f6rklund<\/li>\n<li><strong>Gangies<\/strong> Scanner 38, G\u00f6ran o Marie Louise Bostr\u00f6m<\/li>\n<li><strong>Johanna II<\/strong> Hallberg Rassy 29, Jan Gunnar Persson o Anna Karin Aminoff<\/li>\n<li><strong>Merica<\/strong> Allegro 33, Hans Roland o Ulrika Lindgren o Horst Mierheim<\/li>\n<li>M<strong>ineva<\/strong> Sweden Yacht 36, Kristian o Eva Wale<\/li>\n<li><strong>Vindburen<\/strong> Linjett 40, Anders o Helena Levander, Torsten o Josefin Tullberg<\/li>\n<li><strong>Whisper<\/strong> Carrera Helmsman, Ole o Anna Strand<\/li>\n<li><strong>Xanadu<\/strong> Diva 38, Klas o Anja Petersson, Calle o Anita Bolin, Torbj\u00f6rn Winquist o Kerstin Jadne<\/li>\n<\/ul>\n<p>V\u00e4derutsikterna f\u00f6r de f\u00f6ljande tv\u00e5 dagarna var att det skulle bl\u00e5sa kuling eller n\u00e4stan kuling V till SV. F\u00f6r den 6 juli, som var v\u00e5r f\u00f6rsta dag, mera V och n\u00e5got mindre styrka \u00e4n den f\u00f6ljande. Vi best\u00e4mde d\u00e5 att utnyttja den, f\u00f6r v\u00e5r del, n\u00e5got f\u00f6rdelaktigare vinden den <strong>6 juli<\/strong> att segla direkt till R\u00fcgen, vilket betydde att vi hoppade \u00f6ver R\u00f6nne p\u00e5 Bornholm, som hade planerats att vara v\u00e5r f\u00f6rsta hamn.<\/p>\n<p>Vi hade t\u00e4nkt att ang\u00f6ra Lohme p\u00e5 norra R\u00fcgen, en liten men enligt uppgift vacker hamn i ett naturreservat. V\u00e4dret var emellertid s\u00e5 tufft att det skulle varit oklokt att g\u00e5 dit, utan vi valde ist\u00e4llet att g\u00e5 till <strong>Sassnitz<\/strong>, som ligger n\u00e5got l\u00e4ngre bort, men som \u00e4r en st\u00f6rre och s\u00e4krare hamn. Vi startade s\u00e5ledes strax efter kl 08:00 den 6 juli. D\u00e5 vi kom s\u00f6der om Sandhammaren blev sj\u00f6n grov och vinden \u00f6kade. Vi tog in tv\u00e5 rev och de flesta av b\u00e5tarna gjorde detsamma. Under dagen v\u00e4xlade vinden i styrka, men hela tiden var sj\u00f6n grov. D\u00e5 och d\u00e5 kom skurar. Det blev s\u00e5ledes en ganska bl\u00f6t segling, men snabb. Vi f\u00f6rt\u00f6jde vid kaj vid 1800 tiden och kunde b\u00f6rja torka v\u00e5r utrustning.<\/p>\n<p>Det bl\u00e5ste fortsatt kuling i Sassnitz. B\u00e5tarna l\u00e5g och drog h\u00e5rt i sina f\u00f6rt\u00f6jningar. De flesta av oss var staplade utanf\u00f6r varandra. V\u00e4dret var s\u00e5dant att vi inte ville forts\u00e4tta omedelbart mot Greifswald, v\u00e5r n\u00e4sta hamn. Den andra kv\u00e4llen i Sassnitz hade vi drink och snittar serverat i en lokal som den v\u00e4nlige hamnkaptenen st\u00e4llde till v\u00e5rt f\u00f6rfogande. Historiskt \u00e4r intressant att komma ih\u00e5g att R\u00fcgen tillf\u00f6ll Sverige i den Westfaliska freden 1648 och \u00f6verl\u00e4mnades till Danmark 1814 och redan 1815 till Preussen. Horst p\u00e5 Merica, som var v\u00e4l hemma p\u00e5 R\u00fcgen f\u00f6reslog en utflykt per t\u00e5g runt \u00f6n, vilket vi gjorde p\u00e5f\u00f6ljande dag. Vi \u00e5kte dels ett vanligt t\u00e5g, som hade f\u00f6rbindelse med Stralsund, dels ocks\u00e5 en museij\u00e4rnv\u00e4g med \u00e5nglok och smalsp\u00e5rig r\u00e4ls, allt v\u00e4ldigt trevligt. R\u00fcgen \u00e4r en vacker \u00f6, ca 970 kvkm med flera centralorter, Sassnitz, Bergen, Binz, som de viktigaste. Vi for med t\u00e5get till Lauterbach p\u00e5 SO sidan, en v\u00e4lbes\u00f6kt hamn f\u00f6r n\u00f6jesb\u00e5tar. Putbus som var en pampig slottsartad bebyggelse, byggd av en lantgreve i b\u00f6rjan av 1900-talet. Vidare ett jaktslott i n\u00e4rheten av staden Binz, numera museum och fr\u00e5n vars torn man hade en vidunderlig utsikt \u00f6ver hela R\u00fcgen. Hela \u00f6n \u00e4r omgiven av djupa vikar, bukter och infj\u00e4rdar s.k. \u201dBodden\u201d, samma ord som vi har i Bottenviken och Bottenhavet.<\/p>\n<p>Den <strong>9 juli<\/strong> hade vinden lugnat sig och vi kunde segla till <strong>Greifswald<\/strong>. Det bl\u00e5ste V ca. 6 m\/s n\u00e5got varierande. Vi kunde str\u00e4cka hela v\u00e4gen i en delvis ganska smal muddrad r\u00e4nna, solsken och m\u00e5nga segelb\u00e5tar som seglade kors och tv\u00e4rs i den grunda \u201dBodden\u201d. Anl\u00e4nde efter tillryggalagda 30 M till Greifswald Wiek kl 1500 d\u00e4r Olle och Anna-Stina Naglo stod och v\u00e4lkomnade. P\u00e5 bryggan kl 1800 drink kring det \u201dgustavianska\u201d bordet. N\u00e4sta dag guidning av v\u00e5r utomordentligt kompetente Reiner Schwenke, tysk men flytande i svenska och oerh\u00f6rt bel\u00e4st och kunnig i den gemensamma tysk-svenska historien. Vi vandrade runt i den historiska stadsk\u00e4rnan, bes\u00f6kte de \u00e4ldsta och mest ber\u00f6mda kyrkorna Nikolaikirche och Marienkirche, universitetet stiftat 1456, en vacker och imponerande byggnad, i vilken vi var inne i den sk\u00f6na aulan, f d biblioteket och h\u00f6rde d\u00e4r ett kort f\u00f6redrag om historien kring detsamma. Universitetet har en l\u00e5ng tradition med undervisning i svenska och svensk historia, \u00e4ven Finlands och har fortfarande idag detta. Lunch intogs p\u00e5 restaurang \u201dDer alte Fritz\u201d, d\u00e4r de bryggde sitt eget \u00f6l.<\/p>\n<p>Den <strong>11 jul<\/strong>i seglade vi vidare till <strong>Stralsund<\/strong>, 17 M, Det bl\u00e5ste SV 8-10 m\/s, men vi fick n\u00e5gra kraftiga \u00e5skbyar \u00f6ver oss p\u00e5 uppemot 20 m\/s, dock helt korta. Vi kom ganska tidigt till bron i Stralsund och fick v\u00e4nta i n\u00e5gra timmar p\u00e5 bro\u00f6ppning. Hamnen i Stralsund \u00e4r stor. Den stora \u201dYachthafen\u201d \u00e4r Nordmole, som har plats f\u00f6r flera hundra b\u00e5tar. Det beh\u00f6vs nog, dels f\u00f6r att den var v\u00e4lfylld, dels f\u00f6r den v\u00e4ntade stora Kryssarklubbseskadern som skulle ankomma den 17 med ca 120 b\u00e5tar. F\u00f6ljande dag m\u00f6tte vi v\u00e5r guide kl 10:00 Brigitte Haase, ocks\u00e5 svenskspr\u00e5kig. Hon m\u00f6tte oss i hamnen och vi gick med henne upp till Alter Markt d\u00e4r R\u00e5dhuset ligger och Nicolaikirche som vi gick in i. Stralsund har tydliga sp\u00e5r efter Andra V\u00e4rldskriget till skillnad fr\u00e5n Greifswald som var t\u00e4mligen of\u00f6rst\u00f6rt. Det m\u00e4rktes bl.a. genom att det fanns i Stralsund en hel del nyare hus inspr\u00e4ngda mellan de gamla ofta fr\u00e5n medeltiden byggda husen. DDR-tiden visar ocks\u00e5 naturligtvis sina sp\u00e5r, inte alltid i fula byggnader.<\/p>\n<p>Vi bes\u00f6kte Marienkirche, som var sv\u00e5rt bombskadad och som man \u00e4nnu s\u00e5 l\u00e4nge inte best\u00e4mt sig f\u00f6r att restaurera . N\u00e5gra viktiga byggnader var vid R\u00e5dhusplatsen det hus d\u00e4r den svenska kommendanten bott under svensktiden. Det var prytt med det svenska riksvapnet. Vidare Carl Wilhelm Scheeles hus. Han var ber\u00f6md kemist och bodde b\u00e5de i Stralsund och i Sverige, G\u00f6teborg och Malm\u00f6. B\u00e5da kv\u00e4llarna i Stralsund \u00e5t vi p\u00e5 hamnens restaurang. Stralsund grundades 1234 av Wizlaw I furste av R\u00fcgen, beh\u00e4rskades av svenskar alltifr\u00e5n det att Gustav II Adolf landsteg med sin h\u00e4r 1628 f\u00f6r att delta i det 30-\u00e5riga kriget, med n\u00e5gra avbrott, fram till 1814. S\u00e5v\u00e4l i Stralsund som i Greifswald finns minnesm\u00e4rken \u00f6ver Gustav II Adolf, som man upplevde som en r\u00e4ddare fr\u00e5n Norden.<\/p>\n<p>Den <strong>13 juli<\/strong> seglade vi till <strong>Hiddensee<\/strong>, den vackra smala sand\u00f6n som ligger strax v\u00e4ster om R\u00fcgen. Enligt den ursprungliga f\u00e4rdplanen skulle vi g\u00e5tt till Breege p\u00e5 nordsidan av en av R\u00fcgens infj\u00e4rdar, men eftersom vi redan tack vare Horst sett mycket av R\u00fcgen under t\u00e5gresan valde vi att g\u00e5 direkt till Hiddensee. Vi valde att ang\u00f6ra <strong>Kloster<\/strong> ist\u00e4llet f\u00f6r Vitte. Det visade sig vara ett klokt val. Kloster var en f\u00f6rtjusande liten hamn med en tillm\u00f6tesg\u00e5ende hamnkapten.<\/p>\n<p>Om Vitte h\u00f6rde vi senare mindre trevliga omd\u00f6men. Hiddensee \u00e4r ett naturreservat i alla bem\u00e4rkelser. Det finns inga bilar. Folk cyklar eller \u00e5ker h\u00e4stskjuts. P\u00e5 de l\u00e5nga vackra sandstr\u00e4nderna p\u00e5 v\u00e4stra sidan badar m\u00e4ngder av m\u00e4nniskor\u00a0\u201dnaturist\u201d i h\u00e4rligt klart vatten. Man ser alla slag av badare, vackra och mindre vackra. Intressant f\u00f6r oss \u201dpryda\u201d svenskar.<\/p>\n<p>Vi hyrde cyklar och anv\u00e4nde en liggedag att r\u00f6ra oss omkring p\u00e5 \u00f6n. Bebyggelsen best\u00e5r till del av hus i gammal stil med halmtak. Restauranger, hotell och aff\u00e4rer riktade till turister finns det gott om. Vi cyklade till Vitte och en tredje hamn som hette Neuendorf, d\u00e4r vi \u00e5t lunch. Vi s\u00e5g h\u00e4r flera av de Kryssarklubbsb\u00e5tar som ingick i den stora eskadern som n\u00e5gra dagar senare skulle anl\u00e4nda till Stralsund. P\u00e5 nordspetsen av \u00f6n ligger fyren Dornbusch. Seglingen fr\u00e5n Stralsund till Kloster gick till stor del i en grund muddrad r\u00e4nna, utanf\u00f6r vilken djupet var en meter, ibland mindre. Allt gick dock bra och ingen grundst\u00f6tning intr\u00e4ffade. Distansen 30 M.<\/p>\n<p>Den <strong>15 juli<\/strong> seglade vi mot Warnem\u00fcnde\/Rostock. Ursprungligen skulle vi ha stannat halvv\u00e4gs i en hamn som heter Darsser Ort. Emellertid blev vi informerade att den numera \u00e4r st\u00e4ngd p\u00e5 grund av f\u00f6r litet djup i hamnen och i inloppet, bara 1,5 m, och man har inga planer p\u00e5 att muddra i \u00e5r. S\u00e5ledes, en ganska l\u00e5ng dag till havs, 50 M raka v\u00e4gen, men eftersom vi hade kryss utom p\u00e5 slutet blev det betydligt l\u00e4ngre. I b\u00f6rjan hade vi en trevlig SV bris 8 m\/s som dock avtog. P\u00e5 slutet av dagen hade vi O bris, vilket inspirerade n\u00e5gra till att s\u00e4tta spinnaker. Vi gick upp floden Warnow \u00e4nda in i \u201dStadthafen\u201d <strong>Rostock<\/strong>. Vi hade blivit rekommenderade detta av v\u00e5r guide f\u00f6ljande dag, Mem Brycker Ebel, svenska fr\u00e5n Nyk\u00f6ping numera gift och bosatt i Rostock. Hon arbetar som sjukgymnast med egen praktik i Rostock och kom och m\u00f6tte oss p\u00e5 eftermiddagen. Det var v\u00e4rmeb\u00f6lja den dagen, den enda under hela flykten, 37 C i skuggan. Vi pustade runt under Mems sakkunniga ledning, konstaterade att Rostock f\u00e5tt en hel del ny bebyggelse under DDR-tiden, som delvis sm\u00e4lte bra in i stadsmilj\u00f6n. Stadsk\u00e4rnan upplevde vi som of\u00f6rst\u00f6rd och mycket tjusig. Ett h\u00e4rligt folkliv. Vi kl\u00e4ttrade upp hela v\u00e4gen i Kr\u00f6peliner Tor, d\u00e4r vi hade utsikt \u00f6ver hela staden. Vi bes\u00f6kte flera kyrkor, liksom i Greifswald och Stralsund j\u00e4ttehelgedomar, restaurerade eller under restaurering. Vi s\u00e5g det m\u00e4rkv\u00e4rdiga astronomiska uret, tillverkat p\u00e5 1400 talet, som underh\u00e5lls hela tiden, dras upp en g\u00e5ng i veckan. Ett liknande ur finns i Lunds domkyrka. P\u00e5 kv\u00e4llen hade vi gemensam middag i den i hamnen bel\u00e4gna restaurangen.<\/p>\n<p>N\u00e4sta dag, den <strong>17 juli<\/strong>, skulle vi segla till Wismar enligt planen. Det bl\u00e5ste kuling SV vilket skulle betyda kryss hela v\u00e4gen, till havs. Xanadu tackade f\u00f6r flykten och l\u00e4mnade flocken f\u00f6r att segla hem. Gangies best\u00e4mde sig ocks\u00e5 f\u00f6r att avbryta. Vi var d\u00e5 8 b\u00e5tar kvar som gick ner till <strong>Warnem\u00fcnde<\/strong> f\u00f6r att inv\u00e4nta ev. f\u00f6rb\u00e4ttrade v\u00e4derf\u00f6rh\u00e5llanden. Tidig e.m. best\u00e4mde vi oss f\u00f6r att hoppa \u00f6ver Wismar, tyv\u00e4rr, och ist\u00e4llet g\u00e5 direkt till Gedser p\u00e5 Falster, Danmark, som ligger n\u00e4ra. S\u00e5ledes avseglade vi vid 1400 tiden mot Gedser, 20 M, och kom fram ganska tidigt. Gedser \u00e4r inget speciellt roligt st\u00e4lle, \u00e4r en stor f\u00e4rjehamn. Inget s\u00e4rskilt program d\u00e4r.<\/p>\n<p>Den <strong>18 juli<\/strong> seglade vi till <strong>Klintholm<\/strong> p\u00e5 M\u00f6n, 32 M, Vi hade ganska svag SV vind, utom p\u00e5 slutet d\u00e5 det friskade i ordentligt. Spinnaker st\u00f6rre delen av dagen. I Klintholm samlade vi oss alla p\u00e5 samma st\u00e4lle, l\u00e5g staplade utanp\u00e5 varandra. Vi hissade v\u00e5ra signalst\u00e4ll, kl\u00e4dde upp oss i v\u00e5ra finaste g\u00e5ilandkl\u00e4der, damerna i kl\u00e4nning och herrarna i kavaj, vit skjorta och skepparm\u00f6ssa, n\u00e5gra med vitt kapell. Drink p\u00e5 bryggan. Mitt i alltsammans d\u00f6k DiAmo upp i hamnen och s\u00e4llade sig till oss. Bj\u00f6rn hade v\u00e4ntat en dag i Warnem\u00fcnde f\u00f6r att sl\u00e4ppa av Tobias som skulle flyga hem fr\u00e5n L\u00fcbeck. Vi appl\u00e5derade ankomsten och gick efter en stund upp till en liten restaurang, d\u00e4r vi avnj\u00f6t en festavslutningsmiddag med s\u00e5ng och sk\u00e5lar.<\/p>\n<p>En h\u00e4rlig st\u00e4mning. Alla hade vi haft en god kamratanda under flykten, inga tr\u00e5kigheter, inga miss\u00f6den. Vi hade kunnat ha b\u00e4ttre v\u00e4der, men det mindre njutbara h\u00e4rvidlag kompenserades fullkomligt av v\u00e5ra fina upplevelser i hamnarna vi bes\u00f6kt och allt intressant vi f\u00e5tt se. Vi saknade bes\u00e4ttningarna p\u00e5 Gangies och Xanadu vid avslutningen men alla f\u00f6rstod deras br\u00e5dska att segla hem f\u00f6re oss. Vi hade ocks\u00e5 g\u00e4rna sett Olle och Anna-Stina den h\u00e4r kv\u00e4llen, men de hade \u00e5terv\u00e4nt till Sverige redan efter Stralsund. \u00c4nnu en lyckad Flykt i Tobis, vi ser framemot nya sp\u00e4nnande \u00e4ventyr, nu n\u00e4rmast i den grekiska arkipelagen.<\/p>\n<p>Vid anteckningarna, Trosa den 29 augusti 2007,<br \/>\nGunilla o Calle Wennerholm, Fest- och L\u00e5ngtobisar<\/p>\n","protected":false},"excerpt":{"rendered":"<p>GLIMTAR FR\u00c5N TOBISFLYKT TILL TYSKLAND 2007 Bes\u00e4ttningarna i 11 Tobisb\u00e5tar samlades i Skillinge, Sk\u00e5ne, den 5 juli. Inger och Pelle Und\u00e9n bj\u00f6d p\u00e5 v\u00e4lkomstfest i sitt flotta residens p\u00e5 Norrek\u00e5s strax utanf\u00f6r Skillinge. Hela dagen hade det regnat ymnigt men &hellip; <a href=\"http:\/\/tobiseskader.se\/?page_id=971\">Forts\u00e4tt l\u00e4sa <span class=\"meta-nav\">&rarr;<\/span><\/a><\/p>\n","protected":false},"author":2,"featured_media":0,"parent":17,"menu_order":23,"comment_status":"closed","ping_status":"closed","template":"","meta":{"ngg_post_thumbnail":0,"footnotes":""},"class_list":["post-971","page","type-page","status-publish","hentry"],"_links":{"self":[{"href":"http:\/\/tobiseskader.se\/index.php?rest_route=\/wp\/v2\/pages\/971","targetHints":{"allow":["GET"]}}],"collection":[{"href":"http:\/\/tobiseskader.se\/index.php?rest_route=\/wp\/v2\/pages"}],"about":[{"href":"http:\/\/tobiseskader.se\/index.php?rest_route=\/wp\/v2\/types\/page"}],"author":[{"embeddable":true,"href":"http:\/\/tobiseskader.se\/index.php?rest_route=\/wp\/v2\/users\/2"}],"replies":[{"embeddable":true,"href":"http:\/\/tobiseskader.se\/index.php?rest_route=%2Fwp%2Fv2%2Fcomments&post=971"}],"version-history":[{"count":10,"href":"http:\/\/tobiseskader.se\/index.php?rest_route=\/wp\/v2\/pages\/971\/revisions"}],"predecessor-version":[{"id":1413,"href":"http:\/\/tobiseskader.se\/index.php?rest_route=\/wp\/v2\/pages\/971\/revisions\/1413"}],"up":[{"embeddable":true,"href":"http:\/\/tobiseskader.se\/index.php?rest_route=\/wp\/v2\/pages\/17"}],"wp:attachment":[{"href":"http:\/\/tobiseskader.se\/index.php?rest_route=%2Fwp%2Fv2%2Fmedia&parent=971"}],"curies":[{"name":"wp","href":"https:\/\/api.w.org\/{rel}","templated":true}]}}