{"id":778,"date":"2013-02-14T13:18:45","date_gmt":"2013-02-14T12:18:45","guid":{"rendered":"http:\/\/tobiseskader.se\/?page_id=778"},"modified":"2017-08-16T18:40:56","modified_gmt":"2017-08-16T17:40:56","slug":"2013-vastindien","status":"publish","type":"page","link":"http:\/\/tobiseskader.se\/?page_id=778","title":{"rendered":"2013 V\u00e4stindien text"},"content":{"rendered":"<h1>KSSS eskader Karibien 2013<\/h1>\n<p><strong>L\u00f6rdag 26 januari<\/strong><br \/>\nAnkomst Fort de France, Martinique, bil till Cul de Sac \/ Le Marin. 4 b\u00e5tar bokade. V\u00e5r bes\u00e4ttning: Jan-Gunnar, Bj\u00f6rn, Anna-Karin, Eckart, Liselotte, Olle, Marie. Gemensam middag p\u00e5 hamnkrogen, med \u00f6vriga bes\u00e4ttningar. Dansupptr\u00e4dande med v\u00e4lsvarvade karibiskor.<\/p>\n<p><strong>S\u00f6ndag 27 januari<\/strong><br \/>\nGenomg\u00e5ng av v\u00e5r b\u00e5t, Harmony 47 Molokai, med uthyraren DreamYacht Charter. Proviantering, bunkring av vatten och drycker. Utklarering fr\u00e5n Martinique. Motorg\u00e5ng 3 M ut till St Anne, ankring i bukten. Middag ombord. Vi s\u00e5g den ber\u00f6mda gr\u00f6na blixten i solnedg\u00e5ngen!<\/p>\n<p><strong>M\u00e5ndag 28 januari<\/strong><br \/>\nSegling till St Lucia, 35 M. Frisk sl\u00f6r 8-12 m\/s, fullt st\u00e4ll. H\u00e4rligt att i frisk vind segla l\u00e4tt kl\u00e4dd i bara shorts och T-shirt! Gott om flygfisk, som gjorde l\u00e5nga hopp och flygturer. Angjorde Rodney Bay med kajf\u00f6rt\u00f6jning l\u00e5ngsides. In- och utklarering i St Lucia och v\u00e4xling till EC-dollar. Lunch i land. Fortsatt segling och motorg\u00e5ng till Hummingbird\/Sofriere, intill \u201dpitongerna\u201d Gros och Petit Pitong. St\u00e4vankare och aktern mot land, boyar tog l\u00e5ng akterlina till palm p\u00e5 stranden. M\u00e4ktigt frodigt landskap med h\u00f6ga vulkaniska berg. Middag iland p\u00e5 Hummingbird.<\/p>\n<p><strong>Tisdag 29 januari<\/strong><br \/>\nTidig avg\u00e5ng mot Bequia. H\u00e4ftig squall med kortvarig h\u00e5rd vind och intensivt regn, f\u00f6re segels\u00e4ttning.  Halvvind\/sl\u00f6r f\u00f6rbi St Vincent, ocks\u00e5 en stor \u00f6 med dramatiskt lanskap och en vulkank\u00e4gla i moln. 55 M till Bequia, d\u00e4r vi tog svajboj i Admirality Bay utanf\u00f6r Port Elizabeth. Gott om yachter och kryssningsfartyg p\u00e5 redden. Middag ombord.<\/p>\n<p><strong>Onsdag 30 januari<\/strong><br \/>\nLiggedag i Bequia. Inklarering St Vincent &#038; Grenadinerna \u2013 klagom\u00e5l att vi inte klarerat in redan kv\u00e4llen innan. Lunch p\u00e5 restaurang Gingerbread. Biltur p\u00e5 \u00f6n, till fortruinen Look Out vid inloppet och till sk\u00f6ldpaddsreservatet p\u00e5 \u00f6stra sidan \u00f6n. J-G &#038; Bj\u00f6rn handlade frukt p\u00e5 marknaden och blev uppsk\u00f6rtade rej\u00e4lt. Kv\u00e4llstur med bil till Friendship Bay, med gemensam middag p\u00e5 Bequia Beach hos sk\u00e5nske kr\u00f6garen Olle Persson-Berg. Drink, buff\u00e9, h\u00e4rlig kv\u00e4ll.<\/p>\n<p><strong>Torsdag 31 januari<\/strong><br \/>\nNu har vi n\u00e5tt Grenadinerna och seglar i frisk vind med ett rev i storen, 25 M till Mayreau. Plottern (fabrikat Cobra) l\u00e5ste sig och kunde inte startas, men med ett telefonsamtal till Alain p\u00e5 Dream Yachts kunde vi t\u00f6mma plotterns minne och komma ig\u00e5ng igen. Regnskurar, men man torkar snabbt. Vi tog boj i Salt Whistle Bay. H\u00e4r ser det ut som f\u00f6rv\u00e4ntat i Karibien, sandstr\u00e4nder med palmer och korallrev utanf\u00f6r. Vi landade med jollen p\u00e5 sandstranden och blev \u00f6verspolade av en v\u00e5g akterifr\u00e5n \u2013 man l\u00e4r sig! Rhum punsch p\u00e5 stranden, spr\u00e5kade med ett ungt par med barn som seglat fr\u00e5n R\u00e5\u00e5 i somras, i sin Bavaria 42. Olle l\u00e4t sig fotograferas med m\u00f6rk sk\u00f6nhet. P\u00e5 kv\u00e4llen barbecue p\u00e5 stranden med langousters, f\u00f6r v\u00e5r b\u00e5tbes\u00e4ttning. H\u00e4rligt, i den m\u00f6rka stj\u00e4rnklara natten. <\/p>\n<p><strong>Fredag 1 februari<\/strong><br \/>\nTobago Cays \u2013 en h\u00f6jdpunkt p\u00e5 seglingen! Motorg\u00e5ng ca 5M till Tobago Cays, d\u00e4r vi tog boj innanf\u00f6r korallrevet Horseshoe Reef. Makal\u00f6st fina vyer! Sk\u00f6ldpaddor simmade omkring p\u00e5 fladen. En hel del yachter h\u00e4r. Dessv\u00e4rre v\u00e4l bl\u00e5sigt f\u00f6r snorkling, men sj\u00f6l\u00e4 innanf\u00f6r revet. Vi tog f\u00f6rst jollen in till sandstranden p\u00e5 Jamesby och testade snorkling. Sedan ut till en jolleboj intill revet, d\u00e4r vi snorklade och J-G testade undervattensfoto med nya Pentax\u00b4en. Inga f\u00e4rggranna fiskar, men n\u00e5gra sm\u00e5 randiga. Vi lyckades med gemensamma krafter \u00e4ntra jollen efter dykningarna. Bes\u00f6k med drink hos Tobiskompisarna i Cyclades 50. Motorg\u00e5ng tillbaka till Mayreau. Vi letade efter s\u00f6dra utloppet fr\u00e5n Tobago Cays, men gav upp och gick norra v\u00e4gen. Tog boj i Saline Bay utanf\u00f6r en folktom sandstrand. Kv\u00e4llspromenad upp till samh\u00e4llet, innan solen gick ned. Middag ombord.<\/p>\n<p><strong>L\u00f6rdag 2 februari<\/strong><br \/>\nAvsegling mot Union Island. Regnbyar, vi blev dr\u00e4nkta i ett skyfall. Sikten gick ner mot noll i sundet mellan Union Island och Palm Island. Vinden vred emot till SE, vi gick f\u00f6r motor i regnet, ner mot Petit St Vincent som blev v\u00e4ndpunkt f\u00f6r seglingen. Sj\u00f6l\u00e4 innanf\u00f6r korallreven, men dessv\u00e4rre f\u00f6r bl\u00e5sigt f\u00f6r snorkling. Vi ankrade utanf\u00f6r \u00f6n, som \u00e4r privat\u00e4gd av oljemagnater fr\u00e5n Texas. N\u00e5gra yachter l\u00e5g h\u00e4r. Mycket eleganta hotell, restaurang och barer. Vi jollade iland och intog Rhum punsch respektive Pina collada. J-G inhandlade ett par lyxiga badbyxor m\u00e4rkta Mustique.  P\u00e5 eftermiddagen gick vi ut och v\u00e4nde st\u00e4ven norrut, mot Union Island, motorg\u00e5ng.  En buoy-b\u00e5t lotsade oss in till brygga i Clifton, utanf\u00f6r Anchorage Yacht Club. Mycket bl\u00e5sigt och tr\u00e5ngt i hamnen, vi anvisades plats p\u00e5 bryggans lovartssida. J-G lyckades inte med man\u00f6vern, vi pressades mot bryggan, men buoy-boyarna drog oss ut med sina sm\u00e5 b\u00e5tar och vi kunde ankra p\u00e5 l\u00e4sidan, med aktern mot bryggan. Vattenbunkring, 0.25 $ EC per liter. Gemensam drink p\u00e5 Yachtklubben. Lite sm\u00e5regnigt. Buff\u00e9middag p\u00e5 Lambi\u00b4s, med steel band live music. Musiken bra, men buff\u00e9n m\u00e5ttligt uppskattad. \u00c4garen Lambert basar ocks\u00e5 \u00f6ver en supermarket, d\u00e4r utbudet dock var begr\u00e4nsat.<\/p>\n<p><strong>S\u00f6ndag 3 februari<\/strong><br \/>\nStr\u00e4ck f\u00f6rbi Mayreau och  str\u00e4ckbog\/kryss i frisk vind, upp mot Mustique, 25 M. Fin segling. Vi tog boj i Brittania Bay, denna g\u00e5ng utan hj\u00e4lp av buoy-boyar. Mustique \u00e4r privat\u00e4gd, h\u00e4r h\u00e5ller k\u00e4ndisar som Mick Jagger, Tommy Hilfiger, m.fl. till. H\u00e4r hade ocks\u00e5 Princess Margaret ett residens. \u00d6n visade sig vara avlyst  under hela februari, men vi kunde bes\u00f6ka Basil\u00b4s Bar p\u00e5 p\u00e5lar ute i vattnet. H\u00e4r frotteras the jet-set med yachtisar. Just nu avslutades den \u00e5rliga tv\u00e5veckors bluesfestivalen, med bluesmusik av h\u00f6gsta klass. Sen middag ombord.<\/p>\n<p><strong>M\u00e5ndag 4 februari<\/strong><br \/>\nJ-G gjorde med vakterna p\u00e5 \u00f6n en biltur till flygplatsen, f\u00f6r utklarering fr\u00e5n St Vincent &#038; Grenadinerna. Sedan segling f\u00f6rbi Bequia upp mot St Vincent, dit vi kunde str\u00e4cka hela v\u00e4gen, 16 M. Vi tog boj innanf\u00f6r Young Island. V\u00e5ra karibdollar sinar, J-G och Olle jollade iland och tog taxi till bankomat vid flygplatsen i Kingstown. Jolletur till den h\u00f6ga klippan Fort Duvernette, under sent 1700-tal bef\u00e4st av britterna som sl\u00e4pat upp kanoner.  Delar av bes\u00e4ttningen kl\u00e4ttrade de branta trapporna med 250 steg upp till toppen, 59 m \u00f6.h.  Finland har finansierat renoveringen. Landstigning \u00e4ven p\u00e5 Young Island. Middag ombord.<\/p>\n<p><strong>Tisdag 5 februari<\/strong><br \/>\nTidig start s\u00e5 fort det ljusnade klockan 6. Frukost under g\u00e5ng. Svag motvind, motorg\u00e5ng l\u00e4ngs St Vincents h\u00f6ga dramatiska kust, med vulkantoppar. Vid norra udden stabiliserades vinden och vi satte segel. Fin str\u00e4ckbog \u00f6ver sundet St Vincent \u2013 St Lucia. Vi passerade \u00e5ter Pitongerrna och bananplantagerna p\u00e5 sluttningarna. Motorg\u00e5ng sista str\u00e4ckan i l\u00e4 av St Lucia, till Marigot Bay \u2013 ett skyddat Hurricane Hole. Vi fick boj intill mangrovestranden p\u00e5 norra sidan av fladen. Stefans b\u00e5t tog kajf\u00f6rt\u00f6jning \u2013 dyrt! Lyxiga omgivningar, v\u00e4lf\u00f6rsett med aff\u00e4rer och restauranger. Middag iland p\u00e5 Chateau Mygo.<\/p>\n<p><strong>Onsdag 6 februari<\/strong><br \/>\nLiggedag p\u00e5 St Lucia. J-G klarerade in och ut till\/fr\u00e5n St Lucia. Gemensam biltur runt \u00f6n. Vi \u00e5kte genom bananplantager, upp mot regnskogen  med geotermisk aktivitet och  utstr\u00f6mmande \u00e5nga, vidare  till ett litet fiskel\u00e4ge. Mycket kuperat och branta v\u00e4gar. Snabblunch p\u00e5 strandbaren i Soufri\u00e8re. Turen fortsatte till den botaniska tr\u00e4dg\u00e5rden med exotiska v\u00e4xter och ett vackert vattenfall, samt varma mineralrika k\u00e4llor. Efter heldagsturen provianterade vi och tog middag ombord. Fr\u00e5n Mango Beach Inn h\u00f6rdes live jazz med en trio och vokalist.<\/p>\n<p><strong>Torsdag 7 februari<\/strong><br \/>\nSista seglingsdagen bj\u00f6d p\u00e5 en fin str\u00e4ckbog med ett par krysslag p\u00e5 slutet, upp till Martinique. N\u00e5got l\u00e4ttare vind \u00e4n tidigare, ca 7 m\/s, behaglig segling, 35 M. Intill oss seglade Stefans Bavaria 46. Kappsegling in till St Anne p\u00e5 kryssen. Ankring p\u00e5 fladen. Middag iland p\u00e5 La Dunette.<\/p>\n<p><strong>Fredag 8 februari<\/strong><br \/>\nMotorg\u00e5ng in till Le Marin. Vi bunkrade diesel, Alain fr\u00e5n Dream Yacht kom ut  med  jolle och man\u00f6vrerade oss in till sin bryggplats. J-G klarerade in p\u00e5 Martinique, medan b\u00e5ten checkades av och inspekterades (\u00e4ven med dykare). B\u00e5ten har f\u00f6r v\u00e5r del fungerat problemfritt, s\u00e5 n\u00e4r som p\u00e5 slirande avlastare, f\u00f6r f\u00e5 vinchar, r\u00e4tt d\u00e5liga segel, spartansk k\u00f6ksutrustning och kr\u00e5nglig plotter. Efter avl\u00e4mning tog vi taxi till Karibea Squash Hotel i Fort de France. Kv\u00e4ll inne i stan med l\u00e5tt middag p\u00e5 cr\u00e9peri, regnigt och helt d\u00f6tt i stan.<\/p>\n<p><strong>L\u00f6rdag 9 februari<\/strong><br \/>\nPromenad ner till stan, idag fint v\u00e4der och livligt med mycket folk. Karnevalen startar idag och inne p\u00e5 en galleria startade karnevalsyran med utsmyckade dansare och musiker. Flanerande p\u00e5 stan med lunch, innan vi promenerade tillbaka till hotellet f\u00f6r f\u00e4rd till flygplatsen och hemresan.<\/p>\n<p><strong>Summerat<\/strong><br \/>\nEn mycket lyckad segling, \u00f6ver f\u00f6rv\u00e4ntan. Behagligt klimat \u2013 sk\u00f6nt som kontrast till vintern hemma, stabil passadvind NE 10-12 m\/s, trevlig samvaro ombord. Dock inte s\u00e5 mycket kontakt med de andra b\u00e5tarna i eskadern. Sn\u00e4ll b\u00e5t, inga n\u00e4mnv\u00e4rda tekniska problem.<\/p>\n<p>   \/Jan-Gunnar Persson, skeppare s\/y Molokai<\/p>\n","protected":false},"excerpt":{"rendered":"<p>KSSS eskader Karibien 2013 L\u00f6rdag 26 januari Ankomst Fort de France, Martinique, bil till Cul de Sac \/ Le Marin. 4 b\u00e5tar bokade. V\u00e5r bes\u00e4ttning: Jan-Gunnar, Bj\u00f6rn, Anna-Karin, Eckart, Liselotte, Olle, Marie. Gemensam middag p\u00e5 hamnkrogen, med \u00f6vriga bes\u00e4ttningar. Dansupptr\u00e4dande &hellip; <a href=\"http:\/\/tobiseskader.se\/?page_id=778\">Forts\u00e4tt l\u00e4sa <span class=\"meta-nav\">&rarr;<\/span><\/a><\/p>\n","protected":false},"author":3,"featured_media":0,"parent":333,"menu_order":11,"comment_status":"closed","ping_status":"closed","template":"","meta":{"ngg_post_thumbnail":0,"footnotes":""},"class_list":["post-778","page","type-page","status-publish","hentry"],"_links":{"self":[{"href":"http:\/\/tobiseskader.se\/index.php?rest_route=\/wp\/v2\/pages\/778","targetHints":{"allow":["GET"]}}],"collection":[{"href":"http:\/\/tobiseskader.se\/index.php?rest_route=\/wp\/v2\/pages"}],"about":[{"href":"http:\/\/tobiseskader.se\/index.php?rest_route=\/wp\/v2\/types\/page"}],"author":[{"embeddable":true,"href":"http:\/\/tobiseskader.se\/index.php?rest_route=\/wp\/v2\/users\/3"}],"replies":[{"embeddable":true,"href":"http:\/\/tobiseskader.se\/index.php?rest_route=%2Fwp%2Fv2%2Fcomments&post=778"}],"version-history":[{"count":14,"href":"http:\/\/tobiseskader.se\/index.php?rest_route=\/wp\/v2\/pages\/778\/revisions"}],"predecessor-version":[{"id":3469,"href":"http:\/\/tobiseskader.se\/index.php?rest_route=\/wp\/v2\/pages\/778\/revisions\/3469"}],"up":[{"embeddable":true,"href":"http:\/\/tobiseskader.se\/index.php?rest_route=\/wp\/v2\/pages\/333"}],"wp:attachment":[{"href":"http:\/\/tobiseskader.se\/index.php?rest_route=%2Fwp%2Fv2%2Fmedia&parent=778"}],"curies":[{"name":"wp","href":"https:\/\/api.w.org\/{rel}","templated":true}]}}