{"id":747,"date":"2013-01-14T23:52:40","date_gmt":"2013-01-14T21:52:40","guid":{"rendered":"http:\/\/tobiseskader.se\/?page_id=747"},"modified":"2017-02-05T19:03:45","modified_gmt":"2017-02-05T18:03:45","slug":"eskader-2013","status":"publish","type":"page","link":"http:\/\/tobiseskader.se\/?page_id=747","title":{"rendered":"2013 \u00d6stra Gotland plan"},"content":{"rendered":"<h1>F\u00e4rdplan Tobisflykt 2013 \u00d6stra Gotland<\/h1>\n<p><a href=\"http:\/\/media.tobiseskader.se\/2013\/01\/gotland.jpg\"><img loading=\"lazy\" decoding=\"async\" class=\"alignright size-medium wp-image-752\" title=\"gotland\" src=\"http:\/\/media.tobiseskader.se\/2013\/01\/gotland-176x300.jpg\" alt=\"\" width=\"176\" height=\"300\" srcset=\"https:\/\/media.tobiseskader.se\/2013\/01\/gotland-176x300.jpg 176w, https:\/\/media.tobiseskader.se\/2013\/01\/gotland-602x1024.jpg 602w, https:\/\/media.tobiseskader.se\/2013\/01\/gotland.jpg 1019w\" sizes=\"auto, (max-width: 176px) 100vw, 176px\" \/><\/a>P\u00e5 denna sida beskrivs kommande eskadersegling, eller s\u00e5kallad &#8221;flykt&#8221; som det heter p\u00e5 tobisspr\u00e5k. F\u00f6r \u00e5r 2013 \u00e4r Hans-Roland Lindgren utsedd till L\u00e5ngtobis. P\u00e5 \u00e5rstinget framkom r\u00e4tt m\u00e5nga olika flyktalternativ, men efter lite efterf\u00f6ljande omr\u00f6stning via mejl s\u00e5 visade sej att alternativet \u00f6stra Gotland fick mest gillande.<\/p>\n<p>Flyktplanen i stora drag<\/p>\n<ul>\n<li>L\u00e5ngtobis \u00e4r Hans-Roland Lindgren.<\/li>\n<li>Start 2013-07-07, troligen Ut\u00f6\u00a0eller liknande.<\/li>\n<li>Segling till Gotska Sand\u00f6n, Lauterhorn (F\u00e5r\u00f6sund), s\u00f6derut l\u00e4ngs \u00f6stra Gotland, runt Hoburgen och till Stora Karls\u00f6, sedan mot fastlandet.<\/li>\n<li>Slut 10-14 dagar senare, norra \u00d6land, Figeholm eller Oskarshamn.<\/li>\n<\/ul>\n<h2>F\u00e4rdplanen i detalj efter m\u00f6te 5 maj<\/h2>\n<p>Sidh\u00e4nvisning avser SXKs \u00e5rsbok 2007 Gotlandskust.<\/p>\n<table>\n<tbody>\n<tr>\n<th><strong>Dag<\/strong><\/th>\n<th><strong>Till<\/strong><\/th>\n<th><strong>Position<\/strong><\/th>\n<th><strong>Distans<\/strong><\/th>\n<th><strong>Beskrivning<\/strong><\/th>\n<th><strong>Sida<\/strong><\/th>\n<\/tr>\n<tr>\n<td>S\u00f6 7\/7<\/td>\n<td>Ut\u00f6<\/td>\n<td>N 58 58,20<br \/>\nE 18 19,80<\/td>\n<td>&#8212;<\/td>\n<td>G\u00e4sthamnen. Samling kl 18:00.<br \/>\nEv. v\u00e4lkomstmiddag kl 19:00\n<\/td>\n<td>&#8212;<\/td>\n<\/tr>\n<tr>\n<td>M\u00e5 8\/7<\/td>\n<td>Gotska Sand\u00f6n<\/td>\n<td>N 58 22,00<br \/>\nE 19 14,00<\/td>\n<td>45<\/td>\n<td>Liggedag. Om v\u00e4dret inte till\u00e5ter ankring,<br \/>\n\u00e4r alternativhamnen Lauterhorn (68 M).<\/td>\n<td>50<\/td>\n<\/tr>\n<tr>\n<td>On 10\/7<\/td>\n<td>Lauterhorn<\/td>\n<td>N 57 50,05<br \/>\nE 19 04,95<\/td>\n<td>30<\/td>\n<td>Vid kraftig bel\u00e4ggning f\u00f6rt\u00f6jning sida vid sida.<br \/>\nGrillafton. Liggedag om ej Gotska Sand\u00f6n.<\/td>\n<td>43<\/td>\n<\/tr>\n<tr>\n<td>To 11\/7<\/td>\n<td>St Olofsholm<\/td>\n<td>N 57 43,10<br \/>\nE 18 54,85<\/td>\n<td>25<\/td>\n<td>Naturreservat med raukar<\/td>\n<td>74<\/td>\n<\/tr>\n<tr>\n<td>Fr 12\/7<\/td>\n<td>Herrvik<\/td>\n<td>N 57 25,43<br \/>\nE 18 54,99<\/td>\n<td>19<\/td>\n<td>Restaurang alt v\u00e4lkomstmiddag?<\/td>\n<td>88<\/td>\n<\/tr>\n<tr>\n<td>L\u00f6 13\/7<\/td>\n<td>N\u00e4rshamn<\/td>\n<td>N 57 13,50<br \/>\nE 18 40,01<\/td>\n<td>20<\/td>\n<td>Restaurang 2 km.<\/td>\n<td>102<\/td>\n<\/tr>\n<tr>\n<td>S\u00f6 14\/7<\/td>\n<td>V\u00e4ndburg<\/td>\n<td>N 56 56,65<br \/>\nE 18 18,68<\/td>\n<td>27<\/td>\n<td>Nya hamnen. Liggedag.<br \/>\nCykelavst\u00e5nd till Lars Jonssons museum.<\/td>\n<td>108<\/td>\n<\/tr>\n<tr>\n<td>Ti 16\/7<\/td>\n<td>Burgsvik<\/td>\n<td>N 57 02,17<br \/>\nE 17 58,25<\/td>\n<td>23<\/td>\n<td>V\u00e4rdshus.<\/td>\n<td>112<\/td>\n<\/tr>\n<tr>\n<td>On 17\/7<\/td>\n<td>Klintehamn<\/td>\n<td>N 57 23,33<br \/>\nE 18 11,00<\/td>\n<td>30<\/td>\n<td>Liggedag. B\u00e5ttur till St Karsl\u00f6.<\/td>\n<td>122<\/td>\n<\/tr>\n<tr>\n<td>Fr 19\/7<\/td>\n<td>B\u00f6da<\/td>\n<td>N 57 14,45<br \/>\nE 17 04,08<\/td>\n<td>38<\/td>\n<td>Restaurang. Livsmedel.<br \/>\nLiggedag. Tur p\u00e5 \u00d6land.<\/td>\n<td>&#8212;<\/td>\n<\/tr>\n<tr>\n<td>S\u00f6 21\/7<\/td>\n<td>Figeholm<\/td>\n<td>N 57 22,50<br \/>\nE 16 23,80<\/td>\n<td>30<\/td>\n<td>Avskedsmiddag.<\/td>\n<td>&#8212;<\/td>\n<\/tr>\n<\/tbody>\n<\/table>\n","protected":false},"excerpt":{"rendered":"<p>F\u00e4rdplan Tobisflykt 2013 \u00d6stra Gotland P\u00e5 denna sida beskrivs kommande eskadersegling, eller s\u00e5kallad &#8221;flykt&#8221; som det heter p\u00e5 tobisspr\u00e5k. F\u00f6r \u00e5r 2013 \u00e4r Hans-Roland Lindgren utsedd till L\u00e5ngtobis. P\u00e5 \u00e5rstinget framkom r\u00e4tt m\u00e5nga olika flyktalternativ, men efter lite efterf\u00f6ljande omr\u00f6stning &hellip; <a href=\"http:\/\/tobiseskader.se\/?page_id=747\">Forts\u00e4tt l\u00e4sa <span class=\"meta-nav\">&rarr;<\/span><\/a><\/p>\n","protected":false},"author":2,"featured_media":0,"parent":17,"menu_order":17,"comment_status":"closed","ping_status":"closed","template":"","meta":{"ngg_post_thumbnail":0,"footnotes":""},"class_list":["post-747","page","type-page","status-publish","hentry"],"_links":{"self":[{"href":"http:\/\/tobiseskader.se\/index.php?rest_route=\/wp\/v2\/pages\/747","targetHints":{"allow":["GET"]}}],"collection":[{"href":"http:\/\/tobiseskader.se\/index.php?rest_route=\/wp\/v2\/pages"}],"about":[{"href":"http:\/\/tobiseskader.se\/index.php?rest_route=\/wp\/v2\/types\/page"}],"author":[{"embeddable":true,"href":"http:\/\/tobiseskader.se\/index.php?rest_route=\/wp\/v2\/users\/2"}],"replies":[{"embeddable":true,"href":"http:\/\/tobiseskader.se\/index.php?rest_route=%2Fwp%2Fv2%2Fcomments&post=747"}],"version-history":[{"count":28,"href":"http:\/\/tobiseskader.se\/index.php?rest_route=\/wp\/v2\/pages\/747\/revisions"}],"predecessor-version":[{"id":1460,"href":"http:\/\/tobiseskader.se\/index.php?rest_route=\/wp\/v2\/pages\/747\/revisions\/1460"}],"up":[{"embeddable":true,"href":"http:\/\/tobiseskader.se\/index.php?rest_route=\/wp\/v2\/pages\/17"}],"wp:attachment":[{"href":"http:\/\/tobiseskader.se\/index.php?rest_route=%2Fwp%2Fv2%2Fmedia&parent=747"}],"curies":[{"name":"wp","href":"https:\/\/api.w.org\/{rel}","templated":true}]}}