{"id":730,"date":"2012-11-28T21:42:01","date_gmt":"2012-11-28T19:42:01","guid":{"rendered":"http:\/\/tobiseskader.se\/?page_id=730"},"modified":"2017-02-05T19:05:29","modified_gmt":"2017-02-05T18:05:29","slug":"2012-hoga-kusten-text","status":"publish","type":"page","link":"http:\/\/tobiseskader.se\/?page_id=730","title":{"rendered":"2012 H\u00f6ga Kusten text"},"content":{"rendered":"<h1>Tobis NorrFlykt<\/h1>\n<h2>Lid\u00f6 \u2013 Storjungfrun \u2013 Ag\u00f6 \u2013 Mj\u00e4lt\u00f6n \u2013 Trysunda \u2013 Ulv\u00f6n (3 &#8211; 18 juli)<\/h2>\n<p>Str\u00e5lande v\u00e4der i Stockholms sk\u00e4rg\u00e5rd, men sedan envis nordvind, kryss hela v\u00e4gen upp till H\u00f6ga Kusten. Mycket lyckad Flykt, trots kyligt v\u00e4der, dimma, en veckas intensivt regn och en h\u00e5rd kryssetapp till havs. Vid H\u00f6ga Kusten slog v\u00e4dret om, med fina dagar. Men gott om b\u00e5tar och fullt i hamnarna \u2013 n\u00e4stan som i Bohusl\u00e4n med tredubbla rader! Trevlig avslutningsmiddag onsdagen den 18 juli p\u00e5 Ulv\u00f6n \u2013 men utan surstr\u00f6mming!<\/p>\n<h2>Deltagande b\u00e5tar och bes\u00e4ttningar<\/h2>\n<table>\n<tr>\n<th>B\u00e5tnamn<\/th>\n<th>Bes\u00e4ttning<\/th>\n<\/tr>\n<tr>\n<td>DiAmo<\/td>\n<td>Bj\u00f6rn Kjellberg (l\u00e5ngtobis)<\/td>\n<\/tr>\n<tr>\n<td>Johanna II<\/td>\n<td>Jan-Gunnar Persson och Anna-Karin Aminoff<\/td>\n<\/tr>\n<tr>\n<td>Merica II<\/td>\n<td> Hans-Roland, Ulrika, Linnea och Linus Lindgren<\/td>\n<\/tr>\n<tr>\n<td>Shangri-La<\/td>\n<td>Bruno Bergkvist och Eva Benckert<\/td>\n<\/tr>\n<tr>\n<td>Mineva<\/td>\n<td>Kristian och Eva Wale<\/td>\n<\/tr>\n<tr>\n<td>Kalypso<\/td>\n<td>Ulf Nyman och Elisabet Ling\u00f6<\/td>\n<\/tr>\n<tr>\n<td>Fleur<\/td>\n<td>Eskil och Monica Florvall, Magnus Rydmark och Carina Rasmanis<\/td>\n<\/tr>\n<\/table>\n<h2>Loggbok<\/h2>\n<p>Samling tisdagen den <strong>3 juli<\/strong> i Lid\u00f6 V\u00e4sterhamn, f\u00f6r v\u00e4lkomstmiddag p\u00e5 V\u00e4rdshuset. Direkt fr\u00e5n Lid\u00f6 <strong>4 juli<\/strong> till Grisslehamn b\u00f6rjade kryssen, utanf\u00f6r V\u00e4dd\u00f6 till fiskehamnen. Tr\u00e4stabron (h\u00f6jd 17 m) hindrar ju nu st\u00f6rre b\u00e5tar att g\u00e5 V\u00e4dd\u00f6 Kanal. Ink\u00f6p av f\u00e4rsk fisk i Grisslehamn.<\/p>\n<p>Torsdag <strong>5 juli<\/strong> fortsatt kryss, inomsk\u00e4rs via \u00d6regrund och \u00f6ver \u00d6regrundsgrepen till \u00c4ngsk\u00e4rsklubb.<\/p>\n<p>Fredag <strong>6 juli<\/strong> kunde vi str\u00e4cka \u00f6ver havet till Storjungfrun, en l\u00e5ng etapp i varierande vind. Vackert sommarv\u00e4der och fin promenad bland klapperstensf\u00e4lten till det gamla kapellet.<\/p>\n<p>L\u00f6rdag <strong>7 juli<\/strong> omv\u00e4xlande kryss\/str\u00e4ckbog till Ag\u00f6. Vi seglade n\u00e4ra s\u00e4lskyddsomr\u00e5det, d\u00e4r s\u00e4larna v\u00e4ltrade sig p\u00e5 klipporna. F\u00f6rt\u00f6jning i Storhamn p\u00e5 Ag\u00f6. Drink vid bryggf\u00e4stet, i s\u00e4llskap med huggormar. Trolsk dimma p\u00e5 kv\u00e4llen vid vandring genom tallskogen till Ag\u00f6 hamn och den fina lilla byn.<\/p>\n<p>S\u00f6ndag <strong>8 juli<\/strong> blev den h\u00e5rdaste etappen, med start i dimma och l\u00e4tt kryss. Utanf\u00f6r Hornslandet \u00f6kade vinden till 12 m\/s med ovanligt grov sj\u00f6, nollsikt och \u00f6sregn. Vi s\u00e5g inte en skymt av Kugg\u00f6ren, man lade slagen helt efter plottern. P\u00e5 VHF h\u00f6rde vi trafik fr\u00e5n en SXK-eskader som l\u00e5g f\u00f6re oss, flera av de b\u00e5tarna hade problem i det d\u00e5liga v\u00e4dret. Vi tog hamn i Mellanfj\u00e4rd nedanf\u00f6r restaurang Sj\u00f6m\u00e4rket. Riggade sittbrunnskapell som uterum f\u00f6r v\u00e5ta kl\u00e4der och intog middag p\u00e5 krogen. D\u00e5lig prognos, fortsatt h\u00e5rd N och \u00f6sregn s\u00e5 vi blev kvar <strong>3 n\u00e4tter<\/strong> i Mellanfj\u00e4rd. Trevlig samvaro ombord i b\u00e5tarna och p\u00e5 restaurangen. Vi hyrde buss f\u00f6r en improviserad tur till Gr\u00e4nsfors Bruk d\u00e4r man smider yxor. Guidad visning, intressant, n\u00e5gra bes\u00e4ttningsmedlemmar lyckades ocks\u00e5 v\u00e4l med yxkastning!<\/p>\n<p>Onsdag <strong>11 juli<\/strong> l\u00e4mnade Merica II eskadern, \u00f6vriga 6 b\u00e5tar seglade vidare norrut i fin W-vind och sj\u00f6l\u00e4 innanf\u00f6r Br\u00e4m\u00f6n och \u00f6ver Sundsvallsfj\u00e4rden till naturhamnen S\u00f6r\u00e5kersviken.<\/p>\n<p>Torsdag <strong>12 juli<\/strong> \u00e5ter dimma och regn, kryss-str\u00e4ck utanf\u00f6r H\u00e4rn\u00f6n. Dimman l\u00e4ttade och vinden dog, motorg\u00e5ng in till norra hamnen i H\u00e4rn\u00f6sand. Gemensam middag p\u00e5 hamnkrogen.<\/p>\n<p>Fredag <strong>13 juli<\/strong> regndis och svag vind, motorg\u00e5ng norrut, n\u00e5gra gjorde avstickaren in till H\u00f6ga Kustenbron. Lite segling, men d\u00e5lig vind igen mot H\u00e4ggvik.<\/p>\n<p>L\u00f6rdag <strong>14 juli<\/strong> h\u00e5rd E-vind s\u00e5 vi tog en <strong>extra liggedag<\/strong> i H\u00e4ggvik. Dagen \u00e4gnades \u00e5t vandring upp till Stortorget med fin utsikt samt bes\u00f6k p\u00e5 Mannaminne med sina m\u00e4rkliga samlingar av allt fr\u00e5n hela flygplan, sp\u00e5rvagnar och b\u00e5tar, till dragspel och kuriosa. P\u00e5 kv\u00e4llen fin jazzkonsert i Mannaminne.<\/p>\n<p>S\u00f6ndag <strong>15 juli<\/strong> l\u00e4tt segling (kryss) f\u00f6rbi H\u00f6gbonden till B\u00f6nhamn. Trevligt och pittoreskt.<\/p>\n<p>M\u00e5ndag <strong>16 juli<\/strong> kort segling, frisk str\u00e4ck upp mot Mj\u00e4lt\u00f6n. R\u00f6da klippor (rapakivigranit) och klapperstensstr\u00e4nder i land. Hamn i Baggviken p\u00e5 Mj\u00e4lt\u00f6n, en skyddad bass\u00e4ng med urskog runtom. Mj\u00e4lt\u00f6n \u00e4r Sveriges h\u00f6gsta \u00f6, 236 m.\u00f6.h. Promenad till toppen med en sten fr\u00e5n stranden att l\u00e4gga p\u00e5 kumlet. Magnifik utsikt. Bastubad efter den svettdrivande vandringen.<\/p>\n<p>Tisdag <strong>17 juli<\/strong> sommarv\u00e4der igen, kort segling till Trysunda \u2013 d\u00e4r det var fullt, mest motorb\u00e5tar. Kalypso och Johanna II lyckades kn\u00f6 sig in, \u00f6vriga Tobisb\u00e5tar v\u00e4nde och seglade till Ulv\u00f6n. Vi blev inf\u00f6rt\u00f6jda av motorb\u00e5tar akter om oss, tre rader! Fin promenad p\u00e5 \u00f6n, fantastiska klapper- och sandstr\u00e4nder, klart vatten, n\u00e4stan tropiskt! Grillmiddag p\u00e5 stranden.<\/p>\n<p>Onsdag <strong>18 juli<\/strong> avslutande kort etapp till Ulv\u00f6n, f\u00f6r \u00e5tersamling. Promenad upp till lotsutkiken med fin utsikt fr\u00e5n Skagsudde till H\u00f6gbonden. Bes\u00f6k i det gamla kapellet som byggdes 1622 av G\u00e4vlefiskarna. Trevlig avslutningsmiddag p\u00e5 Ulv\u00f6 Hotell.<\/p>\n<p>Tisdag <strong>19 juli<\/strong> hemsegling i \u201dfritt format\u201d, l\u00e5nga etapper i vackert v\u00e4der, med trevliga bes\u00f6k i charmiga sm\u00e5 hamnar.<\/p>\n<p><em>Jan-Gunnar Persson<br \/>\nHR 29  Johanna II<br \/>\nordf\u00f6rande i Eskaderklubben Tobis<\/em><\/p>\n","protected":false},"excerpt":{"rendered":"<p>Tobis NorrFlykt Lid\u00f6 \u2013 Storjungfrun \u2013 Ag\u00f6 \u2013 Mj\u00e4lt\u00f6n \u2013 Trysunda \u2013 Ulv\u00f6n (3 &#8211; 18 juli) Str\u00e5lande v\u00e4der i Stockholms sk\u00e4rg\u00e5rd, men sedan envis nordvind, kryss hela v\u00e4gen upp till H\u00f6ga Kusten. Mycket lyckad Flykt, trots kyligt v\u00e4der, dimma, &hellip; <a href=\"http:\/\/tobiseskader.se\/?page_id=730\">Forts\u00e4tt l\u00e4sa <span class=\"meta-nav\">&rarr;<\/span><\/a><\/p>\n","protected":false},"author":2,"featured_media":0,"parent":17,"menu_order":18,"comment_status":"closed","ping_status":"closed","template":"","meta":{"ngg_post_thumbnail":0,"footnotes":""},"class_list":["post-730","page","type-page","status-publish","hentry"],"_links":{"self":[{"href":"http:\/\/tobiseskader.se\/index.php?rest_route=\/wp\/v2\/pages\/730","targetHints":{"allow":["GET"]}}],"collection":[{"href":"http:\/\/tobiseskader.se\/index.php?rest_route=\/wp\/v2\/pages"}],"about":[{"href":"http:\/\/tobiseskader.se\/index.php?rest_route=\/wp\/v2\/types\/page"}],"author":[{"embeddable":true,"href":"http:\/\/tobiseskader.se\/index.php?rest_route=\/wp\/v2\/users\/2"}],"replies":[{"embeddable":true,"href":"http:\/\/tobiseskader.se\/index.php?rest_route=%2Fwp%2Fv2%2Fcomments&post=730"}],"version-history":[{"count":10,"href":"http:\/\/tobiseskader.se\/index.php?rest_route=\/wp\/v2\/pages\/730\/revisions"}],"predecessor-version":[{"id":3167,"href":"http:\/\/tobiseskader.se\/index.php?rest_route=\/wp\/v2\/pages\/730\/revisions\/3167"}],"up":[{"embeddable":true,"href":"http:\/\/tobiseskader.se\/index.php?rest_route=\/wp\/v2\/pages\/17"}],"wp:attachment":[{"href":"http:\/\/tobiseskader.se\/index.php?rest_route=%2Fwp%2Fv2%2Fmedia&parent=730"}],"curies":[{"name":"wp","href":"https:\/\/api.w.org\/{rel}","templated":true}]}}