{"id":513,"date":"2012-06-29T20:28:36","date_gmt":"2012-06-29T19:28:36","guid":{"rendered":"http:\/\/tobiseskader.se\/?page_id=513"},"modified":"2017-08-19T10:12:49","modified_gmt":"2017-08-19T09:12:49","slug":"2006-norrland","status":"publish","type":"page","link":"http:\/\/tobiseskader.se\/?page_id=513","title":{"rendered":"2006 Norrland"},"content":{"rendered":"<p>Ber\u00e4ttelsen fr\u00e5n Norrlandsflykten 2006 best\u00e5r, dels av en text skriven av Carl-Gustaf Wennerholm, och dels av en 12-sidig folder skriven av Marie Louse Bostr\u00f6m. L\u00e5ngtobis var Lars \u00d6dmark.<\/p>\n<p><a href=\"http:\/\/media.tobiseskader.se\/2012\/06\/2006-07-\u00d6regrund-till-Lule\u00e5-Haparanda-sk\u00e4rg\u00e5rd.jpg\"><img loading=\"lazy\" decoding=\"async\" src=\"http:\/\/media.tobiseskader.se\/2012\/06\/2006-07-\u00d6regrund-till-Lule\u00e5-Haparanda-sk\u00e4rg\u00e5rd-643x1024.jpg\" alt=\"\" title=\"2006-07 \u00d6regrund till Lule\u00e5-Haparanda sk\u00e4rg\u00e5rd\" width=\"584\" height=\"930\" class=\"aligncenter size-large wp-image-520\" srcset=\"https:\/\/media.tobiseskader.se\/2012\/06\/2006-07-\u00d6regrund-till-Lule\u00e5-Haparanda-sk\u00e4rg\u00e5rd-643x1024.jpg 643w, https:\/\/media.tobiseskader.se\/2012\/06\/2006-07-\u00d6regrund-till-Lule\u00e5-Haparanda-sk\u00e4rg\u00e5rd-188x300.jpg 188w, https:\/\/media.tobiseskader.se\/2012\/06\/2006-07-\u00d6regrund-till-Lule\u00e5-Haparanda-sk\u00e4rg\u00e5rd.jpg 972w\" sizes=\"auto, (max-width: 584px) 100vw, 584px\" \/><\/a><\/p>\n<p>Ruttens hamnar var: \u00d6regrund, Storjungfrun, Mellanfj\u00e4rden, H\u00e4rn\u00f6sand, H\u00e4ggvik, Mj\u00e4lt\u00f6n, Norrbysk\u00e4r, Ratan, Furu\u00f6grund, Lule\u00e5, (Sm\u00e5sk\u00e4ren) Br\u00e4nd\u00f6sk\u00e4r, Seskar\u00f6, (Haparanda Sandsk\u00e4r) Berg\u00f6n, Liggsk\u00e4ret. Flykten varade cirka 2 veckor. P\u00e5 hemf\u00e4rden bes\u00f6kte Liselotte och Hans-Eckart (s\/y Fragaria) f\u00f6ljande hamnar: Lule\u00e5, Svin\u00f6ren, Pite R\u00f6nnsk\u00e4r, Bjur\u00f6klubb (grunt), Hem\u00f6n, Skagsudde, Pr\u00e4sthushamn, Mellanfj\u00e4rden, Storjungfrun, \u00d6regrund.<\/p>\n<p><a href=\"http:\/\/media.tobiseskader.se\/2012\/06\/2006-07-21-Avslutning-Lule\u00e5-Liggsk\u00e4r.jpg\"><img loading=\"lazy\" decoding=\"async\" src=\"http:\/\/media.tobiseskader.se\/2012\/06\/2006-07-21-Avslutning-Lule\u00e5-Liggsk\u00e4r-1024x768.jpg\" alt=\"\" title=\"2006-07-21 Avslutning Lule\u00e5 Liggsk\u00e4r\" width=\"1024\" height=\"768\" class=\"aligncenter size-large wp-image-521\" srcset=\"https:\/\/media.tobiseskader.se\/2012\/06\/2006-07-21-Avslutning-Lule\u00e5-Liggsk\u00e4r-1024x768.jpg 1024w, https:\/\/media.tobiseskader.se\/2012\/06\/2006-07-21-Avslutning-Lule\u00e5-Liggsk\u00e4r-300x225.jpg 300w, https:\/\/media.tobiseskader.se\/2012\/06\/2006-07-21-Avslutning-Lule\u00e5-Liggsk\u00e4r-400x300.jpg 400w\" sizes=\"auto, (max-width: 1024px) 100vw, 1024px\" \/><\/a><\/p>\n<p>Vid avslutningen i Lule\u00e5 Liggsk\u00e4r togs denna gruppbild. Deltagare var Lars och Erja \u00d6dmark, Jan och Elisabet Kollstedt (s\/y Absolut),  Hans-Eckart Voss och Liselott Bj\u00f6rklund (s\/y Fragaria), G\u00f6ran och Marie Louise Bostr\u00f6m (s\/y Gangies), G\u00f6ran S\u00e4\u00e4f och Helena Saraste (s\/y Merlin), Calle och Gunilla Wennerholm, (s\/y Espri, ej med p\u00e5 bilden).<\/p>\n<p>Carl-Gustafs text beskriver segling upp till H\u00f6ga Kusten och tillbaka. Flera b\u00e5tar fortsatte dock vidare \u00e4nda till Lule\u00e5 och Haparanda. Carl-Gustafs er\u00e4ttelsen \u00e4r p\u00e5 PDF-format och kan h\u00e4mtas genom att <a href=\"http:\/\/media.tobiseskader.se\/2012\/06\/2006-Norrland.pdf\">klicka h\u00e4r<\/a>. Intressant \u00e4r hur han under flykten tr\u00e4ffade paret Levander och ensamseglaren Bj\u00f6rn Kjellberg, vilka v\u00e4rvades till nya Tobismedlemmar.<\/p>\n<p>Marie-Louise folder, med texter och bilder, finns nedan i form av inskannade bilder.<\/p>\n\n\t\t<style type=\"text\/css\">\n\t\t\t#gallery-1 {\n\t\t\t\tmargin: auto;\n\t\t\t}\n\t\t\t#gallery-1 .gallery-item {\n\t\t\t\tfloat: left;\n\t\t\t\tmargin-top: 10px;\n\t\t\t\ttext-align: center;\n\t\t\t\twidth: 100%;\n\t\t\t}\n\t\t\t#gallery-1 img {\n\t\t\t\tborder: 2px solid #cfcfcf;\n\t\t\t}\n\t\t\t#gallery-1 .gallery-caption {\n\t\t\t\tmargin-left: 0;\n\t\t\t}\n\t\t\t\/* see gallery_shortcode() in wp-includes\/media.php *\/\n\t\t<\/style>\n\t\t<div id='gallery-1' class='gallery galleryid-513 gallery-columns-1 gallery-size-full'><dl class='gallery-item'>\n\t\t\t<dt class='gallery-icon landscape'>\n\t\t\t\t<a href='https:\/\/media.tobiseskader.se\/2017\/08\/2006-Norrland-1.jpeg'><img loading=\"lazy\" decoding=\"async\" width=\"1754\" height=\"1240\" src=\"https:\/\/media.tobiseskader.se\/2017\/08\/2006-Norrland-1.jpeg\" class=\"attachment-full size-full\" alt=\"\" srcset=\"https:\/\/media.tobiseskader.se\/2017\/08\/2006-Norrland-1.jpeg 1754w, https:\/\/media.tobiseskader.se\/2017\/08\/2006-Norrland-1-300x212.jpeg 300w, https:\/\/media.tobiseskader.se\/2017\/08\/2006-Norrland-1-768x543.jpeg 768w, https:\/\/media.tobiseskader.se\/2017\/08\/2006-Norrland-1-1024x724.jpeg 1024w, https:\/\/media.tobiseskader.se\/2017\/08\/2006-Norrland-1-424x300.jpeg 424w\" sizes=\"auto, (max-width: 1754px) 100vw, 1754px\" \/><\/a>\n\t\t\t<\/dt><\/dl><br style=\"clear: both\" \/><dl class='gallery-item'>\n\t\t\t<dt class='gallery-icon landscape'>\n\t\t\t\t<a href='https:\/\/media.tobiseskader.se\/2017\/08\/2006-Norrland-2.jpeg'><img loading=\"lazy\" decoding=\"async\" width=\"1754\" height=\"1240\" src=\"https:\/\/media.tobiseskader.se\/2017\/08\/2006-Norrland-2.jpeg\" class=\"attachment-full size-full\" alt=\"\" srcset=\"https:\/\/media.tobiseskader.se\/2017\/08\/2006-Norrland-2.jpeg 1754w, https:\/\/media.tobiseskader.se\/2017\/08\/2006-Norrland-2-300x212.jpeg 300w, https:\/\/media.tobiseskader.se\/2017\/08\/2006-Norrland-2-768x543.jpeg 768w, https:\/\/media.tobiseskader.se\/2017\/08\/2006-Norrland-2-1024x724.jpeg 1024w, https:\/\/media.tobiseskader.se\/2017\/08\/2006-Norrland-2-424x300.jpeg 424w\" sizes=\"auto, (max-width: 1754px) 100vw, 1754px\" \/><\/a>\n\t\t\t<\/dt><\/dl><br style=\"clear: both\" \/><dl class='gallery-item'>\n\t\t\t<dt class='gallery-icon landscape'>\n\t\t\t\t<a href='https:\/\/media.tobiseskader.se\/2017\/08\/2006-Norrland-3.jpeg'><img loading=\"lazy\" decoding=\"async\" width=\"1754\" height=\"1240\" src=\"https:\/\/media.tobiseskader.se\/2017\/08\/2006-Norrland-3.jpeg\" class=\"attachment-full size-full\" alt=\"\" srcset=\"https:\/\/media.tobiseskader.se\/2017\/08\/2006-Norrland-3.jpeg 1754w, https:\/\/media.tobiseskader.se\/2017\/08\/2006-Norrland-3-300x212.jpeg 300w, https:\/\/media.tobiseskader.se\/2017\/08\/2006-Norrland-3-768x543.jpeg 768w, https:\/\/media.tobiseskader.se\/2017\/08\/2006-Norrland-3-1024x724.jpeg 1024w, https:\/\/media.tobiseskader.se\/2017\/08\/2006-Norrland-3-424x300.jpeg 424w\" sizes=\"auto, (max-width: 1754px) 100vw, 1754px\" \/><\/a>\n\t\t\t<\/dt><\/dl><br style=\"clear: both\" \/><dl class='gallery-item'>\n\t\t\t<dt class='gallery-icon landscape'>\n\t\t\t\t<a href='https:\/\/media.tobiseskader.se\/2017\/08\/2006-Norrland-4.jpeg'><img loading=\"lazy\" decoding=\"async\" width=\"1754\" height=\"1240\" src=\"https:\/\/media.tobiseskader.se\/2017\/08\/2006-Norrland-4.jpeg\" class=\"attachment-full size-full\" alt=\"\" srcset=\"https:\/\/media.tobiseskader.se\/2017\/08\/2006-Norrland-4.jpeg 1754w, https:\/\/media.tobiseskader.se\/2017\/08\/2006-Norrland-4-300x212.jpeg 300w, https:\/\/media.tobiseskader.se\/2017\/08\/2006-Norrland-4-768x543.jpeg 768w, https:\/\/media.tobiseskader.se\/2017\/08\/2006-Norrland-4-1024x724.jpeg 1024w, https:\/\/media.tobiseskader.se\/2017\/08\/2006-Norrland-4-424x300.jpeg 424w\" sizes=\"auto, (max-width: 1754px) 100vw, 1754px\" \/><\/a>\n\t\t\t<\/dt><\/dl><br style=\"clear: both\" \/><dl class='gallery-item'>\n\t\t\t<dt class='gallery-icon landscape'>\n\t\t\t\t<a href='https:\/\/media.tobiseskader.se\/2017\/08\/2006-Norrland-5.jpeg'><img loading=\"lazy\" decoding=\"async\" width=\"1754\" height=\"1240\" src=\"https:\/\/media.tobiseskader.se\/2017\/08\/2006-Norrland-5.jpeg\" class=\"attachment-full size-full\" alt=\"\" srcset=\"https:\/\/media.tobiseskader.se\/2017\/08\/2006-Norrland-5.jpeg 1754w, https:\/\/media.tobiseskader.se\/2017\/08\/2006-Norrland-5-300x212.jpeg 300w, https:\/\/media.tobiseskader.se\/2017\/08\/2006-Norrland-5-768x543.jpeg 768w, https:\/\/media.tobiseskader.se\/2017\/08\/2006-Norrland-5-1024x724.jpeg 1024w, https:\/\/media.tobiseskader.se\/2017\/08\/2006-Norrland-5-424x300.jpeg 424w\" sizes=\"auto, (max-width: 1754px) 100vw, 1754px\" \/><\/a>\n\t\t\t<\/dt><\/dl><br style=\"clear: both\" \/><dl class='gallery-item'>\n\t\t\t<dt class='gallery-icon landscape'>\n\t\t\t\t<a href='https:\/\/media.tobiseskader.se\/2017\/08\/2006-Norrland-6.jpeg'><img loading=\"lazy\" decoding=\"async\" width=\"1754\" height=\"1240\" src=\"https:\/\/media.tobiseskader.se\/2017\/08\/2006-Norrland-6.jpeg\" class=\"attachment-full size-full\" alt=\"\" srcset=\"https:\/\/media.tobiseskader.se\/2017\/08\/2006-Norrland-6.jpeg 1754w, https:\/\/media.tobiseskader.se\/2017\/08\/2006-Norrland-6-300x212.jpeg 300w, https:\/\/media.tobiseskader.se\/2017\/08\/2006-Norrland-6-768x543.jpeg 768w, https:\/\/media.tobiseskader.se\/2017\/08\/2006-Norrland-6-1024x724.jpeg 1024w, https:\/\/media.tobiseskader.se\/2017\/08\/2006-Norrland-6-424x300.jpeg 424w\" sizes=\"auto, (max-width: 1754px) 100vw, 1754px\" \/><\/a>\n\t\t\t<\/dt><\/dl><br style=\"clear: both\" \/>\n\t\t<\/div>\n\n","protected":false},"excerpt":{"rendered":"<p>Ber\u00e4ttelsen fr\u00e5n Norrlandsflykten 2006 best\u00e5r, dels av en text skriven av Carl-Gustaf Wennerholm, och dels av en 12-sidig folder skriven av Marie Louse Bostr\u00f6m. L\u00e5ngtobis var Lars \u00d6dmark. Ruttens hamnar var: \u00d6regrund, Storjungfrun, Mellanfj\u00e4rden, H\u00e4rn\u00f6sand, H\u00e4ggvik, Mj\u00e4lt\u00f6n, Norrbysk\u00e4r, Ratan, Furu\u00f6grund, &hellip; <a href=\"http:\/\/tobiseskader.se\/?page_id=513\">Forts\u00e4tt l\u00e4sa <span class=\"meta-nav\">&rarr;<\/span><\/a><\/p>\n","protected":false},"author":2,"featured_media":0,"parent":17,"menu_order":24,"comment_status":"closed","ping_status":"closed","template":"","meta":{"ngg_post_thumbnail":0,"footnotes":""},"class_list":["post-513","page","type-page","status-publish","hentry"],"_links":{"self":[{"href":"http:\/\/tobiseskader.se\/index.php?rest_route=\/wp\/v2\/pages\/513","targetHints":{"allow":["GET"]}}],"collection":[{"href":"http:\/\/tobiseskader.se\/index.php?rest_route=\/wp\/v2\/pages"}],"about":[{"href":"http:\/\/tobiseskader.se\/index.php?rest_route=\/wp\/v2\/types\/page"}],"author":[{"embeddable":true,"href":"http:\/\/tobiseskader.se\/index.php?rest_route=\/wp\/v2\/users\/2"}],"replies":[{"embeddable":true,"href":"http:\/\/tobiseskader.se\/index.php?rest_route=%2Fwp%2Fv2%2Fcomments&post=513"}],"version-history":[{"count":33,"href":"http:\/\/tobiseskader.se\/index.php?rest_route=\/wp\/v2\/pages\/513\/revisions"}],"predecessor-version":[{"id":3510,"href":"http:\/\/tobiseskader.se\/index.php?rest_route=\/wp\/v2\/pages\/513\/revisions\/3510"}],"up":[{"embeddable":true,"href":"http:\/\/tobiseskader.se\/index.php?rest_route=\/wp\/v2\/pages\/17"}],"wp:attachment":[{"href":"http:\/\/tobiseskader.se\/index.php?rest_route=%2Fwp%2Fv2%2Fmedia&parent=513"}],"curies":[{"name":"wp","href":"https:\/\/api.w.org\/{rel}","templated":true}]}}