{"id":4395,"date":"2020-12-19T11:19:45","date_gmt":"2020-12-19T10:19:45","guid":{"rendered":"http:\/\/tobiseskader.se\/?page_id=4395"},"modified":"2020-12-19T20:49:19","modified_gmt":"2020-12-19T19:49:19","slug":"eskader-2020-ostkusten-soderut","status":"publish","type":"page","link":"http:\/\/tobiseskader.se\/?page_id=4395","title":{"rendered":"2020 Ostkusten s\u00f6derut"},"content":{"rendered":"<h1>Seglingen corona-sommaren 2020<\/h1>\n<p>Den planerade eskadern till \u00c5land och Finland fick st\u00e4llas in, eftersom Finland hade inf\u00f6rt inresef\u00f6rbud f\u00f6r svenskar detta \u00e5r p\u00e5 grund av corona-smittan. L\u00e5ngtobis Hans Bergman, som hade gjort en plan f\u00f6r Finlandsseglingen, gjorde d\u00e4rf\u00f6r d\u00e5 en ny men gr\u00f6vre planering f\u00f6r segling utmed svenska ostkusten, med korta distanser och gemensamma hamnar enbart varannan eller var tredje dag; mellanliggande dagar fick planeras enskilt. Denna segling fick inte de sedvanliga start- och slut-samlingarna, men blev trots det en gemensam eskadersegling till n\u00f6je och trevnad f\u00f6r alla som deltog. Denna planeringsbrist kom att uppskattas v\u00e4ldigt mycket av deltagande b\u00e5tar och finplaneringen gjordes ist\u00e4llet dag f\u00f6r dag efterhand. M\u00e4ngden deltagande b\u00e5tar varierade n\u00e5got utmed kusten. <\/p>\n<p>Trosa-borna Calle och Gunilla Wennerholm hade tillsammans med Dan och Christina Str\u00f6mberg bjudit in till en samling i Trosa den 7:e juli (Dag 0). \u00c5tta personer deltog i denna tr\u00e4ff. <\/p>\n<p><a href=\"http:\/\/media.tobiseskader.se\/2020\/12\/Eskader_2020_1.jpg\"><img loading=\"lazy\" decoding=\"async\" src=\"http:\/\/media.tobiseskader.se\/2020\/12\/Eskader_2020_1.jpg\" alt=\"\" width=\"937\" height=\"703\" class=\"aligncenter size-full wp-image-4404\" srcset=\"https:\/\/media.tobiseskader.se\/2020\/12\/Eskader_2020_1.jpg 937w, https:\/\/media.tobiseskader.se\/2020\/12\/Eskader_2020_1-300x225.jpg 300w, https:\/\/media.tobiseskader.se\/2020\/12\/Eskader_2020_1-768x576.jpg 768w, https:\/\/media.tobiseskader.se\/2020\/12\/Eskader_2020_1-400x300.jpg 400w\" sizes=\"auto, (max-width: 937px) 100vw, 937px\" \/><\/a><\/p>\n<p>Dagen efter (Dag 1) tog sig 3 b\u00e5tar (Minouska, Fragaria och Mahjong) ned till trakten av Oxel\u00f6sund, i heldagsregn och motvind. Alla tre gick i land i lilla skyddade Martin-viken p\u00e5 Lilla Tr\u00e4ss\u00f6. En kraftig sydlig kuling hade r\u00e5tt under flera dagar och Isabelle som kom s\u00f6derifr\u00e5n, hade bl\u00e5st upp f\u00f6r snabbt och kommit f\u00f6r tidigt till Ark\u00f6sund och fick v\u00e4nta p\u00e5 s\u00e4llskap en dag till. <\/p>\n<p>N\u00e4sta dag (Dag 2) sammanstr\u00e5lade alla fyra b\u00e5tarna p\u00e5 det fina Veholmssk\u00e4ret vid Ris\u00f6 strax s\u00f6der om Ark\u00f6sund. Dessa flata klippor var f\u00f6r m\u00e5nga av oss en ny och mycket trevlig bekantskap. V\u00e4dret hade slagit om och erbj\u00f6d nu en behaglig segling \u00f6ver Br\u00e5viken, med endast ih\u00e5llande regn under n\u00e5gra eftermiddagstimmar. <\/p>\n<p><a href=\"http:\/\/media.tobiseskader.se\/2020\/12\/Eskader_2020_2.jpg\"><img loading=\"lazy\" decoding=\"async\" src=\"http:\/\/media.tobiseskader.se\/2020\/12\/Eskader_2020_2.jpg\" alt=\"\" width=\"994\" height=\"994\" class=\"aligncenter size-full wp-image-4405\" srcset=\"https:\/\/media.tobiseskader.se\/2020\/12\/Eskader_2020_2.jpg 994w, https:\/\/media.tobiseskader.se\/2020\/12\/Eskader_2020_2-300x300.jpg 300w, https:\/\/media.tobiseskader.se\/2020\/12\/Eskader_2020_2-150x150.jpg 150w, https:\/\/media.tobiseskader.se\/2020\/12\/Eskader_2020_2-768x768.jpg 768w\" sizes=\"auto, (max-width: 994px) 100vw, 994px\" \/><\/a><\/p>\n<p>Enligt grovplaneringen hade vi nu tv\u00e5 dagar till n\u00e4sta gemensamma tr\u00e4ff, p\u00e5 Gryts varv. D\u00e4rf\u00f6r best\u00e4mde vi att segla till Harstena f\u00f6r lunch p\u00e5 Loftet och sedan till Gubb\u00f6 kupa f\u00f6r natthamn. Landstigningen vid bryggan i Harstena blev slitsam f\u00f6r en del i den kraftiga vinden, men tre av oss fick d\u00e4refter en charmig g\u00e5ng genom den smala kanalen i Harstena. P\u00e5 Gubb\u00f6 Kupa fick vi s\u00e4llskap av Aniara. <\/p>\n<p>Dagen efter (Dag 4) gick vi till hamnen i Gryts varv, vilket visade sig vara f\u00f6renad med en mycket trevlig och bekv\u00e4m restaurang, d\u00e4r vi intog b\u00e5de lunch och middag. Mot kv\u00e4llen fick vi s\u00e4llskap av Dardanella, och d\u00e5 k\u00e4ndes det som om vi var fulltaliga med 6 b\u00e5tar. <\/p>\n<p><a href=\"http:\/\/media.tobiseskader.se\/2020\/12\/Eskader_2020_3.jpg\"><img loading=\"lazy\" decoding=\"async\" src=\"http:\/\/media.tobiseskader.se\/2020\/12\/Eskader_2020_3.jpg\" alt=\"\" width=\"1063\" height=\"746\" class=\"aligncenter size-full wp-image-4406\" srcset=\"https:\/\/media.tobiseskader.se\/2020\/12\/Eskader_2020_3.jpg 1063w, https:\/\/media.tobiseskader.se\/2020\/12\/Eskader_2020_3-300x211.jpg 300w, https:\/\/media.tobiseskader.se\/2020\/12\/Eskader_2020_3-1000x702.jpg 1000w, https:\/\/media.tobiseskader.se\/2020\/12\/Eskader_2020_3-768x539.jpg 768w, https:\/\/media.tobiseskader.se\/2020\/12\/Eskader_2020_3-427x300.jpg 427w\" sizes=\"auto, (max-width: 1063px) 100vw, 1063px\" \/><\/a><\/p>\n<p>Efter en livlig planering p\u00e5 morgonen Dag 5 kom vi \u00f6verens om att ta oss till V\u00e4stervik p\u00e5 tv\u00e5 dagar och att dela upp oss den mellanliggande natten. Mahjong, Fragaria, Isabelle och Minouska, gick tillsammans in vid fyren Finnh\u00e4llan till ett sk\u00e4r mellan Lind\u00f6 och Kalv\u00f6 strax norr om inloppet till Loftahammar. Aniara och Dardanella gick till B\u00e5tsviken strax s\u00f6der om Jungfrusk\u00e4r. <\/p>\n<p>Dag 6 tr\u00e4ffades vi i V\u00e4stervik, d\u00e4r vi hade tillf\u00e4lle till vandringar och bunkring i centrum. Gemensam middagssittning p\u00e5 restaurang.<\/p>\n<p>Dag 7 gick vi ned till Stora Vippholmen; de av oss som avgick tidigt fick fin segling, de som gick senare r\u00e5kade ut f\u00f6r sv\u00e5r motvind rakt i nosen. Fin landf\u00f6rt\u00f6jning f\u00f6r n\u00e5gra av oss, svaj f\u00f6r \u00f6vriga. Dag 8 besl\u00f6t sig sedan fyra b\u00e5tar att g\u00e5 ned till Fur\u00f6 strax utanf\u00f6r inloppet in till Oskarshamn. Sj\u00f6n utanf\u00f6r Kr\u00e5kem\u00e5la var emellertid inte n\u00e5dig och sj\u00f6n var grov, s\u00e5 n\u00e5gra valde att g\u00e5 inomsk\u00e4rs. F\u00f6r oss som gick till Fur\u00f6n blev kv\u00e4llen gudomlig. Bj\u00f6rn Karlsson som har upplevt m\u00e5nga somrar d\u00e4r som barn, guidade oss p\u00e5 vandringen runt \u00f6n. Kv\u00e4llsdrinken intogs p\u00e5 trappan till \u201dBengts hus\u201d mitt f\u00f6r den ljuvliga lilla insj\u00f6n d\u00e4r. <\/p>\n<p><a href=\"http:\/\/media.tobiseskader.se\/2020\/12\/Eskader_2020_4.jpg\"><img loading=\"lazy\" decoding=\"async\" src=\"http:\/\/media.tobiseskader.se\/2020\/12\/Eskader_2020_4.jpg\" alt=\"\" width=\"915\" height=\"687\" class=\"aligncenter size-full wp-image-4407\" srcset=\"https:\/\/media.tobiseskader.se\/2020\/12\/Eskader_2020_4.jpg 915w, https:\/\/media.tobiseskader.se\/2020\/12\/Eskader_2020_4-300x225.jpg 300w, https:\/\/media.tobiseskader.se\/2020\/12\/Eskader_2020_4-768x577.jpg 768w, https:\/\/media.tobiseskader.se\/2020\/12\/Eskader_2020_4-400x300.jpg 400w\" sizes=\"auto, (max-width: 915px) 100vw, 915px\" \/><\/a><\/p>\n<p>F\u00f6ljande dag (Dag 9) gick vi till Figeholm d\u00e4r alla sex b\u00e5tarna f\u00f6renades, tillsammans med Karin och Henrik H\u00e5kansson som ju har stuga d\u00e4r. Festtobis Karin hade ordnat med gott tilltugg till 18-drinken. Detta blev ocks\u00e5 en slags avslutningsdag.<\/p>\n<p>Efter frukost n\u00e4sta dag (Dag 10) ledde Rose-Marie oss in i en gemensam \u201dgympa med Sofia\u201d innan vi satte kurs norrut. N\u00e5gra b\u00e5tar seglade sedan tillsammans ett par dagar ytterligare; den f\u00f6rsta kv\u00e4llen l\u00e5g vi vid \u00c4l\u00f6 i gemensam svajankring. Vi var v\u00e4ldigt n\u00f6jda med denna form av eskadersegling och fann att vi hade f\u00e5tt en l\u00e4ttnad i den sociala distansering som vi levt i under v\u00e5ren.<\/p>\n<p>\/Dan Str\u00f6mberg<\/p>\n","protected":false},"excerpt":{"rendered":"<p>Seglingen corona-sommaren 2020 Den planerade eskadern till \u00c5land och Finland fick st\u00e4llas in, eftersom Finland hade inf\u00f6rt inresef\u00f6rbud f\u00f6r svenskar detta \u00e5r p\u00e5 grund av corona-smittan. L\u00e5ngtobis Hans Bergman, som hade gjort en plan f\u00f6r Finlandsseglingen, gjorde d\u00e4rf\u00f6r d\u00e5 en &hellip; <a href=\"http:\/\/tobiseskader.se\/?page_id=4395\">Forts\u00e4tt l\u00e4sa <span class=\"meta-nav\">&rarr;<\/span><\/a><\/p>\n","protected":false},"author":24,"featured_media":0,"parent":17,"menu_order":-3,"comment_status":"closed","ping_status":"closed","template":"","meta":{"ngg_post_thumbnail":0,"footnotes":""},"class_list":["post-4395","page","type-page","status-publish","hentry"],"_links":{"self":[{"href":"http:\/\/tobiseskader.se\/index.php?rest_route=\/wp\/v2\/pages\/4395","targetHints":{"allow":["GET"]}}],"collection":[{"href":"http:\/\/tobiseskader.se\/index.php?rest_route=\/wp\/v2\/pages"}],"about":[{"href":"http:\/\/tobiseskader.se\/index.php?rest_route=\/wp\/v2\/types\/page"}],"author":[{"embeddable":true,"href":"http:\/\/tobiseskader.se\/index.php?rest_route=\/wp\/v2\/users\/24"}],"replies":[{"embeddable":true,"href":"http:\/\/tobiseskader.se\/index.php?rest_route=%2Fwp%2Fv2%2Fcomments&post=4395"}],"version-history":[{"count":10,"href":"http:\/\/tobiseskader.se\/index.php?rest_route=\/wp\/v2\/pages\/4395\/revisions"}],"predecessor-version":[{"id":4409,"href":"http:\/\/tobiseskader.se\/index.php?rest_route=\/wp\/v2\/pages\/4395\/revisions\/4409"}],"up":[{"embeddable":true,"href":"http:\/\/tobiseskader.se\/index.php?rest_route=\/wp\/v2\/pages\/17"}],"wp:attachment":[{"href":"http:\/\/tobiseskader.se\/index.php?rest_route=%2Fwp%2Fv2%2Fmedia&parent=4395"}],"curies":[{"name":"wp","href":"https:\/\/api.w.org\/{rel}","templated":true}]}}