{"id":3945,"date":"2019-04-11T20:26:02","date_gmt":"2019-04-11T19:26:02","guid":{"rendered":"http:\/\/tobiseskader.se\/?page_id=3945"},"modified":"2019-04-16T18:24:15","modified_gmt":"2019-04-16T17:24:15","slug":"2018-mot-nyslott","status":"publish","type":"page","link":"http:\/\/tobiseskader.se\/?page_id=3945","title":{"rendered":"2018 Mot Nyslott"},"content":{"rendered":"<h1>Bilder Tobisflykt 2018 till Nyslott<\/h1>\n<p>N\u00e4r man klickar p\u00e5 en bild kan man bl\u00e4ddra sj\u00e4lv.<br \/>\nngg_shortcode_0_placeholder<\/p>\n","protected":false},"excerpt":{"rendered":"<p>Bilder Tobisflykt 2018 till Nyslott N\u00e4r man klickar p\u00e5 en bild kan man bl\u00e4ddra sj\u00e4lv.<\/p>\n","protected":false},"author":3,"featured_media":0,"parent":17,"menu_order":-1,"comment_status":"closed","ping_status":"closed","template":"","meta":{"ngg_post_thumbnail":0,"footnotes":""},"class_list":["post-3945","page","type-page","status-publish","hentry"],"_links":{"self":[{"href":"http:\/\/tobiseskader.se\/index.php?rest_route=\/wp\/v2\/pages\/3945","targetHints":{"allow":["GET"]}}],"collection":[{"href":"http:\/\/tobiseskader.se\/index.php?rest_route=\/wp\/v2\/pages"}],"about":[{"href":"http:\/\/tobiseskader.se\/index.php?rest_route=\/wp\/v2\/types\/page"}],"author":[{"embeddable":true,"href":"http:\/\/tobiseskader.se\/index.php?rest_route=\/wp\/v2\/users\/3"}],"replies":[{"embeddable":true,"href":"http:\/\/tobiseskader.se\/index.php?rest_route=%2Fwp%2Fv2%2Fcomments&post=3945"}],"version-history":[{"count":4,"href":"http:\/\/tobiseskader.se\/index.php?rest_route=\/wp\/v2\/pages\/3945\/revisions"}],"predecessor-version":[{"id":3950,"href":"http:\/\/tobiseskader.se\/index.php?rest_route=\/wp\/v2\/pages\/3945\/revisions\/3950"}],"up":[{"embeddable":true,"href":"http:\/\/tobiseskader.se\/index.php?rest_route=\/wp\/v2\/pages\/17"}],"wp:attachment":[{"href":"http:\/\/tobiseskader.se\/index.php?rest_route=%2Fwp%2Fv2%2Fmedia&parent=3945"}],"curies":[{"name":"wp","href":"https:\/\/api.w.org\/{rel}","templated":true}]}}