{"id":3439,"date":"2017-06-07T20:41:17","date_gmt":"2017-06-07T19:41:17","guid":{"rendered":"http:\/\/tobiseskader.se\/?page_id=3439"},"modified":"2017-06-07T21:05:24","modified_gmt":"2017-06-07T20:05:24","slug":"2017-sandon-och-norrgardson-med-barn","status":"publish","type":"page","link":"http:\/\/tobiseskader.se\/?page_id=3439","title":{"rendered":"2017 Sand\u00f6n och Norrg\u00e5rds\u00f6n med barn"},"content":{"rendered":"<h1>2017 Sand\u00f6n och Norrg\u00e5rds\u00f6n med barn<\/h1>\n<p>    Det var 3 b\u00e5tar som deltog i \u00e5rets lite svala eskader. Det var Merica II, DiAmo och Kalypso. Efter en kall natt p\u00e5 Sand\u00f6n startade vi l\u00f6rdag f\u00f6rmiddag med fotomaraton. Barnen fiskade med h\u00e5var, promenade runt \u00f6n, jollerodde, d\u00e4refter drink och grillning. P\u00e5 s\u00f6ndag f\u00f6rmiddag hade vi fr\u00e5gesport och lite lekar. Efter lunch fortsatte Merica II och Kalypso till Norrg\u00e5rds\u00f6n. P\u00e5 m\u00e5ndagen \u00e5terv\u00e4nde vi till hemmahamnarna efter en lyckad liten minieskader \/ Elisabet Ling\u00f6 <\/p>\nngg_shortcode_0_placeholder\n","protected":false},"excerpt":{"rendered":"<p>2017 Sand\u00f6n och Norrg\u00e5rds\u00f6n med barn Det var 3 b\u00e5tar som deltog i \u00e5rets lite svala eskader. Det var Merica II, DiAmo och Kalypso. Efter en kall natt p\u00e5 Sand\u00f6n startade vi l\u00f6rdag f\u00f6rmiddag med fotomaraton. Barnen fiskade med h\u00e5var, &hellip; <a href=\"http:\/\/tobiseskader.se\/?page_id=3439\">Forts\u00e4tt l\u00e4sa <span class=\"meta-nav\">&rarr;<\/span><\/a><\/p>\n","protected":false},"author":3,"featured_media":0,"parent":17,"menu_order":0,"comment_status":"closed","ping_status":"closed","template":"","meta":{"ngg_post_thumbnail":0,"footnotes":""},"class_list":["post-3439","page","type-page","status-publish","hentry"],"_links":{"self":[{"href":"http:\/\/tobiseskader.se\/index.php?rest_route=\/wp\/v2\/pages\/3439","targetHints":{"allow":["GET"]}}],"collection":[{"href":"http:\/\/tobiseskader.se\/index.php?rest_route=\/wp\/v2\/pages"}],"about":[{"href":"http:\/\/tobiseskader.se\/index.php?rest_route=\/wp\/v2\/types\/page"}],"author":[{"embeddable":true,"href":"http:\/\/tobiseskader.se\/index.php?rest_route=\/wp\/v2\/users\/3"}],"replies":[{"embeddable":true,"href":"http:\/\/tobiseskader.se\/index.php?rest_route=%2Fwp%2Fv2%2Fcomments&post=3439"}],"version-history":[{"count":3,"href":"http:\/\/tobiseskader.se\/index.php?rest_route=\/wp\/v2\/pages\/3439\/revisions"}],"predecessor-version":[{"id":3442,"href":"http:\/\/tobiseskader.se\/index.php?rest_route=\/wp\/v2\/pages\/3439\/revisions\/3442"}],"up":[{"embeddable":true,"href":"http:\/\/tobiseskader.se\/index.php?rest_route=\/wp\/v2\/pages\/17"}],"wp:attachment":[{"href":"http:\/\/tobiseskader.se\/index.php?rest_route=%2Fwp%2Fv2%2Fmedia&parent=3439"}],"curies":[{"name":"wp","href":"https:\/\/api.w.org\/{rel}","templated":true}]}}