{"id":150,"date":"2011-12-13T01:00:46","date_gmt":"2011-12-13T00:00:46","guid":{"rendered":"http:\/\/tobiseskader.se\/?page_id=150"},"modified":"2019-05-19T18:38:49","modified_gmt":"2019-05-19T17:38:49","slug":"2007-grekland","status":"publish","type":"page","link":"http:\/\/tobiseskader.se\/?page_id=150","title":{"rendered":"2007 Grekland"},"content":{"rendered":"<p><a href=\"http:\/\/media.tobiseskader.se\/2011\/12\/Rutt-1000.jpg\"><img loading=\"lazy\" decoding=\"async\" src=\"http:\/\/media.tobiseskader.se\/2011\/12\/Rutt-1000.jpg\" alt=\"\" title=\"Rutt Tobisflykt 2007\" width=\"1000\" height=\"778\" class=\"aligncenter size-full wp-image-363\" srcset=\"https:\/\/media.tobiseskader.se\/2011\/12\/Rutt-1000.jpg 1000w, https:\/\/media.tobiseskader.se\/2011\/12\/Rutt-1000-300x233.jpg 300w, https:\/\/media.tobiseskader.se\/2011\/12\/Rutt-1000-385x300.jpg 385w\" sizes=\"auto, (max-width: 1000px) 100vw, 1000px\" \/><\/a><\/p>\n<p>En reseskildring av G\u00f6ran S\u00e4\u00e4f finns att l\u00e4sa via <a href=\"http:\/\/media.tobiseskader.se\/2019\/05\/2007-GRE-SWE-222-sidor-ver-161005.pdf\">denna l\u00e4nk<\/a>.<\/p>\n<p>En reseskildrinf av Olle Naglo finns h\u00e4r nedan:<\/p>\n<p><img loading=\"lazy\" decoding=\"async\" src=\"http:\/\/media.tobiseskader.se\/2019\/05\/Cykladerna-2007001.jpg\" alt=\"\" width=\"1913\" height=\"2850\" class=\"aligncenter size-full wp-image-4132\" srcset=\"https:\/\/media.tobiseskader.se\/2019\/05\/Cykladerna-2007001.jpg 1913w, https:\/\/media.tobiseskader.se\/2019\/05\/Cykladerna-2007001-201x300.jpg 201w, https:\/\/media.tobiseskader.se\/2019\/05\/Cykladerna-2007001-768x1144.jpg 768w, https:\/\/media.tobiseskader.se\/2019\/05\/Cykladerna-2007001-687x1024.jpg 687w\" sizes=\"auto, (max-width: 1913px) 100vw, 1913px\" \/><\/p>\n<p><img loading=\"lazy\" decoding=\"async\" src=\"http:\/\/media.tobiseskader.se\/2019\/05\/Cykladerna-2007002.jpg\" alt=\"\" width=\"1919\" height=\"2946\" class=\"aligncenter size-full wp-image-4133\" srcset=\"https:\/\/media.tobiseskader.se\/2019\/05\/Cykladerna-2007002.jpg 1919w, https:\/\/media.tobiseskader.se\/2019\/05\/Cykladerna-2007002-195x300.jpg 195w, https:\/\/media.tobiseskader.se\/2019\/05\/Cykladerna-2007002-768x1179.jpg 768w, https:\/\/media.tobiseskader.se\/2019\/05\/Cykladerna-2007002-667x1024.jpg 667w\" sizes=\"auto, (max-width: 1919px) 100vw, 1919px\" \/><\/p>\n<p><img loading=\"lazy\" decoding=\"async\" src=\"http:\/\/media.tobiseskader.se\/2019\/05\/Cykladerna-2007003.jpg\" alt=\"\" width=\"1925\" height=\"2862\" class=\"aligncenter size-full wp-image-4134\" srcset=\"https:\/\/media.tobiseskader.se\/2019\/05\/Cykladerna-2007003.jpg 1925w, https:\/\/media.tobiseskader.se\/2019\/05\/Cykladerna-2007003-202x300.jpg 202w, https:\/\/media.tobiseskader.se\/2019\/05\/Cykladerna-2007003-768x1142.jpg 768w, https:\/\/media.tobiseskader.se\/2019\/05\/Cykladerna-2007003-689x1024.jpg 689w\" sizes=\"auto, (max-width: 1925px) 100vw, 1925px\" \/><\/p>\n<p><img loading=\"lazy\" decoding=\"async\" src=\"http:\/\/media.tobiseskader.se\/2019\/05\/Cykladerna-2007004.jpg\" alt=\"\" width=\"1985\" height=\"2759\" class=\"aligncenter size-full wp-image-4135\" srcset=\"https:\/\/media.tobiseskader.se\/2019\/05\/Cykladerna-2007004.jpg 1985w, https:\/\/media.tobiseskader.se\/2019\/05\/Cykladerna-2007004-216x300.jpg 216w, https:\/\/media.tobiseskader.se\/2019\/05\/Cykladerna-2007004-768x1067.jpg 768w, https:\/\/media.tobiseskader.se\/2019\/05\/Cykladerna-2007004-737x1024.jpg 737w\" sizes=\"auto, (max-width: 1985px) 100vw, 1985px\" \/><\/p>\n","protected":false},"excerpt":{"rendered":"<p>En reseskildring av G\u00f6ran S\u00e4\u00e4f finns att l\u00e4sa via denna l\u00e4nk. En reseskildrinf av Olle Naglo finns h\u00e4r nedan:<\/p>\n","protected":false},"author":9,"featured_media":0,"parent":17,"menu_order":23,"comment_status":"closed","ping_status":"closed","template":"","meta":{"ngg_post_thumbnail":0,"footnotes":""},"class_list":["post-150","page","type-page","status-publish","hentry"],"_links":{"self":[{"href":"http:\/\/tobiseskader.se\/index.php?rest_route=\/wp\/v2\/pages\/150","targetHints":{"allow":["GET"]}}],"collection":[{"href":"http:\/\/tobiseskader.se\/index.php?rest_route=\/wp\/v2\/pages"}],"about":[{"href":"http:\/\/tobiseskader.se\/index.php?rest_route=\/wp\/v2\/types\/page"}],"author":[{"embeddable":true,"href":"http:\/\/tobiseskader.se\/index.php?rest_route=\/wp\/v2\/users\/9"}],"replies":[{"embeddable":true,"href":"http:\/\/tobiseskader.se\/index.php?rest_route=%2Fwp%2Fv2%2Fcomments&post=150"}],"version-history":[{"count":12,"href":"http:\/\/tobiseskader.se\/index.php?rest_route=\/wp\/v2\/pages\/150\/revisions"}],"predecessor-version":[{"id":4142,"href":"http:\/\/tobiseskader.se\/index.php?rest_route=\/wp\/v2\/pages\/150\/revisions\/4142"}],"up":[{"embeddable":true,"href":"http:\/\/tobiseskader.se\/index.php?rest_route=\/wp\/v2\/pages\/17"}],"wp:attachment":[{"href":"http:\/\/tobiseskader.se\/index.php?rest_route=%2Fwp%2Fv2%2Fmedia&parent=150"}],"curies":[{"name":"wp","href":"https:\/\/api.w.org\/{rel}","templated":true}]}}