{"id":1195,"date":"2014-10-07T09:11:41","date_gmt":"2014-10-07T08:11:41","guid":{"rendered":"http:\/\/tobiseskader.se\/?page_id=1195"},"modified":"2014-10-07T09:13:21","modified_gmt":"2014-10-07T08:13:21","slug":"tidigare-flykter","status":"publish","type":"page","link":"http:\/\/tobiseskader.se\/?page_id=1195","title":{"rendered":"Tidigare flykter"},"content":{"rendered":"<p>N\u00e4r &#8221;Tobisar&#8221; ger sej iv\u00e4g i grupp kallas dessa f\u00f6r &#8221;flykter&#8221;. Den vanligaste \u00e4r en sommareskader i n\u00e4rliggande farvatten med egna b\u00e5tar. N\u00e4r vi reser l\u00e4ngre och hyr b\u00e5tar kallas dessa f\u00f6r &#8221;fj\u00e4rrflykter&#8221;. D\u00e4rut\u00f6ver f\u00f6rekommer en del sport-, kultur- och kulinar-flykter.<\/p>\n","protected":false},"excerpt":{"rendered":"<p>N\u00e4r &#8221;Tobisar&#8221; ger sej iv\u00e4g i grupp kallas dessa f\u00f6r &#8221;flykter&#8221;. Den vanligaste \u00e4r en sommareskader i n\u00e4rliggande farvatten med egna b\u00e5tar. N\u00e4r vi reser l\u00e4ngre och hyr b\u00e5tar kallas dessa f\u00f6r &#8221;fj\u00e4rrflykter&#8221;. D\u00e4rut\u00f6ver f\u00f6rekommer en del sport-, kultur- och &hellip; <a href=\"http:\/\/tobiseskader.se\/?page_id=1195\">Forts\u00e4tt l\u00e4sa <span class=\"meta-nav\">&rarr;<\/span><\/a><\/p>\n","protected":false},"author":2,"featured_media":0,"parent":0,"menu_order":6,"comment_status":"closed","ping_status":"closed","template":"","meta":{"ngg_post_thumbnail":0,"footnotes":""},"class_list":["post-1195","page","type-page","status-publish","hentry"],"_links":{"self":[{"href":"http:\/\/tobiseskader.se\/index.php?rest_route=\/wp\/v2\/pages\/1195","targetHints":{"allow":["GET"]}}],"collection":[{"href":"http:\/\/tobiseskader.se\/index.php?rest_route=\/wp\/v2\/pages"}],"about":[{"href":"http:\/\/tobiseskader.se\/index.php?rest_route=\/wp\/v2\/types\/page"}],"author":[{"embeddable":true,"href":"http:\/\/tobiseskader.se\/index.php?rest_route=\/wp\/v2\/users\/2"}],"replies":[{"embeddable":true,"href":"http:\/\/tobiseskader.se\/index.php?rest_route=%2Fwp%2Fv2%2Fcomments&post=1195"}],"version-history":[{"count":1,"href":"http:\/\/tobiseskader.se\/index.php?rest_route=\/wp\/v2\/pages\/1195\/revisions"}],"predecessor-version":[{"id":1196,"href":"http:\/\/tobiseskader.se\/index.php?rest_route=\/wp\/v2\/pages\/1195\/revisions\/1196"}],"wp:attachment":[{"href":"http:\/\/tobiseskader.se\/index.php?rest_route=%2Fwp%2Fv2%2Fmedia&parent=1195"}],"curies":[{"name":"wp","href":"https:\/\/api.w.org\/{rel}","templated":true}]}}